{"id":7413,"date":"2024-02-06T13:10:15","date_gmt":"2024-02-06T13:10:15","guid":{"rendered":"https:\/\/dgtl-planet.com\/?page_id=7413"},"modified":"2025-01-12T00:31:36","modified_gmt":"2025-01-12T00:31:36","slug":"referanslar-gonder","status":"publish","type":"page","link":"https:\/\/dgtl-planet.media\/turkce_iptv\/referanslar-gonder\/","title":{"rendered":"Yan\u0131tlar-g\u00f6nder"},"content":{"rendered":"<style>.kadence-column7413_d8eede-ca > .kt-inside-inner-col,.kadence-column7413_d8eede-ca > .kt-inside-inner-col:before{border-top-left-radius:0px;border-top-right-radius:0px;border-bottom-right-radius:0px;border-bottom-left-radius:0px;}.kadence-column7413_d8eede-ca > .kt-inside-inner-col{column-gap:var(--global-kb-gap-sm, 1rem);}.kadence-column7413_d8eede-ca > .kt-inside-inner-col{flex-direction:column;}.kadence-column7413_d8eede-ca > .kt-inside-inner-col > .aligncenter{width:100%;}.kadence-column7413_d8eede-ca > .kt-inside-inner-col:before{opacity:0.3;}.kadence-column7413_d8eede-ca{position:relative;}@media all and (max-width: 1024px){.kadence-column7413_d8eede-ca > .kt-inside-inner-col{flex-direction:column;justify-content:center;}}@media all and (max-width: 767px){.kadence-column7413_d8eede-ca > .kt-inside-inner-col{flex-direction:column;justify-content:center;}}<\/style>\n<div class=\"wp-block-kadence-column kadence-column7413_d8eede-ca\"><div class=\"kt-inside-inner-col\">\n<h1 class=\"wp-block-heading alignwide has-text-align-center\" id=\"h-referral-program\"><mark style=\"background-color:rgba(0, 0, 0, 0)\" class=\"has-inline-color has-theme-palette-1-color\">Y\u00f6nlendirme Program\u0131<\/mark><\/h1>\n<\/div><\/div>\n\n\n<style>.kadence-column7413_3205c4-60 > .kt-inside-inner-col,.kadence-column7413_3205c4-60 > .kt-inside-inner-col:before{border-top-left-radius:0px;border-top-right-radius:0px;border-bottom-right-radius:0px;border-bottom-left-radius:0px;}.kadence-column7413_3205c4-60 > .kt-inside-inner-col{column-gap:var(--global-kb-gap-sm, 1rem);}.kadence-column7413_3205c4-60 > .kt-inside-inner-col{flex-direction:column;}.kadence-column7413_3205c4-60 > .kt-inside-inner-col > .aligncenter{width:100%;}.kadence-column7413_3205c4-60 > .kt-inside-inner-col:before{opacity:0.3;}.kadence-column7413_3205c4-60{position:relative;}@media all and (max-width: 1024px){.kadence-column7413_3205c4-60 > .kt-inside-inner-col{flex-direction:column;justify-content:center;}}@media all and (max-width: 767px){.kadence-column7413_3205c4-60 > .kt-inside-inner-col{flex-direction:column;justify-content:center;}}<\/style>\n<div class=\"wp-block-kadence-column kadence-column7413_3205c4-60\"><div class=\"kt-inside-inner-col\">\n\n<style>.kadence-column7413_052f7b-26 > .kt-inside-inner-col,.kadence-column7413_052f7b-26 > .kt-inside-inner-col:before{border-top-left-radius:0px;border-top-right-radius:0px;border-bottom-right-radius:0px;border-bottom-left-radius:0px;}.kadence-column7413_052f7b-26 > .kt-inside-inner-col{column-gap:var(--global-kb-gap-sm, 1rem);}.kadence-column7413_052f7b-26 > .kt-inside-inner-col{flex-direction:column;}.kadence-column7413_052f7b-26 > .kt-inside-inner-col > .aligncenter{width:100%;}.kadence-column7413_052f7b-26 > .kt-inside-inner-col:before{opacity:0.3;}.kadence-column7413_052f7b-26{position:relative;}@media all and (max-width: 1024px){.kadence-column7413_052f7b-26 > .kt-inside-inner-col{flex-direction:column;justify-content:center;}}@media all and (max-width: 767px){.kadence-column7413_052f7b-26 > .kt-inside-inner-col{flex-direction:column;justify-content:center;}}<\/style>\n<div class=\"wp-block-kadence-column kadence-column7413_052f7b-26\"><div class=\"kt-inside-inner-col\">\n<h2 class=\"wp-block-heading\" id=\"h-referral-program-rules\"><strong>Y\u00f6nlendirme Program\u0131 Kurallar\u0131:<\/strong><\/h2>\n\n\n\n<p>Tavsiye program\u0131m\u0131za kat\u0131lmak i\u00e7in IPTV hizmetlerimiz hakk\u0131nda arkada\u015flar\u0131n\u0131za, ailenize veya harika e\u011flenceden ho\u015flanan herkese bilgi vermeniz yeterlidir. Tavsiyenizi kullanarak kay\u0131t olduklar\u0131nda, 1 ayl\u0131k \u00fccretsiz IPTV aboneli\u011fi alacaks\u0131n\u0131z. Kaydolduktan sonra, l\u00fctfen verilen form arac\u0131l\u0131\u011f\u0131yla her ikinizin de e-posta adreslerini sa\u011flay\u0131n. Abonelikleri etkinle\u015ftirildi\u011finde, \u00f6d\u00fcl\u00fcn\u00fcz\u00fc alacaks\u0131n\u0131z.<\/p>\n\n\n\n<p> IPTV toplulu\u011fumuzu b\u00fcy\u00fctmemize yard\u0131mc\u0131 oldu\u011funuz i\u00e7in te\u015fekk\u00fcr ederiz!<\/p>\n<\/div><\/div>\n\n\n<style>.kadence-column7413_6b4a04-c0 > .kt-inside-inner-col,.kadence-column7413_6b4a04-c0 > .kt-inside-inner-col:before{border-top-left-radius:0px;border-top-right-radius:0px;border-bottom-right-radius:0px;border-bottom-left-radius:0px;}.kadence-column7413_6b4a04-c0 > .kt-inside-inner-col{column-gap:var(--global-kb-gap-sm, 1rem);}.kadence-column7413_6b4a04-c0 > .kt-inside-inner-col{flex-direction:column;}.kadence-column7413_6b4a04-c0 > .kt-inside-inner-col > .aligncenter{width:100%;}.kadence-column7413_6b4a04-c0 > .kt-inside-inner-col:before{opacity:0.3;}.kadence-column7413_6b4a04-c0{position:relative;}@media all and (max-width: 1024px){.kadence-column7413_6b4a04-c0 > .kt-inside-inner-col{flex-direction:column;justify-content:center;}}@media all and (max-width: 767px){.kadence-column7413_6b4a04-c0 > .kt-inside-inner-col{flex-direction:column;justify-content:center;}}<\/style>\n<div class=\"wp-block-kadence-column kadence-column7413_6b4a04-c0\"><div class=\"kt-inside-inner-col\"><div class=\"aligncenter wp-block-site-logo\"><a href=\"https:\/\/dgtl-planet.media\/turkce_iptv\/\" class=\"custom-logo-link\" rel=\"home\"><img decoding=\"async\" width=\"250\" height=\"80\" src=\"https:\/\/dgtl-planet.media\/wp-content\/uploads\/2023\/04\/DIGITAL-PLANET-1-1.png\" class=\"custom-logo\" alt=\"iptv, uk iptv, polska telewizja iptv w uk, iptv aboneli\u011fi, iptv one, fire stick iptv, iptv online, mom iptv, iptv best app, top 5 iptv providers, iptv m3u, iptv smarters pro subscription, best iptv for firestick 2023 uk, iptv vod, iptv polska w uk, firestick iptv aboneli\u011fi, iptv aboneli\u011fi uk, tivimate iptv aboneli\u011fi, polska iptv w uk, xtream iptv sat\u0131n al, iptv \u00fcst kutusu, xtream iptv sat\u0131n al, iptv harika, kodi i\u00e7in en iyi iptv, iptv i\u00e7erik sa\u011flay\u0131c\u0131lar\u0131, en iyi iptv aboneli\u011fi uk, iptv incelemeleri, firestick iptv uk, indian iptv uk, iptv sub, en iyi iptv m3u listesi, iptv firestick uk, tv ip, iptv sat\u0131n al, bunnystreams iptv, iptv smarters pro sat\u0131n al, uk m3u, firestick iptv hizmetleri, premium iptv hizmeti, iptv 1 ay, en iyi iptv \u00e7ubu\u011fu, \u0130ngiltere merkezli iptv, iptv smarters uk, premier lig i\u00e7in en iyi iptv, iptv kanallar\u0131 \u00e7evrimi\u00e7i, en iyi iptv firestick uk, 4k iptv hizmeti, ak\u0131ll\u0131 tv i\u00e7in en iyi iptv, iptv firestick 2023, en iyi firestick iptv, sky iptv uk, iptv canl\u0131 yay\u0131n, iptv kanal\u0131, en iyi iptv aboneli\u011fi, fire tv stick i\u00e7in iptv, en iyi iptv hizmeti, premium iptv uk, iptv ak\u0131\u015f hizmeti, 4k iptv uk, beste ip tv, one iptv uk, iptv smarters pro sat\u0131n al, firestick iptv sa\u011flay\u0131c\u0131lar\u0131, iptv kanallar\u0131 sat\u0131n al, homeplex iptv, ip tv stick, iptv tv sa\u011flay\u0131c\u0131lar\u0131, android i\u00e7in iptv, ucuz iptv aboneli\u011fi, buybestiptv, internet iptv kutusu, 4k firestick iptv, ak\u0131ll\u0131 tv ak\u0131ll\u0131 iptv, m3u aboneli\u011fi, samsung tv i\u00e7in en iyi iptv, en iyi iptv hizmeti, ip tv tv, en iyi ip tv hizmeti, uk iptv firestick, t\u00fcm kanallar iptv, amazon fire stick iptv, en iyi iptv m3u, lg tv i\u00e7in en iyi iptv, \u00e7evrimi\u00e7i tv iptv, \u0130ngiltere&#039;de iptv aboneli\u011fi, en iyi iptv samsung, firestick&#039;te iptv, iptv ak\u0131\u015flar\u0131 uk, bestiptvservice, iptv kanal sa\u011flay\u0131c\u0131s\u0131, internet iptv, iptv 4k sa\u011flay\u0131c\u0131s\u0131, evet iptv kanal listesi, spor i\u00e7in iptv, ipad i\u00e7in en iyi iptv, uk based iptv providers, iptv offer, adult tv iptv, iptv box subscription, best of iptv, best iptv for, iptv subscription providers, uk best iptv service, 4k iptv provider, best iptv for fire stick, iptv channel url, iptv subscription tv, android iptv, en iyi ak\u0131\u015f iptv hizmeti, iptv ak\u0131\u015f sa\u011flay\u0131c\u0131s\u0131, m3u tv, iptv aboneli\u011fi sat\u0131n al uk, en iyi ak\u0131\u015flar iptv, iptv uk sporlar\u0131, canl\u0131 iptv kodi, en iyi iptv premier ligi, iptv \u00e7evrimi\u00e7i abonelik, en iyi iptv sunucusu, iptv spor tv, en iyi iptv web sitesi, iptv abonelik paketleri, uk kanallar\u0131 i\u00e7in en iyi iptv, en iyi iptv listesi, premium iptv sat\u0131n al, en iyi iptv servis sa\u011flay\u0131c\u0131lar\u0131, iptv en iyi teklif, android tv iptv, d\u00fcnya \u00e7ap\u0131nda en iyi iptv, uk en iyi iptv, t\u00fcm iptv hizmetleri, kusursuz iptv, iptv servis sa\u011flay\u0131c\u0131 usa, kodi uk kanallar\u0131, iptv ak\u0131\u015flar\u0131 sat\u0131n al, spor uk i\u00e7in en iyi iptv, en h\u0131zl\u0131 iptv, premium iptv sa\u011flay\u0131c\u0131s\u0131, evet iptv kanallar\u0131, tv&#039;de iptv, firestick uk i\u00e7in en iyi iptv, tv&#039;ye iptv ak\u0131\u015f\u0131, ip tv hizmeti, iptv en iyisi, iptv \u015firketleri, uk&#039;de iptv romanya, android i\u00e7in en iyi iptv hizmeti, en iyi iptv tv, iptv premium kanallar\u0131, \u00fccretli iptv aboneli\u011fi, en iyi ott iptv, iptv ak\u0131ll\u0131 sat\u0131n al, mag box aboneli\u011fi uk, iptv ak\u0131\u015f\u0131, televizyon iptv, en iyi iptv ak\u0131\u015f hizmeti, y\u00fcksek kaliteli iptv, ppv i\u00e7in en iyi iptv, iyi iptv hizmeti, en iyi ate\u015f \u00e7ubu\u011fu iptv, iptv ayl\u0131k abonelik, iptv isko\u00e7ya, ip tv \u00e7evrimi\u00e7i, iptv hizmeti uk, kusursuz iptv uk, m3u dosyalar\u0131, arabelle\u011fe alma olmadan en iyi iptv, firestick i\u00e7in iptv sa\u011flay\u0131c\u0131lar\u0131, canl\u0131 sporlar i\u00e7in en iyi iptv, en iyi iptv kutusu, ip tv canl\u0131, iptv yeni, 4k iptv aboneli\u011fi, m3u listesi sat\u0131n al, m3u url, en iyi iptv sunucusu uk, iyi iptv sa\u011flay\u0131c\u0131lar\u0131, firestick i\u00e7in en iyi iptv sa\u011flay\u0131c\u0131s\u0131, mag kutusu i\u00e7in en iyi iptv, \u0130ngiltere&#039;deki en iyi iptv, fire cube iptv, en iyi 10 iptv sa\u011flay\u0131c\u0131s\u0131, fire tv iptv, iptv web sitesi, iptv sunucu aboneli\u011fi, ak\u0131ll\u0131 iptv aboneli\u011fi, android box tv iptv, amazon fire tv iptv, en iyi iptv aboneli\u011fi, \u00e7evrimi\u00e7i iptv sat\u0131n al, yeti\u015fkin kanal\u0131 iptv, ak\u0131ll\u0131 tv i\u00e7in iptv, \u00fccretli iptv, en iyi \u00fccretli iptv hizmeti, vod i\u00e7in en iyi iptv, tivimate i\u00e7in en iyi iptv sa\u011flay\u0131c\u0131s\u0131, en iyi ip tv, iptv web tv, en iyi iptv abonelik hizmeti, tv&#039;deki ip kanallar\u0131, iptv paneli sat\u0131n al, m3u oynatma listesi sat\u0131n al, ip tv en iyi, iptv yay\u0131nc\u0131lar\u0131, ip tv paketi, mag i\u00e7in en iyi iptv, en iyi iptv paketi, en iyi iptv abonelik sa\u011flay\u0131c\u0131lar\u0131, en iyi iptv 4k\" srcset=\"https:\/\/dgtl-planet.media\/wp-content\/uploads\/2023\/04\/DIGITAL-PLANET-1-1.png 625w, https:\/\/dgtl-planet.media\/wp-content\/uploads\/2023\/04\/DIGITAL-PLANET-1-1-300x96.png 300w\" sizes=\"(max-width: 250px) 100vw, 250px\" \/><\/a><\/div><\/div><\/div>\n<\/div><\/div>","protected":false},"excerpt":{"rendered":"<p>Referral Program Referral Program Rules: To participate in our referral program, simply spread the word about our IPTV services to your friends, family, or anyone who enjoys great entertainment. When they sign up using your referral, and you will receive a complimentary 1-month IPTV subscription. After they sign up, please provide both of your email&#8230;<\/p>","protected":false},"author":1,"featured_media":0,"parent":0,"menu_order":0,"comment_status":"closed","ping_status":"closed","template":"","meta":{"_kadence_starter_templates_imported_post":false,"_kad_post_transparent":"","_kad_post_title":"","_kad_post_layout":"","_kad_post_sidebar_id":"","_kad_post_content_style":"","_kad_post_vertical_padding":"","_kad_post_feature":"","_kad_post_feature_position":"","_kad_post_header":false,"_kad_post_footer":false,"_kad_post_classname":"","_joinchat":[],"footnotes":""},"class_list":["post-7413","page","type-page","status-publish","hentry"],"_links":{"self":[{"href":"https:\/\/dgtl-planet.media\/turkce_iptv\/wp-json\/wp\/v2\/pages\/7413","targetHints":{"allow":["GET"]}}],"collection":[{"href":"https:\/\/dgtl-planet.media\/turkce_iptv\/wp-json\/wp\/v2\/pages"}],"about":[{"href":"https:\/\/dgtl-planet.media\/turkce_iptv\/wp-json\/wp\/v2\/types\/page"}],"author":[{"embeddable":true,"href":"https:\/\/dgtl-planet.media\/turkce_iptv\/wp-json\/wp\/v2\/users\/1"}],"replies":[{"embeddable":true,"href":"https:\/\/dgtl-planet.media\/turkce_iptv\/wp-json\/wp\/v2\/comments?post=7413"}],"version-history":[{"count":7,"href":"https:\/\/dgtl-planet.media\/turkce_iptv\/wp-json\/wp\/v2\/pages\/7413\/revisions"}],"predecessor-version":[{"id":8658,"href":"https:\/\/dgtl-planet.media\/turkce_iptv\/wp-json\/wp\/v2\/pages\/7413\/revisions\/8658"}],"wp:attachment":[{"href":"https:\/\/dgtl-planet.media\/turkce_iptv\/wp-json\/wp\/v2\/media?parent=7413"}],"curies":[{"name":"wp","href":"https:\/\/api.w.org\/{rel}","templated":true}]}}