{"id":3,"date":"2022-06-05T09:02:36","date_gmt":"2022-06-05T09:02:36","guid":{"rendered":"https:\/\/nouhefikri.ml\/?page_id=3"},"modified":"2025-01-15T19:58:53","modified_gmt":"2025-01-15T19:58:53","slug":"gi%cc%87zli%cc%87li%cc%87k-poli%cc%87ti%cc%87kalari","status":"publish","type":"page","link":"https:\/\/dgtl-planet.media\/turkce_iptv\/gi%cc%87zli%cc%87li%cc%87k-poli%cc%87ti%cc%87kalari\/","title":{"rendered":"Gizlilik Politikas\u0131"},"content":{"rendered":"<div data-elementor-type=\"wp-page\" data-elementor-id=\"3\" class=\"elementor elementor-3\" data-elementor-post-type=\"page\">\n\t\t\t\t\t\t<section class=\"elementor-section elementor-top-section elementor-element elementor-element-2600d196 elementor-section-boxed elementor-section-height-default elementor-section-height-default\" data-id=\"2600d196\" data-element_type=\"section\" data-e-type=\"section\">\n\t\t\t\t\t\t<div class=\"elementor-container elementor-column-gap-default\">\n\t\t\t\t\t<div class=\"elementor-column elementor-col-100 elementor-top-column elementor-element elementor-element-1e9a1500\" data-id=\"1e9a1500\" data-element_type=\"column\" data-e-type=\"column\">\n\t\t\t<div class=\"elementor-widget-wrap elementor-element-populated\">\n\t\t\t\t\t\t<div class=\"elementor-element elementor-element-226faaf elementor-widget elementor-widget-heading\" data-id=\"226faaf\" data-element_type=\"widget\" data-e-type=\"widget\" data-widget_type=\"heading.default\">\n\t\t\t\t\t<h2 class=\"elementor-heading-title elementor-size-default\">Gizlilik Politikas\u0131<\/h2>\t\t\t\t<\/div>\n\t\t\t\t<div class=\"elementor-element elementor-element-6c05c512 elementor-widget elementor-widget-text-editor\" data-id=\"6c05c512\" data-element_type=\"widget\" data-e-type=\"widget\" data-widget_type=\"text-editor.default\">\n\t\t\t\t\t\t\t\t\t<p>Gizlilik politikam\u0131z ki\u015fisel bilgilerinizi nas\u0131l toplad\u0131\u011f\u0131m\u0131z\u0131, kulland\u0131\u011f\u0131m\u0131z\u0131 ve korudu\u011fumuzu \u00f6zetlemektedir. Web sitemizi ziyaret ederek, bu politikada a\u00e7\u0131klanan uygulamalar\u0131 kabul etmi\u015f olursunuz. Yaln\u0131zca taleplerinizi i\u015fleme koymak ve talep etti\u011finiz hizmetleri size sa\u011flamak i\u00e7in gerekli olan ki\u015fisel bilgileri toplar\u0131z. Bu bilgiler ad\u0131n\u0131z\u0131, adresinizi, telefon numaran\u0131z\u0131, \u00f6deme bilgilerinizi ve daha fazlas\u0131n\u0131 i\u00e7erebilir. Bu bilgileri hesab\u0131n\u0131z\u0131 y\u00f6netmek, taleplerinizi i\u015fleme koymak ve \u00fcr\u00fcnlerimiz ve hizmetlerimiz hakk\u0131nda sizinle ileti\u015fim kurmak i\u00e7in kullan\u0131r\u0131z. Sipari\u015flerinizi yerine getirmek i\u00e7in bilgilerinizi teslimat acenteleri veya tedarik\u00e7iler gibi \u00fc\u00e7\u00fcnc\u00fc taraflarla payla\u015fabiliriz. Bilgilerinizi pazarlama ara\u015ft\u0131rmalar\u0131 ve anketler i\u00e7in de kullanabiliriz, ancak istedi\u011finiz zaman vazge\u00e7ebilirsiniz. Yasalar\u0131n gerektirdi\u011fi durumlar d\u0131\u015f\u0131nda, bilgilerinizi sizin onay\u0131n\u0131z olmadan \u00fc\u00e7\u00fcnc\u00fc taraflara satmay\u0131z veya if\u015fa etmeyiz. Web sitemiz, bizim sorumlu olmad\u0131\u011f\u0131m\u0131z reklamlar veya di\u011fer web sitelerine ba\u011flant\u0131lar i\u00e7erebilir.<\/p>\t\t\t\t\t\t\t\t<\/div>\n\t\t\t\t\t<\/div>\n\t\t<\/div>\n\t\t\t\t\t<\/div>\n\t\t<\/section>\n\t\t\t\t<\/div>","protected":false},"excerpt":{"rendered":"<p>Gizlilik Politikas\u0131 Gizlilik politikam\u0131z ki\u015fisel bilgilerinizi nas\u0131l toplad\u0131\u011f\u0131m\u0131z\u0131, kulland\u0131\u011f\u0131m\u0131z\u0131 ve korudu\u011fumuzu \u00f6zetlemektedir. Web sitemizi ziyaret ederek, bu politikada a\u00e7\u0131klanan uygulamalar\u0131 kabul etmi\u015f olursunuz. Yaln\u0131zca taleplerinizi i\u015fleme koymak ve talep etti\u011finiz hizmetleri size sa\u011flamak i\u00e7in gerekli olan ki\u015fisel bilgileri toplar\u0131z. Bu bilgiler ad\u0131n\u0131z\u0131, adresinizi, ... i\u00e7erebilir.<\/p>","protected":false},"author":1,"featured_media":0,"parent":0,"menu_order":0,"comment_status":"closed","ping_status":"closed","template":"","meta":{"_kadence_starter_templates_imported_post":false,"_kad_post_transparent":"","_kad_post_title":"","_kad_post_layout":"","_kad_post_sidebar_id":"","_kad_post_content_style":"","_kad_post_vertical_padding":"","_kad_post_feature":"","_kad_post_feature_position":"","_kad_post_header":false,"_kad_post_footer":false,"_kad_post_classname":"","_joinchat":[],"footnotes":""},"class_list":["post-3","page","type-page","status-publish","hentry"],"_links":{"self":[{"href":"https:\/\/dgtl-planet.media\/turkce_iptv\/wp-json\/wp\/v2\/pages\/3","targetHints":{"allow":["GET"]}}],"collection":[{"href":"https:\/\/dgtl-planet.media\/turkce_iptv\/wp-json\/wp\/v2\/pages"}],"about":[{"href":"https:\/\/dgtl-planet.media\/turkce_iptv\/wp-json\/wp\/v2\/types\/page"}],"author":[{"embeddable":true,"href":"https:\/\/dgtl-planet.media\/turkce_iptv\/wp-json\/wp\/v2\/users\/1"}],"replies":[{"embeddable":true,"href":"https:\/\/dgtl-planet.media\/turkce_iptv\/wp-json\/wp\/v2\/comments?post=3"}],"version-history":[{"count":24,"href":"https:\/\/dgtl-planet.media\/turkce_iptv\/wp-json\/wp\/v2\/pages\/3\/revisions"}],"predecessor-version":[{"id":5527,"href":"https:\/\/dgtl-planet.media\/turkce_iptv\/wp-json\/wp\/v2\/pages\/3\/revisions\/5527"}],"wp:attachment":[{"href":"https:\/\/dgtl-planet.media\/turkce_iptv\/wp-json\/wp\/v2\/media?parent=3"}],"curies":[{"name":"wp","href":"https:\/\/api.w.org\/{rel}","templated":true}]}}