{"id":1306,"date":"2022-06-10T08:00:41","date_gmt":"2022-06-10T08:00:41","guid":{"rendered":"https:\/\/nouhefikri.ml\/?page_id=1306"},"modified":"2025-01-15T20:22:51","modified_gmt":"2025-01-15T20:22:51","slug":"nasil-odeme-yapilir","status":"publish","type":"page","link":"https:\/\/dgtl-planet.media\/turkce_iptv\/nasil-odeme-yapilir\/","title":{"rendered":"\u00d6deme Y\u00f6ntemleri"},"content":{"rendered":"<div data-elementor-type=\"wp-page\" data-elementor-id=\"1306\" class=\"elementor elementor-1306\" data-elementor-post-type=\"page\">\n\t\t\t\t\t\t<section class=\"elementor-section elementor-top-section elementor-element elementor-element-e0dd661 elementor-section-boxed elementor-section-height-default elementor-section-height-default\" data-id=\"e0dd661\" data-element_type=\"section\" data-e-type=\"section\">\n\t\t\t\t\t\t<div class=\"elementor-container elementor-column-gap-default\">\n\t\t\t\t\t<div class=\"elementor-column elementor-col-100 elementor-top-column elementor-element elementor-element-381b23b\" data-id=\"381b23b\" data-element_type=\"column\" data-e-type=\"column\">\n\t\t\t<div class=\"elementor-widget-wrap elementor-element-populated\">\n\t\t\t\t\t\t<div class=\"elementor-element elementor-element-33b91f5 elementor-widget elementor-widget-heading\" data-id=\"33b91f5\" data-element_type=\"widget\" data-e-type=\"widget\" data-widget_type=\"heading.default\">\n\t\t\t\t\t<h2 class=\"elementor-heading-title elementor-size-default\">\u00d6deme Y\u00f6ntemleri<\/h2>\t\t\t\t<\/div>\n\t\t\t\t\t<\/div>\n\t\t<\/div>\n\t\t\t\t\t<\/div>\n\t\t<\/section>\n\t\t\t\t<section class=\"elementor-section elementor-top-section elementor-element elementor-element-166e89f3 elementor-section-boxed elementor-section-height-default elementor-section-height-default\" data-id=\"166e89f3\" data-element_type=\"section\" data-e-type=\"section\">\n\t\t\t\t\t\t<div class=\"elementor-container elementor-column-gap-default\">\n\t\t\t\t\t<div class=\"elementor-column elementor-col-100 elementor-top-column elementor-element elementor-element-1fec782b\" data-id=\"1fec782b\" data-element_type=\"column\" data-e-type=\"column\">\n\t\t\t<div class=\"elementor-widget-wrap elementor-element-populated\">\n\t\t\t\t\t\t<div class=\"elementor-element elementor-element-710d7784 elementor-widget elementor-widget-text-editor\" data-id=\"710d7784\" data-element_type=\"widget\" data-e-type=\"widget\" data-widget_type=\"text-editor.default\">\n\t\t\t\t\t\t\t\t\t\n<p>Size kolayl\u0131k sa\u011flamak i\u00e7in \u00e7e\u015fitli \u00f6deme se\u00e7enekleri mevcuttur:<\/p>\n\n\n\n<ol class=\"wp-block-list\">\n<li><strong>Kredi\/Banka Kart\u0131:<\/strong> Gizli \u00fccret i\u00e7ermeyen bir a\u011f ge\u00e7idi \u00fczerinden g\u00fcvenli \u00f6deme.<\/li>\n\n\n\n<li><strong>PayPal:<\/strong> H\u0131zl\u0131 ve kolay \u00f6deme i\u00e7in kararla\u015ft\u0131r\u0131lan tutar\u0131 PayPal hesab\u0131m\u0131za aktar\u0131n.<\/li>\n\n\n\n<li><strong>Banka Havalesi: <\/strong>\u00d6demeyi do\u011frudan banka hesab\u0131m\u0131za aktar\u0131n. Banka bilgileri sat\u0131n alma i\u015fleminden sonra verilecektir.<\/li>\n\n\n\n<li><strong>Payoneer:<\/strong> Payoneer hesab\u0131n\u0131z \u00fczerinden \u00f6deme yap\u0131n. Do\u011frulama i\u00e7in \u00f6deme yapt\u0131ktan sonra i\u015flem kimli\u011fini ve Payoneer e-posta adresini sa\u011flay\u0131n<\/li>\n<\/ol>\n\t\t\t\t\t\t\t\t<\/div>\n\t\t\t\t\t<\/div>\n\t\t<\/div>\n\t\t\t\t\t<\/div>\n\t\t<\/section>\n\t\t\t\t<\/div>","protected":false},"excerpt":{"rendered":"<p>\u00d6deme Y\u00f6ntemleri Size kolayl\u0131k sa\u011flamak i\u00e7in \u00e7e\u015fitli \u00f6deme se\u00e7enekleri mevcuttur:<\/p>","protected":false},"author":1,"featured_media":0,"parent":0,"menu_order":0,"comment_status":"closed","ping_status":"closed","template":"","meta":{"_kadence_starter_templates_imported_post":false,"_kad_post_transparent":"","_kad_post_title":"","_kad_post_layout":"","_kad_post_sidebar_id":"","_kad_post_content_style":"","_kad_post_vertical_padding":"","_kad_post_feature":"","_kad_post_feature_position":"","_kad_post_header":false,"_kad_post_footer":false,"_kad_post_classname":"","_joinchat":[],"footnotes":""},"class_list":["post-1306","page","type-page","status-publish","hentry"],"_links":{"self":[{"href":"https:\/\/dgtl-planet.media\/turkce_iptv\/wp-json\/wp\/v2\/pages\/1306","targetHints":{"allow":["GET"]}}],"collection":[{"href":"https:\/\/dgtl-planet.media\/turkce_iptv\/wp-json\/wp\/v2\/pages"}],"about":[{"href":"https:\/\/dgtl-planet.media\/turkce_iptv\/wp-json\/wp\/v2\/types\/page"}],"author":[{"embeddable":true,"href":"https:\/\/dgtl-planet.media\/turkce_iptv\/wp-json\/wp\/v2\/users\/1"}],"replies":[{"embeddable":true,"href":"https:\/\/dgtl-planet.media\/turkce_iptv\/wp-json\/wp\/v2\/comments?post=1306"}],"version-history":[{"count":11,"href":"https:\/\/dgtl-planet.media\/turkce_iptv\/wp-json\/wp\/v2\/pages\/1306\/revisions"}],"predecessor-version":[{"id":5499,"href":"https:\/\/dgtl-planet.media\/turkce_iptv\/wp-json\/wp\/v2\/pages\/1306\/revisions\/5499"}],"wp:attachment":[{"href":"https:\/\/dgtl-planet.media\/turkce_iptv\/wp-json\/wp\/v2\/media?parent=1306"}],"curies":[{"name":"wp","href":"https:\/\/api.w.org\/{rel}","templated":true}]}}