{"id":1090,"date":"2020-12-02T20:10:28","date_gmt":"2020-12-02T20:10:28","guid":{"rendered":"https:\/\/startertemplatecloud.com\/g02\/?page_id=1090"},"modified":"2024-04-16T14:22:43","modified_gmt":"2024-04-16T14:22:43","slug":"hakkimizda","status":"publish","type":"page","link":"https:\/\/dgtl-planet.media\/turkce_iptv\/hakkimizda\/","title":{"rendered":"Hakk\u0131m\u0131zda"},"content":{"rendered":"<div data-elementor-type=\"wp-page\" data-elementor-id=\"1090\" class=\"elementor elementor-1090\" data-elementor-post-type=\"page\">\n\t\t\t\t\t\t<section class=\"elementor-section elementor-top-section elementor-element elementor-element-73a123e elementor-section-boxed elementor-section-height-default elementor-section-height-default\" data-id=\"73a123e\" data-element_type=\"section\" data-e-type=\"section\">\n\t\t\t\t\t\t<div class=\"elementor-container elementor-column-gap-default\">\n\t\t\t\t\t<div class=\"elementor-column elementor-col-100 elementor-top-column elementor-element elementor-element-3a26245\" data-id=\"3a26245\" data-element_type=\"column\" data-e-type=\"column\">\n\t\t\t<div class=\"elementor-widget-wrap elementor-element-populated\">\n\t\t\t\t\t\t<div class=\"elementor-element elementor-element-9f718ee elementor-widget elementor-widget-image\" data-id=\"9f718ee\" data-element_type=\"widget\" data-e-type=\"widget\" data-widget_type=\"image.default\">\n\t\t\t\t\t\t\t\t\t\t\t\t\t\t\t<img fetchpriority=\"high\" decoding=\"async\" width=\"625\" height=\"200\" src=\"https:\/\/dgtl-planet.media\/wp-content\/uploads\/2023\/04\/DIGITAL-PLANET-1-1.png\" class=\"attachment-medium_large size-medium_large wp-image-5957\" alt=\"iptv, uk iptv, polska telewizja iptv w uk, iptv aboneli\u011fi, iptv one, fire stick iptv, iptv online, mom iptv, iptv best app, top 5 iptv providers, iptv m3u, iptv smarters pro subscription, best iptv for firestick 2023 uk, iptv vod, iptv polska w uk, firestick iptv aboneli\u011fi, iptv aboneli\u011fi uk, tivimate iptv aboneli\u011fi, polska iptv w uk, xtream iptv sat\u0131n al, iptv \u00fcst kutusu, xtream iptv sat\u0131n al, iptv harika, kodi i\u00e7in en iyi iptv, iptv i\u00e7erik sa\u011flay\u0131c\u0131lar\u0131, en iyi iptv aboneli\u011fi uk, iptv incelemeleri, firestick iptv uk, indian iptv uk, iptv sub, en iyi iptv m3u listesi, iptv firestick uk, tv ip, iptv sat\u0131n al, bunnystreams iptv, iptv smarters pro sat\u0131n al, uk m3u, firestick iptv hizmetleri, premium iptv hizmeti, iptv 1 ay, en iyi iptv \u00e7ubu\u011fu, \u0130ngiltere merkezli iptv, iptv smarters uk, premier lig i\u00e7in en iyi iptv, iptv kanallar\u0131 \u00e7evrimi\u00e7i, en iyi iptv firestick uk, 4k iptv hizmeti, ak\u0131ll\u0131 tv i\u00e7in en iyi iptv, iptv firestick 2023, en iyi firestick iptv, sky iptv uk, iptv canl\u0131 yay\u0131n, iptv kanal\u0131, en iyi iptv aboneli\u011fi, fire tv stick i\u00e7in iptv, en iyi iptv hizmeti, premium iptv uk, iptv ak\u0131\u015f hizmeti, 4k iptv uk, beste ip tv, one iptv uk, iptv smarters pro sat\u0131n al, firestick iptv sa\u011flay\u0131c\u0131lar\u0131, iptv kanallar\u0131 sat\u0131n al, homeplex iptv, ip tv stick, iptv tv sa\u011flay\u0131c\u0131lar\u0131, android i\u00e7in iptv, ucuz iptv aboneli\u011fi, buybestiptv, internet iptv kutusu, 4k firestick iptv, ak\u0131ll\u0131 tv ak\u0131ll\u0131 iptv, m3u aboneli\u011fi, samsung tv i\u00e7in en iyi iptv, en iyi iptv hizmeti, ip tv tv, en iyi ip tv hizmeti, uk iptv firestick, t\u00fcm kanallar iptv, amazon fire stick iptv, en iyi iptv m3u, lg tv i\u00e7in en iyi iptv, \u00e7evrimi\u00e7i tv iptv, \u0130ngiltere&#039;de iptv aboneli\u011fi, en iyi iptv samsung, firestick&#039;te iptv, iptv ak\u0131\u015flar\u0131 uk, bestiptvservice, iptv kanal sa\u011flay\u0131c\u0131s\u0131, internet iptv, iptv 4k sa\u011flay\u0131c\u0131s\u0131, evet iptv kanal listesi, spor i\u00e7in iptv, ipad i\u00e7in en iyi iptv, uk based iptv providers, iptv offer, adult tv iptv, iptv box subscription, best of iptv, best iptv for, iptv subscription providers, uk best iptv service, 4k iptv provider, best iptv for fire stick, iptv channel url, iptv subscription tv, android iptv, en iyi ak\u0131\u015f iptv hizmeti, iptv ak\u0131\u015f sa\u011flay\u0131c\u0131s\u0131, m3u tv, iptv aboneli\u011fi sat\u0131n al uk, en iyi ak\u0131\u015flar iptv, iptv uk sporlar\u0131, canl\u0131 iptv kodi, en iyi iptv premier ligi, iptv \u00e7evrimi\u00e7i abonelik, en iyi iptv sunucusu, iptv spor tv, en iyi iptv web sitesi, iptv abonelik paketleri, uk kanallar\u0131 i\u00e7in en iyi iptv, en iyi iptv listesi, premium iptv sat\u0131n al, en iyi iptv servis sa\u011flay\u0131c\u0131lar\u0131, iptv en iyi teklif, android tv iptv, d\u00fcnya \u00e7ap\u0131nda en iyi iptv, uk en iyi iptv, t\u00fcm iptv hizmetleri, kusursuz iptv, iptv servis sa\u011flay\u0131c\u0131 usa, kodi uk kanallar\u0131, iptv ak\u0131\u015flar\u0131 sat\u0131n al, spor uk i\u00e7in en iyi iptv, en h\u0131zl\u0131 iptv, premium iptv sa\u011flay\u0131c\u0131s\u0131, evet iptv kanallar\u0131, tv&#039;de iptv, firestick uk i\u00e7in en iyi iptv, tv&#039;ye iptv ak\u0131\u015f\u0131, ip tv hizmeti, iptv en iyisi, iptv \u015firketleri, uk&#039;de iptv romanya, android i\u00e7in en iyi iptv hizmeti, en iyi iptv tv, iptv premium kanallar\u0131, \u00fccretli iptv aboneli\u011fi, en iyi ott iptv, iptv ak\u0131ll\u0131 sat\u0131n al, mag box aboneli\u011fi uk, iptv ak\u0131\u015f\u0131, televizyon iptv, en iyi iptv ak\u0131\u015f hizmeti, y\u00fcksek kaliteli iptv, ppv i\u00e7in en iyi iptv, iyi iptv hizmeti, en iyi ate\u015f \u00e7ubu\u011fu iptv, iptv ayl\u0131k abonelik, iptv isko\u00e7ya, ip tv \u00e7evrimi\u00e7i, iptv hizmeti uk, kusursuz iptv uk, m3u dosyalar\u0131, arabelle\u011fe alma olmadan en iyi iptv, firestick i\u00e7in iptv sa\u011flay\u0131c\u0131lar\u0131, canl\u0131 sporlar i\u00e7in en iyi iptv, en iyi iptv kutusu, ip tv canl\u0131, iptv yeni, 4k iptv aboneli\u011fi, m3u listesi sat\u0131n al, m3u url, en iyi iptv sunucusu uk, iyi iptv sa\u011flay\u0131c\u0131lar\u0131, firestick i\u00e7in en iyi iptv sa\u011flay\u0131c\u0131s\u0131, mag kutusu i\u00e7in en iyi iptv, \u0130ngiltere&#039;deki en iyi iptv, fire cube iptv, en iyi 10 iptv sa\u011flay\u0131c\u0131s\u0131, fire tv iptv, iptv web sitesi, iptv sunucu aboneli\u011fi, ak\u0131ll\u0131 iptv aboneli\u011fi, android box tv iptv, amazon fire tv iptv, en iyi iptv aboneli\u011fi, \u00e7evrimi\u00e7i iptv sat\u0131n al, yeti\u015fkin kanal\u0131 iptv, ak\u0131ll\u0131 tv i\u00e7in iptv, \u00fccretli iptv, en iyi \u00fccretli iptv hizmeti, vod i\u00e7in en iyi iptv, tivimate i\u00e7in en iyi iptv sa\u011flay\u0131c\u0131s\u0131, en iyi ip tv, iptv web tv, en iyi iptv abonelik hizmeti, tv&#039;deki ip kanallar\u0131, iptv paneli sat\u0131n al, m3u oynatma listesi sat\u0131n al, ip tv en iyi, iptv yay\u0131nc\u0131lar\u0131, ip tv paketi, mag i\u00e7in en iyi iptv, en iyi iptv paketi, en iyi iptv abonelik sa\u011flay\u0131c\u0131lar\u0131, en iyi iptv 4k\" srcset=\"https:\/\/dgtl-planet.media\/wp-content\/uploads\/2023\/04\/DIGITAL-PLANET-1-1.png 625w, https:\/\/dgtl-planet.media\/wp-content\/uploads\/2023\/04\/DIGITAL-PLANET-1-1-300x96.png 300w\" sizes=\"(max-width: 625px) 100vw, 625px\" \/>\t\t\t\t\t\t\t\t\t\t\t\t\t\t\t<\/div>\n\t\t\t\t\t<\/div>\n\t\t<\/div>\n\t\t\t\t\t<\/div>\n\t\t<\/section>\n\t\t\t\t<section class=\"elementor-section elementor-top-section elementor-element elementor-element-583fc8d elementor-section-boxed elementor-section-height-default elementor-section-height-default\" data-id=\"583fc8d\" data-element_type=\"section\" data-e-type=\"section\">\n\t\t\t\t\t\t<div class=\"elementor-container elementor-column-gap-default\">\n\t\t\t\t\t<div class=\"elementor-column elementor-col-50 elementor-top-column elementor-element elementor-element-fd3fe3d\" data-id=\"fd3fe3d\" data-element_type=\"column\" data-e-type=\"column\">\n\t\t\t<div class=\"elementor-widget-wrap elementor-element-populated\">\n\t\t\t\t\t\t<div class=\"elementor-element elementor-element-a319a85 elementor-widget elementor-widget-text-editor\" data-id=\"a319a85\" data-element_type=\"widget\" data-e-type=\"widget\" data-widget_type=\"text-editor.default\">\n\t\t\t\t\t\t\t\t\t<div><div><div><div><div><div><div><div>Ho\u015f geldiniz <strong>D\u0130J\u0130TAL GEZEGEN<\/strong>istikrarl\u0131 IPTV e\u011flencesi i\u00e7in nihai hedefiniz! \u0130ngiltere'deki en iyi IPTV sa\u011flay\u0131c\u0131s\u0131<\/div><div>\u00a0<\/div><div>\u00a0D\u00fcnya \u00e7ap\u0131nda 23.000'den fazla kanal ve 94.000 iste\u011fe ba\u011fl\u0131 video (VOD) ile t\u00fcm izleme tercihlerinize hitap eden kapsaml\u0131 bir koleksiyona sahibiz.<\/div><div>\u00a0<\/div><div>At <strong>D\u0130J\u0130TAL GEZEGEN<\/strong>Her \u015feyi taze ve heyecan verici tutmaya inan\u0131yoruz.<\/div><div>Bu nedenle kanal dizimizde ve VOD k\u00fct\u00fcphanemizde g\u00fcnl\u00fck g\u00fcncellemeler sa\u011fl\u0131yoruz,<\/div><div>E\u011flence ihtiya\u00e7lar\u0131n\u0131z i\u00e7in se\u00e7eneklerinizin asla t\u00fckenmemesini sa\u011flar.<\/div><\/div><\/div><\/div><\/div><\/div><\/div><\/div>\t\t\t\t\t\t\t\t<\/div>\n\t\t\t\t\t<\/div>\n\t\t<\/div>\n\t\t\t\t<div class=\"elementor-column elementor-col-50 elementor-top-column elementor-element elementor-element-182fffa\" data-id=\"182fffa\" data-element_type=\"column\" data-e-type=\"column\">\n\t\t\t<div class=\"elementor-widget-wrap elementor-element-populated\">\n\t\t\t\t\t\t<div class=\"elementor-element elementor-element-6017cdd elementor-widget elementor-widget-image\" data-id=\"6017cdd\" data-element_type=\"widget\" data-e-type=\"widget\" data-widget_type=\"image.default\">\n\t\t\t\t\t\t\t\t\t\t\t\t\t\t\t<img decoding=\"async\" width=\"768\" height=\"480\" src=\"https:\/\/dgtl-planet.media\/wp-content\/uploads\/2023\/02\/familywatachingtv-768x480.webp\" class=\"attachment-medium_large size-medium_large wp-image-5691\" alt=\"iptv uk iptv iptv aboneli\u011fi uk iptv iptv bayisi en iyi iptv uk iptvuk ukiptv iptv aboneli\u011fi uk \u0130ngiltere&#039;de en iyi iptv \u0130ngiltere&#039;de iptv sat\u0131n al iptv iptv uk aboneli\u011fi iptv abone ol en iyi uk iptv en iyi iptv ingiliz iptv birle\u015fik krall\u0131k iptv iptv sa\u011flay\u0131c\u0131 uk iptv sa\u011flay\u0131c\u0131lar\u0131 uk iptv en iyi uk iptv ana iptv \u0130ngiltere i\u00e7in uk iptv sa\u011flay\u0131c\u0131lar\u0131 iptv abonelikleri iptv sat\u0131n al iptv alt iptv \u0130ngiltere&#039;de iptv sa\u011flay\u0131c\u0131 bestiptv uk iptv sat\u0131c\u0131lar\u0131 uk iptv aboneli\u011fi en iyi iptv sa\u011flay\u0131c\u0131 uk iptv hizmet iptv bayi uk iptv abonelikleri uk en iyi uk iptv sa\u011flay\u0131c\u0131s\u0131 en iyi iptv sa\u011flay\u0131c\u0131lar\u0131 uk iptv uk sa\u011flay\u0131c\u0131lar\u0131 ip tv uk sat\u0131n alma iptv iptv hizmeti uk uk i\u00e7in en iyi iptv abonelik iptv iptv i\u00e7in uk futbol iptv sky sports iptv sa\u011flay\u0131c\u0131lar iptv en iyi iptv ak\u0131\u015f\u0131 iptv hizmetleri iptv sub uk iptv supscription iptv sat\u0131n alma iptv abonesi \u0130ngiltere&#039;deki iptv sa\u011flay\u0131c\u0131lar\u0131 iptv kanallar\u0131 iptv ak\u0131\u015flar\u0131 bestiptvuk en iyi iptv aboneli\u011fi iptv f\u0131rsatlar\u0131 iptv aboneli\u011fi iptv aboneli\u011fi. en iyi iptv hizmeti uk iptv aboneleri bestiptv iptv aboneli\u011fi hint iptv uk iptv abonelikleri iptvs uk&#039;deki en iyi iptv sa\u011flay\u0131c\u0131s\u0131 iptv spor iptv spor sat\u0131n al iptv aboneli\u011fi en iyi iptv sat\u0131c\u0131s\u0131 uk iptv sa\u011flay\u0131c\u0131s\u0131 en iyi iptv sa\u011flay\u0131c\u0131s\u0131 iptv uk kanallar\u0131 iptv kutusu tam y\u00fckl\u00fc uk sky sports iptv ip tv iptv paneli iptv \u0130ngiltere&#039;de abonelik iptv hizmetleri uk iptv tv iptv aboneli\u011fi iptv sat\u0131c\u0131lar\u0131 uk uk&#039;nin en iyi iptv&#039;si iptv kutusu tam y\u00fckl\u00fc uk en iyi iptv sa\u011flay\u0131c\u0131lar\u0131 en iyi iptv hizmeti en iyi iptv hizmetleri \u0130ngiltere&#039;deki en iyi iptv 2022 iptv tedarik\u00e7ileri en iyi uk iptv hizmetleri uk iptv hizmetleri iptv uk 2022 uk en iyi iptv \u0130ngiltere&#039;de en iyi iptv aboneli\u011fi iptv tv uk en iyi iptv 2022 uk en iyi iptv aboneli\u011fi uk anla\u015fma iptv en iyi ip tv sat\u0131l\u0131k iptv iptv&#039;niz en iyi uk iptv hizmeti spor iptv ip tv bayisi iptv klik iptv paketleri iptvbuy iptv fiyat\u0131 \u0130ngiltere&#039;deki en iyi yasal iptv uk iptv hizmeti iptv ak\u0131\u015f hizmeti iptv ak\u0131\u015f\u0131 spor iptv en iyi uk iptv sa\u011flay\u0131c\u0131lar\u0131 en iyi iptv uk 2023 iptv ak\u0131\u015f hizmetleri en iyi iptv ak\u0131\u015f\u0131 iptv iptv hint kanallar\u0131 en iyi ip tv uk virgin media engelleme iptv virgin engelleme iptv firestick i\u00e7in en iyi \u00fccretsiz iptv \u0130ngiltere&#039;deki en iyi iptv sa\u011flay\u0131c\u0131lar\u0131 \u0130ngiltere&#039;deki ak\u0131ll\u0131 iptv ucuz iptv uk one iptv bahisleri iptv spor i\u00e7in en iyi iptv b1g iptv en iyi iptv iptv en iyi senin-iptv iptv kutusu uk ip tv kutusu uk supa legacy iptv iptv for sky iptv futbol en iyi iptv abonelikleri abonelik iptv hizmeti mag box 4k tam y\u00fckl\u00fc en ucuz iptv uk iptv hindistan tv i\u00e7in iptv spor i\u00e7in iptv iptv tedarik\u00e7isi sky iptv ipyv iptv bayisi uk \u00d8\u00a7\u00d8\u00b4\u00d8\u00aa\u00d8\u00b1\u00d8\u00a7\u00d9\u0192 iptv iptv maliyeti en iyi uk firestick i\u00e7in iptv 2023 ip-tv ipvtv iptvklik iptv boxing tonight best legal iptv uk premium iptv tv best iptv for firestick 2022 uk recommended iptv providers britishiptv iptv legal uk iptv legal uk i p tv internet protocol tv box epg for iptv iptv guide iptv guide iptv does not work iptv legal in uk cheap iptv subscription iptv for firestick 2023 uk oneiptv.uk iptv kanal\u0131 firestick virgin media taraf\u0131ndan engellendi iptv virgin media iptv uk incelemeleri iptv ucuz iptvmain ucuz iptv iptv yasal m\u0131 uk en iyi iptv kutusu iptv roku yerle\u015fik vpn ile iptv iptv uk deneme iptv live uk&#039;de en iyi iptv firestick iptv kaydedici iptv en ucuz g\u00fc\u00e7l\u00fc iptv iptv + iptv yorumlar\u0131 bu gece boks ma\u00e7\u0131 i\u00e7in \u0130ngiltere kanal\u0131 iptv \u00fccretsiz deneme \u0130ngiltere \u0130ngiltere&#039;de Hint kanallar\u0131 nas\u0131l izlenir \u0130ngiltere iptv medya iptv \u0130ngiltere \u00fccretsiz deneme firestick&#039;te sky sports izle firestick i\u00e7in iptv 2022 \u0130ngiltere iptv premier lig uk sky sports iptv iptv uk yasal iptv uk yasal iptv kutular\u0131 uk iptv i\u00e7in en iyisi iptv&#039;yi yendi iptv \u00e7ok odal\u0131 \u00fccretsiz iptv uk \u00fccretsiz iptv uk iptvuk iptv uk \u00fccretsiz sky box office hangi kanal iptv \u0130ngiltere&#039;de yasal m\u0131 uk iptv m3u iptv yasad\u0131\u015f\u0131 m\u0131 uk uk iptv incelemeleri iptv yasad\u0131\u015f\u0131 m\u0131 iptv one iptv firestick 2023 uk ebay uk iptv aboneli\u011fi iptv paypal g\u00f6ky\u00fcz\u00fc e\u011flence kanallar\u0131 listesi iptv in uk \u00fccretsiz iptv in uk \u00fccretsiz amazon fire stick tam y\u00fckl\u00fc kanallar british iptv sky glass fully y\u00fckl\u00fc tv kutusu uk boks bu gece tv iptv premium iptv sunucular\u0131 isp&#039;nin iptv&#039;yi engelleyip engellemedi\u011fi nas\u0131l kontrol edilir en iyi iptv hizmetleri uk iptv mag box uk iptv online nas\u0131l alabilirim \u0130ngiltere&#039;de Hint kanallar\u0131 \u00fccretsiz uk iptv iptv aboneli\u011fi ebay uk iptvt iptv now en ucuz iptv roku iptv iptv yasad\u0131\u015f\u0131 en iyi \u00fccretsiz iptv firestick m\u00fckemmel iptv \u0130ngiltere&#039;de Hint kanallar\u0131n\u0131 izle iptv medya \u0130ngiltere&#039;de Hint tv kanallar\u0131 \u0130ngiltere&#039;de ak\u0131ll\u0131 iptv yasad\u0131\u015f\u0131 iptv spor iptv&#039;de spor iptv nedir iptv cezalar\u0131 \u0130ngiltere ne iptv virgin medya iptv sky sports gi\u015fe kanal numaras\u0131 yasad\u0131\u015f\u0131 iptv nas\u0131l \u00e7al\u0131\u015f\u0131r kont\u00f6r tv iptv kutular\u0131 iptv boks bu gece iptv sky iptv sky \u0130ngiltere&#039;de iptv yasal m\u0131 dahili vpn ile en iyi iptv iptv servis sa\u011flay\u0131c\u0131 \u00fccretsiz deneme iptv uk tyson fury fight tv channels uk ip tv box iptv shop indian tv channels uk yasal iptv sa\u011flay\u0131c\u0131lar\u0131 uk iptv kurulumu iptv internet sa\u011flay\u0131c\u0131s\u0131 taraf\u0131ndan engellendi h\u0131zl\u0131 iptv iptv yasad\u0131\u015f\u0131 uk firestick i\u00e7in en iyi uk iptv 2022 iptv nas\u0131l al\u0131n\u0131r ip tv stick iptv.online premium iptv firestick 2022 i\u00e7in en iyi iptv uk \u0130ngiltere&#039;de iptv yasal iptv yakalamak ile en iyi iptv yerle\u015fik- ilevpn iptv uk kutusunda bu gece boks hangi kanallarda tam y\u00fckl\u00fc iptv kutusu tam y\u00fckl\u00fc iptv kutusu firestick i\u00e7in en iyi iptv uk 2023 iptv sunucusu iptv izle iptv ne anlama geliyor iptv deneme uk b1g oynat\u0131c\u0131 firestick firestick i\u00e7in en iyi iptv 2023 uk uk iptv \u00fccretsiz supa eski internet protokol\u00fc tv hizmetleri iptv \u0130ngiltere&#039;de yasad\u0131\u015f\u0131 m\u0131 iptv arabelle\u011fe alma iptv kutusu tam y\u00fckl\u00fc iptv en iyi sa\u011flay\u0131c\u0131 yasal iptv uk iptvload daisy iptv nas\u0131l iptv alabilirim\" srcset=\"https:\/\/dgtl-planet.media\/wp-content\/uploads\/2023\/02\/familywatachingtv-768x480.webp 768w, https:\/\/dgtl-planet.media\/wp-content\/uploads\/2023\/02\/familywatachingtv-300x187.webp 300w, https:\/\/dgtl-planet.media\/wp-content\/uploads\/2023\/02\/familywatachingtv-1024x640.webp 1024w, https:\/\/dgtl-planet.media\/wp-content\/uploads\/2023\/02\/familywatachingtv-1536x960.webp 1536w, https:\/\/dgtl-planet.media\/wp-content\/uploads\/2023\/02\/familywatachingtv-2048x1280.webp 2048w\" sizes=\"(max-width: 768px) 100vw, 768px\" \/>\t\t\t\t\t\t\t\t\t\t\t\t\t\t\t<\/div>\n\t\t\t\t\t<\/div>\n\t\t<\/div>\n\t\t\t\t\t<\/div>\n\t\t<\/section>\n\t\t\t\t<section class=\"elementor-section elementor-top-section elementor-element elementor-element-74c8ea7 elementor-section-boxed elementor-section-height-default elementor-section-height-default\" data-id=\"74c8ea7\" data-element_type=\"section\" data-e-type=\"section\">\n\t\t\t\t\t\t<div class=\"elementor-container elementor-column-gap-default\">\n\t\t\t\t\t<div class=\"elementor-column elementor-col-100 elementor-top-column elementor-element elementor-element-cfa6879\" data-id=\"cfa6879\" data-element_type=\"column\" data-e-type=\"column\">\n\t\t\t<div class=\"elementor-widget-wrap elementor-element-populated\">\n\t\t\t\t\t\t<div class=\"elementor-element elementor-element-1a47367 elementor-widget elementor-widget-text-editor\" data-id=\"1a47367\" data-element_type=\"widget\" data-e-type=\"widget\" data-widget_type=\"text-editor.default\">\n\t\t\t\t\t\t\t\t\t<div style=\"box-sizing: border-box; display: flex; margin-bottom: var(--global-md-spacing); flex-wrap: nowrap !important; align-items: normal !important; margin-top: 0px;\">\n<div style=\"box-sizing: border-box; flex-grow: 0; min-width: 0px; word-break: break-word; overflow-wrap: break-word; flex-basis: 100%;\">\n<div style=\"box-sizing: border-box; margin-bottom: 0px;\">\n<div style=\"box-sizing: border-box; position: relative; border: 0px solid transparent; margin-bottom: 0px;\">\n<div style=\"box-sizing: border-box; padding: 0px 5.275px; display: flex; flex-wrap: nowrap; justify-content: space-between; position: relative; z-index: 10;\">\n<div style=\"box-sizing: border-box; display: flex; flex-direction: column; z-index: 1; min-width: 0px; min-height: 0px; flex: 1 1 0%; width: 0px; margin-right: 30px;\">\n<div style=\"box-sizing: border-box; border: 0px solid transparent; transition: all 0.3s ease 0s; padding: 20px 0px;\">\n<div style=\"box-sizing: border-box; display: flex; margin-bottom: var(--global-md-spacing); flex-wrap: nowrap !important; align-items: normal !important; margin-top: 0px;\">\n<div style=\"box-sizing: border-box; flex-grow: 0; min-width: 0px; word-break: break-word; overflow-wrap: break-word; flex-basis: 100%;\">\n<div style=\"box-sizing: border-box; margin-bottom: 0px;\">\n<div style=\"box-sizing: border-box; position: relative; border: 0px solid transparent;\">\n<div style=\"box-sizing: border-box; padding: 0px; display: flex; flex-wrap: nowrap; justify-content: space-between; position: relative; z-index: 10;\">\n<div style=\"box-sizing: border-box; display: flex; flex-direction: column; z-index: 1; min-width: 0px; min-height: 0px; flex: 1 1 0%; width: 0px; margin-right: 30px;\">\n<div style=\"box-sizing: border-box; border: 0px solid transparent; transition: all 0.3s ease 0s; padding-bottom: 0px; margin-bottom: 0px;\">\n<div style=\"color: #352e2e; text-align: center;\">At <strong>D\u0130J\u0130TAL GEZEGEN<\/strong>memnuniyetinize \u00f6ncelik veriyor ve WhatsApp ve E-posta \u00fczerinden 7\/24 m\u00fckemmel m\u00fc\u015fteri deste\u011fi sunuyoruz.<\/div>\n<div style=\"color: #352e2e; text-align: center;\">&nbsp;Birle\u015fik Krall\u0131k'taki 2.100'den fazla IPTV kullan\u0131c\u0131s\u0131ndan olu\u015fan toplulu\u011fumuza kat\u0131l\u0131n ve ola\u011fan\u00fcst\u00fc hizmeti deneyimleyin.<\/div>\n<div style=\"color: #352e2e; text-align: center;\">&nbsp;<\/div>\n<div style=\"color: #352e2e; text-align: center;\">Bize kat\u0131l\u0131n <strong>D\u0130J\u0130TAL GEZEGEN<\/strong> ve daha \u00f6nce hi\u00e7 olmad\u0131\u011f\u0131 gibi bir e\u011flence d\u00fcnyas\u0131n\u0131 deneyimleyin!<\/div>\n<\/div>\n<\/div>\n<\/div>\n<\/div>\n<\/div>\n<\/div>\n<\/div>\n<\/div>\n<\/div>\n<\/div>\n<\/div>\n<\/div>\n<\/div>\n<\/div>\t\t\t\t\t\t\t\t<\/div>\n\t\t\t\t\t<\/div>\n\t\t<\/div>\n\t\t\t\t\t<\/div>\n\t\t<\/section>\n\t\t\t\t<\/div>","protected":false},"excerpt":{"rendered":"<p>\u0130stikrarl\u0131 IPTV e\u011flencesi i\u00e7in nihai hedefiniz olan DIGITAL PLANET'e ho\u015f geldiniz! \u0130ngiltere'deki en iyi IPTV sa\u011flay\u0131c\u0131s\u0131 D\u00fcnya \u00e7ap\u0131nda 23.000'den fazla kanal ve 94.000 iste\u011fe ba\u011fl\u0131 video (VOD) ile t\u00fcm izleme tercihlerinize hitap eden geni\u015f bir koleksiyona sahibiz. DIGITAL PLANET olarak, her \u015feyi taze ve heyecan verici tutmaya inan\u0131yoruz, bu y\u00fczden kanallar\u0131m\u0131zda g\u00fcnl\u00fck g\u00fcncellemeler sa\u011fl\u0131yoruz...<\/p>","protected":false},"author":1,"featured_media":0,"parent":0,"menu_order":0,"comment_status":"closed","ping_status":"closed","template":"","meta":{"_kadence_starter_templates_imported_post":true,"_kad_post_transparent":"","_kad_post_title":"hide","_kad_post_layout":"fullwidth","_kad_post_sidebar_id":"","_kad_post_content_style":"unboxed","_kad_post_vertical_padding":"hide","_kad_post_feature":"","_kad_post_feature_position":"","_kad_post_header":false,"_kad_post_footer":false,"_kad_post_classname":"","_joinchat":[],"footnotes":""},"class_list":["post-1090","page","type-page","status-publish","hentry"],"_links":{"self":[{"href":"https:\/\/dgtl-planet.media\/turkce_iptv\/wp-json\/wp\/v2\/pages\/1090","targetHints":{"allow":["GET"]}}],"collection":[{"href":"https:\/\/dgtl-planet.media\/turkce_iptv\/wp-json\/wp\/v2\/pages"}],"about":[{"href":"https:\/\/dgtl-planet.media\/turkce_iptv\/wp-json\/wp\/v2\/types\/page"}],"author":[{"embeddable":true,"href":"https:\/\/dgtl-planet.media\/turkce_iptv\/wp-json\/wp\/v2\/users\/1"}],"replies":[{"embeddable":true,"href":"https:\/\/dgtl-planet.media\/turkce_iptv\/wp-json\/wp\/v2\/comments?post=1090"}],"version-history":[{"count":56,"href":"https:\/\/dgtl-planet.media\/turkce_iptv\/wp-json\/wp\/v2\/pages\/1090\/revisions"}],"predecessor-version":[{"id":7225,"href":"https:\/\/dgtl-planet.media\/turkce_iptv\/wp-json\/wp\/v2\/pages\/1090\/revisions\/7225"}],"wp:attachment":[{"href":"https:\/\/dgtl-planet.media\/turkce_iptv\/wp-json\/wp\/v2\/media?parent=1090"}],"curies":[{"name":"wp","href":"https:\/\/api.w.org\/{rel}","templated":true}]}}