{"id":10,"date":"2022-06-05T09:15:39","date_gmt":"2022-06-05T09:15:39","guid":{"rendered":"https:\/\/nouhefikri.ml\/?page_id=10"},"modified":"2026-01-28T13:43:42","modified_gmt":"2026-01-28T13:43:42","slug":"refund_returns_policy","status":"publish","type":"page","link":"https:\/\/dgtl-planet.media\/turkce_iptv\/refund_returns_policy\/","title":{"rendered":"Para \u0130adesi Politikas\u0131"},"content":{"rendered":"<div data-elementor-type=\"wp-page\" data-elementor-id=\"10\" class=\"elementor elementor-10\" data-elementor-post-type=\"page\">\n\t\t\t\t\t\t<section class=\"elementor-section elementor-top-section elementor-element elementor-element-2d5fcce0 elementor-section-boxed elementor-section-height-default elementor-section-height-default\" data-id=\"2d5fcce0\" data-element_type=\"section\" data-e-type=\"section\">\n\t\t\t\t\t\t<div class=\"elementor-container elementor-column-gap-default\">\n\t\t\t\t\t<div class=\"elementor-column elementor-col-100 elementor-top-column elementor-element elementor-element-1cab5e96\" data-id=\"1cab5e96\" data-element_type=\"column\" data-e-type=\"column\">\n\t\t\t<div class=\"elementor-widget-wrap elementor-element-populated\">\n\t\t\t\t\t\t<div class=\"elementor-element elementor-element-4eb098c elementor-widget elementor-widget-heading\" data-id=\"4eb098c\" data-element_type=\"widget\" data-e-type=\"widget\" data-widget_type=\"heading.default\">\n\t\t\t\t\t<h2 class=\"elementor-heading-title elementor-size-default\">Para \u0130adesi Politikas\u0131<\/h2>\t\t\t\t<\/div>\n\t\t\t\t<div class=\"elementor-element elementor-element-353c8ce9 elementor-widget elementor-widget-text-editor\" data-id=\"353c8ce9\" data-element_type=\"widget\" data-e-type=\"widget\" data-widget_type=\"text-editor.default\">\n\t\t\t\t\t\t\t\t\t<p data-start=\"189\" data-end=\"342\">\u00d6ncelikle bizden sat\u0131n almaya g\u00f6sterdi\u011finiz ilgi i\u00e7in te\u015fekk\u00fcr ederiz. Sipari\u015finizi tamamlamadan \u00f6nce l\u00fctfen iade politikam\u0131z\u0131 dikkatlice inceleyiniz.<\/p><p data-start=\"344\" data-end=\"523\">Aboneli\u011finiz etkinle\u015ftirildikten sonra (etkinle\u015ftirme, sipari\u015fi verdikten sonraki 24 saat i\u00e7inde ger\u00e7ekle\u015fir), bir <strong data-start=\"449\" data-end=\"490\">50% abonelik tutar\u0131n\u0131n iadesi<\/strong> iade talebi onaylan\u0131rsa.<\/p><p data-start=\"525\" data-end=\"734\">Herhangi bir geri \u00f6deme d\u00fc\u015f\u00fcn\u00fclmeden \u00f6nce, <strong data-start=\"558\" data-end=\"646\">sorun gidermek ve aboneli\u011finizin d\u00fczg\u00fcn \u00e7al\u0131\u015fmas\u0131n\u0131 sa\u011flamak i\u00e7in elimizden geleni yapaca\u011f\u0131z<\/strong>. Bu teknik kontrolleri, yap\u0131land\u0131rma yard\u0131m\u0131n\u0131 ve i\u00e7erik do\u011frulamay\u0131 i\u00e7erebilir.<\/p><p data-start=\"736\" data-end=\"965\">Hizmetin tamamen i\u015flevsel oldu\u011fu teyit edilirse ve <strong data-start=\"806\" data-end=\"859\">Bizim taraf\u0131m\u0131zda teknik veya hizmetle ilgili sorun yok<\/strong>, aboneli\u011fin s\u00f6z verildi\u011fi gibi teslim edildi\u011fi kabul edilecek ve <strong data-start=\"923\" data-end=\"964\">para iadesi i\u00e7in uygun olmayacaks\u0131n\u0131z<\/strong>.<\/p><p data-start=\"967\" data-end=\"1005\">Para iadesi talep etmek i\u00e7in \u015funlar\u0131 sa\u011flamal\u0131s\u0131n\u0131z:<\/p><ul data-start=\"1006\" data-end=\"1166\"><li data-start=\"1006\" data-end=\"1028\"><p data-start=\"1008\" data-end=\"1028\"><strong data-start=\"1008\" data-end=\"1028\">\u00d6deme kan\u0131t\u0131<\/strong><\/p><\/li><li data-start=\"1029\" data-end=\"1077\"><p data-start=\"1031\" data-end=\"1077\"><strong data-start=\"1031\" data-end=\"1077\">Aboneli\u011fin \u00e7al\u0131\u015fmad\u0131\u011f\u0131n\u0131n kan\u0131t\u0131<\/strong><\/p><\/li><li data-start=\"1078\" data-end=\"1101\"><p data-start=\"1080\" data-end=\"1101\"><strong data-start=\"1080\" data-end=\"1101\">Sipari\u015f tarihi<\/strong><\/p><\/li><li data-start=\"1102\" data-end=\"1166\"><p data-start=\"1104\" data-end=\"1166\"><strong data-start=\"1104\" data-end=\"1166\">Davan\u0131z\u0131 desteklemeye yard\u0131mc\u0131 olabilecek her t\u00fcrl\u00fc ek bilgi<\/strong><\/p><\/li><\/ul><p data-start=\"1168\" data-end=\"1304\">Talebiniz g\u00f6nderildikten sonra, <strong data-start=\"1200\" data-end=\"1266\">geri \u00f6deme departman\u0131m\u0131z daha fazla yard\u0131m i\u00e7in sizinle ileti\u015fime ge\u00e7ecektir<\/strong> ve sonraki ad\u0131mlarda size rehberlik edecektir.<\/p><p data-start=\"1306\" data-end=\"1445\">\u0130\u00e7eri\u011fimiz veya bu iade politikas\u0131 ile ilgili her t\u00fcrl\u00fc soru, teknik sorun veya a\u00e7\u0131klama i\u00e7in l\u00fctfen bizimle ileti\u015fime ge\u00e7in; size yard\u0131mc\u0131 olmaktan memnuniyet duyar\u0131z.<\/p>\t\t\t\t\t\t\t\t<\/div>\n\t\t\t\t\t<\/div>\n\t\t<\/div>\n\t\t\t\t\t<\/div>\n\t\t<\/section>\n\t\t\t\t<\/div>","protected":false},"excerpt":{"rendered":"<p>Refund Policy First of all, we would like to thank you for your interest in purchasing from us. Please review our refund policy carefully before completing your order. Once your subscription is activated (activation occurs within 24 hours of placing the order), we offer a 50% refund of the subscription amount if a refund request&#8230;<\/p>","protected":false},"author":1,"featured_media":0,"parent":0,"menu_order":0,"comment_status":"closed","ping_status":"closed","template":"","meta":{"_kadence_starter_templates_imported_post":false,"_kad_post_transparent":"","_kad_post_title":"","_kad_post_layout":"","_kad_post_sidebar_id":"","_kad_post_content_style":"","_kad_post_vertical_padding":"","_kad_post_feature":"","_kad_post_feature_position":"","_kad_post_header":false,"_kad_post_footer":false,"_kad_post_classname":"","_joinchat":[],"footnotes":""},"class_list":["post-10","page","type-page","status-publish","hentry"],"_links":{"self":[{"href":"https:\/\/dgtl-planet.media\/turkce_iptv\/wp-json\/wp\/v2\/pages\/10","targetHints":{"allow":["GET"]}}],"collection":[{"href":"https:\/\/dgtl-planet.media\/turkce_iptv\/wp-json\/wp\/v2\/pages"}],"about":[{"href":"https:\/\/dgtl-planet.media\/turkce_iptv\/wp-json\/wp\/v2\/types\/page"}],"author":[{"embeddable":true,"href":"https:\/\/dgtl-planet.media\/turkce_iptv\/wp-json\/wp\/v2\/users\/1"}],"replies":[{"embeddable":true,"href":"https:\/\/dgtl-planet.media\/turkce_iptv\/wp-json\/wp\/v2\/comments?post=10"}],"version-history":[{"count":29,"href":"https:\/\/dgtl-planet.media\/turkce_iptv\/wp-json\/wp\/v2\/pages\/10\/revisions"}],"predecessor-version":[{"id":8767,"href":"https:\/\/dgtl-planet.media\/turkce_iptv\/wp-json\/wp\/v2\/pages\/10\/revisions\/8767"}],"wp:attachment":[{"href":"https:\/\/dgtl-planet.media\/turkce_iptv\/wp-json\/wp\/v2\/media?parent=10"}],"curies":[{"name":"wp","href":"https:\/\/api.w.org\/{rel}","templated":true}]}}