{"id":1967,"date":"2022-07-18T09:11:26","date_gmt":"2022-07-18T09:11:26","guid":{"rendered":"https:\/\/nouhefikri.ml\/?post_type=product&#038;p=1967"},"modified":"2025-07-24T12:38:08","modified_gmt":"2025-07-24T12:38:08","slug":"subskrypcja-iptv","status":"publish","type":"product","link":"https:\/\/dgtl-planet.media\/polish_iptv\/produkt\/subskrypcja-iptv\/","title":{"rendered":"Oryginalna subskrypcja IPTV"},"content":{"rendered":"<p style=\"text-align: center;\"><strong>Opis<\/strong>\u00a0:<\/p>\n<p style=\"text-align: center;\"><strong>Kup IPTV<\/strong> i zosta\u0144 jednym z naszych zadowolonych klient\u00f3w<\/p>\n<p style=\"text-align: center;\"><span class=\"fr-emoticon fr-deletable fr-emoticon-img\">\u00a0<\/span> <strong>\u00a0Bezp\u0142atna 24-godzinna wersja pr\u00f3bna<\/strong><\/p>\n<p style=\"text-align: center;\">Uzyskaj 24-godzinn\u0105 list\u0119 pr\u00f3bn\u0105 przed zakupem subskrypcji<strong>.<br \/>\n<\/strong><\/p>\n<p style=\"text-align: center;\"><span class=\"fr-emoticon fr-deletable fr-emoticon-img\">\u00a0<\/span> <strong>Szybka aktywacja<\/strong><\/p>\n<p style=\"text-align: center;\">Uzyskaj IPTV w ci\u0105gu 24 godzin od zakupu.<\/p>\n<p style=\"text-align: center;\"><span class=\"fr-emoticon fr-deletable fr-emoticon-img\">\u00a0<\/span> <strong>Ponad 12000+ Ch i Vod<\/strong><\/p>\n<p style=\"text-align: center;\"><span class=\"fr-emoticon fr-deletable fr-emoticon-img\">\u00a0<\/span><strong>Kana\u0142y HD, FHD i 4K Premium LiveTV<\/strong><\/p>\n<p style=\"text-align: center;\">Subskrybuj i ciesz si\u0119 ulubionymi kana\u0142ami sportowymi i filmowymi z Wielkiej Brytanii, Stan\u00f3w Zjednoczonych, Europy i ca\u0142ego \u015bwiata, Obs\u0142ugujemy wszystkie najwa\u017cniejsze wydarzenia sportowe.<\/p>\n<p style=\"text-align: center;\"><img decoding=\"async\" class=\"fr-fic fr-dib fr-draggable aligncenter\" src=\"https:\/\/cdn.youcan.shop\/stores\/2ed810fc6dd4f48b2d3d17f259be1b3e\/others\/ZfejMXiFUYoGbw5d9OX4jyc9aWhDvTDL1aJpTAP3.png\" width=\"411\" height=\"115\" data-name=\"stores\/2ed810fc6dd4f48b2d3d17f259be1b3e\/others\/ZfejMXiFUYoGbw5d9OX4jyc9aWhDvTDL1aJpTAP3.png\" \/><\/p>\n<p style=\"text-align: center;\"><span class=\"fr-emoticon fr-deletable fr-emoticon-img\">\u00a0<\/span> <strong>Transmisja na \u017cywo 24\/7<\/strong><\/p>\n<p style=\"text-align: center;\"><span class=\"fr-emoticon fr-deletable fr-emoticon-img\">\u00a0<\/span> <strong>Brak kana\u0142u buforowania<\/strong><\/p>\n<p style=\"text-align: center;\"><span class=\"fr-emoticon fr-deletable fr-emoticon-img\">\u00a0<\/span> <strong>Dost\u0119pne na ca\u0142ym \u015bwiecie<\/strong><\/p>\n<div class=\"fr-img-space-wrap\" style=\"text-align: center;\"><strong><span class=\"fr-img-caption fr-fic fr-dib fr-draggable\" draggable=\"false\"><span class=\"fr-img-wrap\"><img fetchpriority=\"high\" decoding=\"async\" class=\"fr-draggable aligncenter\" src=\"https:\/\/cdn.youcan.shop\/stores\/2ed810fc6dd4f48b2d3d17f259be1b3e\/others\/LilFAVruMKSNVyPGKEGF0HJ40II7v2XPRVt4PcWS.png\" width=\"406\" height=\"202\" data-name=\"stores\/2ed810fc6dd4f48b2d3d17f259be1b3e\/others\/LilFAVruMKSNVyPGKEGF0HJ40II7v2XPRVt4PcWS.png\" \/><\/span><\/span>\u200b<\/strong><\/div>\n<p style=\"text-align: center;\"><strong>Teraz mo\u017cesz ogl\u0105da\u0107 kana\u0142y telewizyjne na \u017cywo i VOD w bardzo wysokiej jako\u015bci z ca\u0142ego \u015bwiata!<\/strong> Digital Space zapewnia najwy\u017cszej jako\u015bci kana\u0142y telewizyjne na \u017cywo z ca\u0142ego \u015bwiata w ramach jednej subskrypcji IPTV, w tym arabski USA Kanada Niemcy Wielka Brytania Latino Rumunia Hiszpania RPA Irlandia Tajlandia W\u0142ochy Austria Brazylia Bu\u0142garia Chiny Kolumbia Czechy Finlandia W\u0119gry Iran Izrael Francja Belgia Luksemburg Holandia Japonia Macedonia Islandia Malezja Malta Norwegia Polska Rosja Singapur S\u0142owenia Szwecja Szwajcaria Wietnam Albania Portugalia Grecja Indie Pakistan turecki i wiele innych kraj\u00f3w.<\/p>\n<p style=\"text-align: center;\"><span class=\"fr-emoticon fr-deletable fr-emoticon-img\">\u00a0<\/span> <strong>Obs\u0142ugiwane s\u0105 wszystkie urz\u0105dzenia<\/strong><\/p>\n<p style=\"text-align: center;\">Firestick, Smart TV, Android, Apple\/iOS, Mapbox i inne urz\u0105dzenia<\/p>\n<p style=\"text-align: center;\"><span class=\"fr-emoticon fr-deletable fr-emoticon-img\">\u00a0<\/span> <strong>Wsparcie 24\/7\/365<\/strong><\/p>\n<p style=\"text-align: center;\"><strong>\u00a0<\/strong><\/p>","protected":false},"excerpt":{"rendered":"<p>Teraz mo\u017cesz ogl\u0105da\u0107 kana\u0142y telewizyjne na \u017cywo i VOD w bardzo wysokiej jako\u015bci z ca\u0142ego \u015bwiata!<\/p>","protected":false},"featured_media":8739,"comment_status":"open","ping_status":"closed","template":"","meta":{"_kadence_starter_templates_imported_post":false,"_kad_post_transparent":"default","_kad_post_title":"","_kad_post_layout":"default","_kad_post_sidebar_id":"","_kad_post_content_style":"default","_kad_post_vertical_padding":"default","_kad_post_feature":"","_kad_post_feature_position":"","_kad_post_header":false,"_kad_post_footer":false,"_kad_post_classname":"","_joinchat":[]},"product_brand":[],"product_cat":[15,24],"product_tag":[],"class_list":{"0":"post-1967","1":"product","2":"type-product","3":"status-publish","4":"has-post-thumbnail","6":"product_cat-uncategorized","7":"product_cat-iptv","9":"first","10":"instock","11":"sale","12":"featured","13":"shipping-taxable","14":"purchasable","15":"product-type-variable","16":"has-default-attributes","17":"entry","18":"content-bg","19":"loop-entry"},"_links":{"self":[{"href":"https:\/\/dgtl-planet.media\/polish_iptv\/wp-json\/wp\/v2\/product\/1967","targetHints":{"allow":["GET"]}}],"collection":[{"href":"https:\/\/dgtl-planet.media\/polish_iptv\/wp-json\/wp\/v2\/product"}],"about":[{"href":"https:\/\/dgtl-planet.media\/polish_iptv\/wp-json\/wp\/v2\/types\/product"}],"replies":[{"embeddable":true,"href":"https:\/\/dgtl-planet.media\/polish_iptv\/wp-json\/wp\/v2\/comments?post=1967"}],"wp:featuredmedia":[{"embeddable":true,"href":"https:\/\/dgtl-planet.media\/polish_iptv\/wp-json\/wp\/v2\/media\/8739"}],"wp:attachment":[{"href":"https:\/\/dgtl-planet.media\/polish_iptv\/wp-json\/wp\/v2\/media?parent=1967"}],"wp:term":[{"taxonomy":"product_brand","embeddable":true,"href":"https:\/\/dgtl-planet.media\/polish_iptv\/wp-json\/wp\/v2\/product_brand?post=1967"},{"taxonomy":"product_cat","embeddable":true,"href":"https:\/\/dgtl-planet.media\/polish_iptv\/wp-json\/wp\/v2\/product_cat?post=1967"},{"taxonomy":"product_tag","embeddable":true,"href":"https:\/\/dgtl-planet.media\/polish_iptv\/wp-json\/wp\/v2\/product_tag?post=1967"}],"curies":[{"name":"wp","href":"https:\/\/api.w.org\/{rel}","templated":true}]}}