{"id":1090,"date":"2020-12-02T20:10:28","date_gmt":"2020-12-02T20:10:28","guid":{"rendered":"https:\/\/startertemplatecloud.com\/g02\/?page_id=1090"},"modified":"2024-04-16T14:22:43","modified_gmt":"2024-04-16T14:22:43","slug":"o-nas","status":"publish","type":"page","link":"https:\/\/dgtl-planet.media\/polish_iptv\/o-nas\/","title":{"rendered":"O nas"},"content":{"rendered":"<div data-elementor-type=\"wp-page\" data-elementor-id=\"1090\" class=\"elementor elementor-1090\" data-elementor-post-type=\"page\">\n\t\t\t\t\t\t<section class=\"elementor-section elementor-top-section elementor-element elementor-element-73a123e elementor-section-boxed elementor-section-height-default elementor-section-height-default\" data-id=\"73a123e\" data-element_type=\"section\" data-e-type=\"section\">\n\t\t\t\t\t\t<div class=\"elementor-container elementor-column-gap-default\">\n\t\t\t\t\t<div class=\"elementor-column elementor-col-100 elementor-top-column elementor-element elementor-element-3a26245\" data-id=\"3a26245\" data-element_type=\"column\" data-e-type=\"column\">\n\t\t\t<div class=\"elementor-widget-wrap elementor-element-populated\">\n\t\t\t\t\t\t<div class=\"elementor-element elementor-element-9f718ee elementor-widget elementor-widget-image\" data-id=\"9f718ee\" data-element_type=\"widget\" data-e-type=\"widget\" data-widget_type=\"image.default\">\n\t\t\t\t\t\t\t\t\t\t\t\t\t\t\t<img fetchpriority=\"high\" decoding=\"async\" width=\"625\" height=\"200\" src=\"https:\/\/dgtl-planet.media\/wp-content\/uploads\/2023\/04\/DIGITAL-PLANET-1-1.png\" class=\"attachment-medium_large size-medium_large wp-image-5957\" alt=\"iptv, uk iptv, polska telewizja iptv w uk, iptv abonament, iptv one, fire stick iptv, iptv online, mama iptv, iptv najlepsza aplikacja, top 5 dostawc\u00f3w iptv, iptv m3u, iptv smarters pro abonament, najlepsza iptv na firestick 2023 uk, iptv vod, iptv polska w uk, subskrypcja firestick iptv, subskrypcja iptv uk, subskrypcja tivimate iptv, polska iptv w uk, kup xtream iptv, iptv top box, xtream iptv kup, iptv great, najlepsza iptv dla kodi, dostawcy tre\u015bci iptv, najlepsza subskrypcja iptv uk, recenzje iptv, firestick iptv uk, indyjska iptv uk, iptv sub, najlepsza lista iptv m3u, iptv firestick uk, tv ip, kup iptv, bunnystreams iptv, iptv smarters pro buy, uk m3u, firestick iptv services, premium iptv service, iptv 1 month, best iptv stick, uk based iptv, iptv smarters uk, najlepszy iptv dla premier league, kana\u0142y iptv online, najlepszy iptv firestick uk, us\u0142uga iptv 4k, najlepszy iptv dla smart tv, iptv firestick 2023, najlepszy firestick iptv, sky iptv uk, iptv live stream, kana\u0142 iptv, najlepsza subskrypcja iptv, iptv dla fire tv stick, najlepsza us\u0142uga iptv, premium iptv uk, us\u0142uga streamingu iptv, 4k iptv uk, beste ip tv, one iptv uk, kup iptv smarters pro, dostawcy iptv firestick, kup kana\u0142y iptv, homeplex iptv, ip tv stick, dostawcy iptv tv, iptv na androida, tania subskrypcja iptv, buybestiptv, internet iptv box, 4k firestick iptv, smart tv smart iptv, m3u abonament, najlepszy iptv dla samsung tv, najlepsza us\u0142uga iptv, ip tv tv, najlepsza us\u0142uga ip tv, uk iptv firestick, wszystkie kana\u0142y iptv, amazon fire stick iptv, najlepszy iptv m3u, najlepszy iptv dla lg tv, tv online iptv, subskrypcja iptv w uk, najlepszy iptv samsung, iptv w firestick, iptv streams uk, bestiptvservice, dostawca kana\u0142\u00f3w iptv, internet iptv, dostawca iptv 4k, lista kana\u0142\u00f3w iptv, iptv dla sportu, najlepszy iptv dla ipad, brytyjscy dostawcy iptv, oferta iptv, telewizja dla doros\u0142ych iptv, subskrypcja iptv box, najlepsze z iptv, najlepsze iptv dla, dostawcy subskrypcji iptv, najlepsza us\u0142uga iptv w uk, dostawca iptv 4k, najlepsza iptv dla fire stick, url kana\u0142u iptv, subskrypcja iptv tv, android iptv, najlepszy streaming iptv, dostawca streamu iptv, m3u tv, kup subskrypcj\u0119 iptv uk, najlepsze streamingi iptv, iptv uk sport, live iptv kodi, najlepszy iptv premier league, subskrypcja iptv online, najlepszy serwer iptv, iptv sport tv, najlepsza strona iptv, pakiety subskrypcji iptv, najlepsze iptv dla kana\u0142\u00f3w uk, najlepsza lista iptv, kup premium iptv, najlepsi dostawcy us\u0142ug iptv, iptv najlepsza oferta, android tv iptv, najlepsze iptv na \u015bwiecie, uk najlepsze iptv, wszystkie us\u0142ugi iptv, bezb\u0142\u0119dne iptv, dostawca us\u0142ug iptv usa, kana\u0142y kodi uk, kupuj strumienie iptv, najlepsze iptv dla sportu uk, najszybsze iptv, dostawca premium iptv, tak kana\u0142y iptv, iptv w tv, najlepsze iptv dla firestick uk, stream iptv do tv, us\u0142uga ip tv, iptv best one, firmy iptv, iptv rumunia w uk, najlepsza us\u0142uga iptv dla androida, najlepsza telewizja iptv, kana\u0142y premium iptv, p\u0142atna subskrypcja iptv, najlepsza ott iptv, kup iptv smarters, subskrypcja mag box uk, stream iptv, telewizja iptv, najlepsza us\u0142uga streamingu iptv, wysokiej jako\u015bci iptv, najlepsza iptv dla ppv, dobra us\u0142uga iptv, najlepszy fire stick iptv, miesi\u0119czna subskrypcja iptv, iptv szkocja, ip tv online, us\u0142uga iptv uk, bezb\u0142\u0119dne iptv uk, pliki m3u, najlepsze iptv bez buforowania, dostawcy iptv dla firestick, najlepsze iptv dla sport\u00f3w na \u017cywo, najlepsze pude\u0142ko iptv, ip tv live, iptv new, 4k iptv subscription, buy m3u list, m3u url, best iptv server uk, good iptv providers, best iptv provider for firestick, best iptv for mag box, best iptv in the uk, fire cube iptv, top 10 iptv providers, fire tv iptv, iptv website, subskrypcja serwera iptv, subskrypcja smarters iptv, android box tv iptv, amazon fire tv iptv, najlepsza subskrypcja iptv, kup iptv online, kana\u0142 dla doros\u0142ych iptv, iptv dla smart tv, p\u0142atna iptv, najlepsza p\u0142atna us\u0142uga iptv, najlepsza iptv dla vod, najlepszy dostawca iptv dla tivimate, najlepsza telewizja ip, telewizja internetowa iptv, najlepsza us\u0142uga subskrypcji iptv, kana\u0142y ip w telewizji, kup panel iptv, kup playlist\u0119 m3u, najlepsza telewizja ip, streamery iptv, pakiet ip tv, najlepsza telewizja iptv dla mag, najlepszy pakiet iptv, najlepsi dostawcy subskrypcji iptv, najlepsza telewizja iptv 4k\" srcset=\"https:\/\/dgtl-planet.media\/wp-content\/uploads\/2023\/04\/DIGITAL-PLANET-1-1.png 625w, https:\/\/dgtl-planet.media\/wp-content\/uploads\/2023\/04\/DIGITAL-PLANET-1-1-300x96.png 300w\" sizes=\"(max-width: 625px) 100vw, 625px\" \/>\t\t\t\t\t\t\t\t\t\t\t\t\t\t\t<\/div>\n\t\t\t\t\t<\/div>\n\t\t<\/div>\n\t\t\t\t\t<\/div>\n\t\t<\/section>\n\t\t\t\t<section class=\"elementor-section elementor-top-section elementor-element elementor-element-583fc8d elementor-section-boxed elementor-section-height-default elementor-section-height-default\" data-id=\"583fc8d\" data-element_type=\"section\" data-e-type=\"section\">\n\t\t\t\t\t\t<div class=\"elementor-container elementor-column-gap-default\">\n\t\t\t\t\t<div class=\"elementor-column elementor-col-50 elementor-top-column elementor-element elementor-element-fd3fe3d\" data-id=\"fd3fe3d\" data-element_type=\"column\" data-e-type=\"column\">\n\t\t\t<div class=\"elementor-widget-wrap elementor-element-populated\">\n\t\t\t\t\t\t<div class=\"elementor-element elementor-element-a319a85 elementor-widget elementor-widget-text-editor\" data-id=\"a319a85\" data-element_type=\"widget\" data-e-type=\"widget\" data-widget_type=\"text-editor.default\">\n\t\t\t\t\t\t\t\t\t<div><div><div><div><div><div><div><div>Witamy w <strong>CYFROWA PLANETA<\/strong>, najlepsze miejsce dla stabilnej rozrywki IPTV! Najlepszy dostawca IPTV w Wielkiej Brytanii<\/div><div>\u00a0<\/div><div>\u00a0Z ponad 23 000 kana\u0142\u00f3w na ca\u0142ym \u015bwiecie i 94 000 film\u00f3w na \u017c\u0105danie (VOD), mamy obszern\u0105 kolekcj\u0119, kt\u00f3ra zaspokoi wszystkie preferencje ogl\u0105dania.<\/div><div>\u00a0<\/div><div>Przy <strong>CYFROWA PLANETA<\/strong>Wierzymy, \u017ce wszystko musi by\u0107 \u015bwie\u017ce i ekscytuj\u0105ce.<\/div><div>Dlatego codziennie aktualizujemy nasz\u0105 ofert\u0119 kana\u0142\u00f3w i bibliotek\u0119 VOD,<\/div><div>Dzi\u0119ki temu nigdy nie zabraknie ci opcji rozrywki.<\/div><\/div><\/div><\/div><\/div><\/div><\/div><\/div>\t\t\t\t\t\t\t\t<\/div>\n\t\t\t\t\t<\/div>\n\t\t<\/div>\n\t\t\t\t<div class=\"elementor-column elementor-col-50 elementor-top-column elementor-element elementor-element-182fffa\" data-id=\"182fffa\" data-element_type=\"column\" data-e-type=\"column\">\n\t\t\t<div class=\"elementor-widget-wrap elementor-element-populated\">\n\t\t\t\t\t\t<div class=\"elementor-element elementor-element-6017cdd elementor-widget elementor-widget-image\" data-id=\"6017cdd\" data-element_type=\"widget\" data-e-type=\"widget\" data-widget_type=\"image.default\">\n\t\t\t\t\t\t\t\t\t\t\t\t\t\t\t<img decoding=\"async\" width=\"768\" height=\"480\" src=\"https:\/\/dgtl-planet.media\/wp-content\/uploads\/2023\/02\/familywatachingtv-768x480.webp\" class=\"attachment-medium_large size-medium_large wp-image-5691\" alt=\"iptv uk iptv iptv abonament uk iptv iptv reseller najlepszy iptv uk iptvuk ukiptv iptv abonament uk najlepszy iptv w uk iptv w uk kup iptv iptv uk abonament iptv subskrypcja najlepszy uk iptv najlepszy iptv brytyjski iptv zjednoczone kr\u00f3lestwo iptv iptv provider uk iptv providers uk iptv best uk iptv main iptv for uk iptv providers iptv subscriptions iptv buy iptv sub iptv in the uk iptv provider bestiptv uk iptv resellers uk iptv subscription best iptv provider uk iptv provider uk iptv us\u0142uga iptv reseller uk iptv subskrypcje uk najlepszy dostawca iptv uk najlepsi dostawcy iptv uk iptv uk dostawcy ip tv uk zakup iptv iptv us\u0142uga uk najlepsza iptv dla uk subskrypcja iptv iptv dla uk pi\u0142ka no\u017cna iptv sky sports iptv dostawcy iptv najlepsze iptv stream iptv us\u0142ugi iptv sub uk iptv subskrypcja iptv zakup iptv subskrybent iptv dostawcy w uk iptv kana\u0142y iptv streams najlepsze iptv subskrypcja iptv oferty iptv subskrypcja iptv subskrypcja. najlepsza us\u0142uga iptv uk iptv subskrypcje bestiptv iptv subskrypcja indyjska iptv uk iptv subskrypcje iptvs najlepszy dostawca iptv w uk iptv sport iptv sport kup subskrypcj\u0119 iptv najlepszy odsprzedawca iptv uk iptv dostawca najlepszy iptv iptv uk kana\u0142y iptv box w pe\u0142ni za\u0142adowany uk sky sports iptv ip tv iptv panel iptv abonament w uk iptv us\u0142ugi uk iptv tv iptv abonament iptv odsprzedawcy uk najlepszy iptv uk iptv box w pe\u0142ni za\u0142adowany uk najlepsi dostawcy iptv najlepsza us\u0142uga iptv najlepsze us\u0142ugi iptv najlepsze iptv w uk 2022 iptv dostawcy najlepsze us\u0142ugi iptv uk iptv us\u0142ugi iptv uk 2022 uk najlepszy iptv najlepszy abonament iptv w uk iptv tv uk najlepszy iptv 2022 uk najlepszy iptv abonament uk oferta iptv najlepszy ip tv iptv na sprzeda\u017c tw\u00f3j iptv najlepszy uk iptv us\u0142uga sport iptv ip tv reseller iptv klik iptv pakiety iptvbuy iptv cena najlepszy legalny iptv w uk uk iptv us\u0142uga iptv streaming us\u0142uga iptv streaming sport iptv najlepszy uk iptv dostawcy najlepszy iptv uk 2023 iptv streaming services top iptv stream iptv iptv indian channels best ip tv uk virgin media blocking iptv virgin blocking iptv best free iptv for firestick best iptv providers in uk smart iptv in uk cheap iptv uk one iptv bets iptv best iptv for sports b1g iptv the best iptv iptv the best you-iptv iptv box uk ip tv box uk supa legacy iptv iptv iptv for sky iptv football best iptv subscriptions subscription iptv service mag box 4k fully loaded cheapest iptv uk iptv india iptv for tv iptv for sports iptv supplier sky iptv ipyv iptv reseller uk \u00d8\u00a7\u00d8\u00b4\u00d8\u00aa\u00d8\u00b1\u00d8\u00a7\u00d9\u0192 iptv iptv cost best uk iptv for firestick 2023 ip-...tv ipvtv iptvklik iptv boxing tonight najlepsze legalne iptv uk premium iptv tv najlepsze iptv na firestick 2022 uk polecani dostawcy iptv britishiptv iptv legalne uk iptv legalne uk i p tv internet protocol tv box epg dla iptv iptv guide iptv guide iptv nie dzia\u0142a iptv legalne w uk tani abonament iptv iptv na firestick 2023 uk oneiptv.uk iptv kana\u0142 firestick zablokowany przez virgin media iptv virgin media iptv uk opinie iptv tanio iptvmain tanio iptv czy iptv jest legalne uk najlepszy iptv box iptv roku iptv z wbudowanym vpn iptv uk trial iptv live najlepszy iptv firestick w uk nagrywarka iptv nagrywarka iptv najta\u0144sza mocna iptv iptv + iptv recenzje uk kana\u0142 na mecz bokserski dzi\u015b wieczorem iptv darmowa wersja pr\u00f3bna uk jak ogl\u0105da\u0107 kana\u0142y indyjskie w uk iptv media iptv uk darmowa wersja pr\u00f3bna ogl\u0105daj sky sports na firestick iptv dla firestick 2022 uk iptv premier league uk sky sports iptv iptv uk legalne iptv uk legalne iptv boxy uk najlepsze dla iptv beat iptv iptv multi room free iptv uk free iptv uk iptvuk iptv uk free jaki kana\u0142 jest sky box office czy iptv jest legalne w uk iptv m3u czy iptv jest nielegalne? iptv w uk opinie iptv w uk czy iptv jest nielegalne iptv one iptv firestick 2023 uk ebay uk iptv abonament iptv paypal sky lista kana\u0142\u00f3w rozrywkowych iptv w uk za darmo iptv w uk za darmo amazon fire stick w pe\u0142ni za\u0142adowane kana\u0142y brytyjskie iptv sky glass w pe\u0142ni za\u0142adowane iptv premium iptv serwery jak sprawdzi\u0107 czy isp blokuje iptv najlepsze us\u0142ugi iptv uk jak zdoby\u0107 iptv mag box uk iptv online kana\u0142y indyjskie w uk za darmo uk iptv iptv abonament ebay uk iptvt iptv now najta\u0144sze iptv roku iptv iptv nielegalne najlepsze darmowe iptv firestick idealne iptv ogl\u0105daj indyjskie kana\u0142y w uk iptv media indyjskie kana\u0142y tv w uk smart iptv w uk nielegalne iptv sport na iptv sport na iptv co to jest iptv iptv grzywny uk co to jest iptv virgin media iptv sky sports box office channel number jak dzia\u0142a nielegalne iptv top uptv iptv boxy iptv boxing tonight iptv sky iptv sky is iptv legal in the uk best iptv with built in vpn iptv service provider free trial iptv uk tyson fury fight tv channels uk ip tv box iptv shop indyjskie kana\u0142y tv uk jak zdoby\u0107 iptv legalni dostawcy iptv uk konfiguracja iptv zablokowane przez dostawc\u0119 internetu szybkie iptv iptv nielegalne uk najlepsze uk iptv dla firestick 2022 jak zdoby\u0107 iptv ip tv stick iptv.online premium iptv najlepsza iptv uk na firestick 2022 iptv w uk legalna iptv z catch up najlepsza iptv z wbudowanym-w vpn iptv uk box jakie kana\u0142y boks dzi\u015b wieczorem w pe\u0142ni za\u0142adowany iptv box w pe\u0142ni za\u0142adowany iptv box najlepsze iptv uk dla firestick 2023 iptv server watch iptv co oznacza iptv iptv trial uk b1g player firestick iptv dla firestick 2023 uk uk iptv free supa legacy internet protocol tv services czy iptv jest nielegalne w uk iptv buffering iptv box fully loaded iptv best provider legal iptv uk iptvload daisy iptv how can i get iptv\" srcset=\"https:\/\/dgtl-planet.media\/wp-content\/uploads\/2023\/02\/familywatachingtv-768x480.webp 768w, https:\/\/dgtl-planet.media\/wp-content\/uploads\/2023\/02\/familywatachingtv-300x187.webp 300w, https:\/\/dgtl-planet.media\/wp-content\/uploads\/2023\/02\/familywatachingtv-1024x640.webp 1024w, https:\/\/dgtl-planet.media\/wp-content\/uploads\/2023\/02\/familywatachingtv-1536x960.webp 1536w, https:\/\/dgtl-planet.media\/wp-content\/uploads\/2023\/02\/familywatachingtv-2048x1280.webp 2048w\" sizes=\"(max-width: 768px) 100vw, 768px\" \/>\t\t\t\t\t\t\t\t\t\t\t\t\t\t\t<\/div>\n\t\t\t\t\t<\/div>\n\t\t<\/div>\n\t\t\t\t\t<\/div>\n\t\t<\/section>\n\t\t\t\t<section class=\"elementor-section elementor-top-section elementor-element elementor-element-74c8ea7 elementor-section-boxed elementor-section-height-default elementor-section-height-default\" data-id=\"74c8ea7\" data-element_type=\"section\" data-e-type=\"section\">\n\t\t\t\t\t\t<div class=\"elementor-container elementor-column-gap-default\">\n\t\t\t\t\t<div class=\"elementor-column elementor-col-100 elementor-top-column elementor-element elementor-element-cfa6879\" data-id=\"cfa6879\" data-element_type=\"column\" data-e-type=\"column\">\n\t\t\t<div class=\"elementor-widget-wrap elementor-element-populated\">\n\t\t\t\t\t\t<div class=\"elementor-element elementor-element-1a47367 elementor-widget elementor-widget-text-editor\" data-id=\"1a47367\" data-element_type=\"widget\" data-e-type=\"widget\" data-widget_type=\"text-editor.default\">\n\t\t\t\t\t\t\t\t\t<div style=\"box-sizing: border-box; display: flex; margin-bottom: var(--global-md-spacing); flex-wrap: nowrap !important; align-items: normal !important; margin-top: 0px;\">\n<div style=\"box-sizing: border-box; flex-grow: 0; min-width: 0px; word-break: break-word; overflow-wrap: break-word; flex-basis: 100%;\">\n<div style=\"box-sizing: border-box; margin-bottom: 0px;\">\n<div style=\"box-sizing: border-box; position: relative; border: 0px solid transparent; margin-bottom: 0px;\">\n<div style=\"box-sizing: border-box; padding: 0px 5.275px; display: flex; flex-wrap: nowrap; justify-content: space-between; position: relative; z-index: 10;\">\n<div style=\"box-sizing: border-box; display: flex; flex-direction: column; z-index: 1; min-width: 0px; min-height: 0px; flex: 1 1 0%; width: 0px; margin-right: 30px;\">\n<div style=\"box-sizing: border-box; border: 0px solid transparent; transition: all 0.3s ease 0s; padding: 20px 0px;\">\n<div style=\"box-sizing: border-box; display: flex; margin-bottom: var(--global-md-spacing); flex-wrap: nowrap !important; align-items: normal !important; margin-top: 0px;\">\n<div style=\"box-sizing: border-box; flex-grow: 0; min-width: 0px; word-break: break-word; overflow-wrap: break-word; flex-basis: 100%;\">\n<div style=\"box-sizing: border-box; margin-bottom: 0px;\">\n<div style=\"box-sizing: border-box; position: relative; border: 0px solid transparent;\">\n<div style=\"box-sizing: border-box; padding: 0px; display: flex; flex-wrap: nowrap; justify-content: space-between; position: relative; z-index: 10;\">\n<div style=\"box-sizing: border-box; display: flex; flex-direction: column; z-index: 1; min-width: 0px; min-height: 0px; flex: 1 1 0%; width: 0px; margin-right: 30px;\">\n<div style=\"box-sizing: border-box; border: 0px solid transparent; transition: all 0.3s ease 0s; padding-bottom: 0px; margin-bottom: 0px;\">\n<div style=\"color: #352e2e; text-align: center;\">Przy <strong>CYFROWA PLANETA<\/strong>Priorytetowo traktujemy satysfakcj\u0119 klienta i oferujemy doskona\u0142\u0105 ca\u0142odobow\u0105 obs\u0142ug\u0119 klienta przez WhatsApp i e-mail.<\/div>\n<div style=\"color: #352e2e; text-align: center;\">&nbsp;Do\u0142\u0105cz do naszej spo\u0142eczno\u015bci ponad 2100 u\u017cytkownik\u00f3w IPTV w Wielkiej Brytanii i do\u015bwiadcz wyj\u0105tkowej obs\u0142ugi.<\/div>\n<div style=\"color: #352e2e; text-align: center;\">&nbsp;<\/div>\n<div style=\"color: #352e2e; text-align: center;\">Do\u0142\u0105cz do nas na <strong>CYFROWA PLANETA<\/strong> i do\u015bwiadcz \u015bwiata rozrywki jak nigdy dot\u0105d!<\/div>\n<\/div>\n<\/div>\n<\/div>\n<\/div>\n<\/div>\n<\/div>\n<\/div>\n<\/div>\n<\/div>\n<\/div>\n<\/div>\n<\/div>\n<\/div>\n<\/div>\t\t\t\t\t\t\t\t<\/div>\n\t\t\t\t\t<\/div>\n\t\t<\/div>\n\t\t\t\t\t<\/div>\n\t\t<\/section>\n\t\t\t\t<\/div>","protected":false},"excerpt":{"rendered":"<p>Witamy w DIGITAL PLANET, miejscu docelowym dla stabilnej rozrywki IPTV! Najlepszy dostawca IPTV w Wielkiej Brytanii Z ponad 23 000 kana\u0142\u00f3w na ca\u0142ym \u015bwiecie i 94 000 film\u00f3w na \u017c\u0105danie (VOD), mamy obszern\u0105 kolekcj\u0119, kt\u00f3ra zaspokoi wszystkie preferencje ogl\u0105dania. W DIGITAL PLANET wierzymy w utrzymanie \u015bwie\u017co\u015bci i ekscytacji, dlatego codziennie aktualizujemy nasze kana\u0142y...<\/p>","protected":false},"author":1,"featured_media":0,"parent":0,"menu_order":0,"comment_status":"closed","ping_status":"closed","template":"","meta":{"_kadence_starter_templates_imported_post":true,"_kad_post_transparent":"","_kad_post_title":"hide","_kad_post_layout":"fullwidth","_kad_post_sidebar_id":"","_kad_post_content_style":"unboxed","_kad_post_vertical_padding":"hide","_kad_post_feature":"","_kad_post_feature_position":"","_kad_post_header":false,"_kad_post_footer":false,"_kad_post_classname":"","_joinchat":[],"footnotes":""},"class_list":["post-1090","page","type-page","status-publish","hentry"],"_links":{"self":[{"href":"https:\/\/dgtl-planet.media\/polish_iptv\/wp-json\/wp\/v2\/pages\/1090","targetHints":{"allow":["GET"]}}],"collection":[{"href":"https:\/\/dgtl-planet.media\/polish_iptv\/wp-json\/wp\/v2\/pages"}],"about":[{"href":"https:\/\/dgtl-planet.media\/polish_iptv\/wp-json\/wp\/v2\/types\/page"}],"author":[{"embeddable":true,"href":"https:\/\/dgtl-planet.media\/polish_iptv\/wp-json\/wp\/v2\/users\/1"}],"replies":[{"embeddable":true,"href":"https:\/\/dgtl-planet.media\/polish_iptv\/wp-json\/wp\/v2\/comments?post=1090"}],"version-history":[{"count":56,"href":"https:\/\/dgtl-planet.media\/polish_iptv\/wp-json\/wp\/v2\/pages\/1090\/revisions"}],"predecessor-version":[{"id":7225,"href":"https:\/\/dgtl-planet.media\/polish_iptv\/wp-json\/wp\/v2\/pages\/1090\/revisions\/7225"}],"wp:attachment":[{"href":"https:\/\/dgtl-planet.media\/polish_iptv\/wp-json\/wp\/v2\/media?parent=1090"}],"curies":[{"name":"wp","href":"https:\/\/api.w.org\/{rel}","templated":true}]}}