{"id":10,"date":"2022-06-05T09:15:39","date_gmt":"2022-06-05T09:15:39","guid":{"rendered":"https:\/\/nouhefikri.ml\/?page_id=10"},"modified":"2026-01-28T13:43:42","modified_gmt":"2026-01-28T13:43:42","slug":"refund_returns_policy","status":"publish","type":"page","link":"https:\/\/dgtl-planet.media\/polish_iptv\/refund_returns_policy\/","title":{"rendered":"Polityka zwrot\u00f3w"},"content":{"rendered":"<div data-elementor-type=\"wp-page\" data-elementor-id=\"10\" class=\"elementor elementor-10\" data-elementor-post-type=\"page\">\n\t\t\t\t\t\t<section class=\"elementor-section elementor-top-section elementor-element elementor-element-2d5fcce0 elementor-section-boxed elementor-section-height-default elementor-section-height-default\" data-id=\"2d5fcce0\" data-element_type=\"section\" data-e-type=\"section\">\n\t\t\t\t\t\t<div class=\"elementor-container elementor-column-gap-default\">\n\t\t\t\t\t<div class=\"elementor-column elementor-col-100 elementor-top-column elementor-element elementor-element-1cab5e96\" data-id=\"1cab5e96\" data-element_type=\"column\" data-e-type=\"column\">\n\t\t\t<div class=\"elementor-widget-wrap elementor-element-populated\">\n\t\t\t\t\t\t<div class=\"elementor-element elementor-element-4eb098c elementor-widget elementor-widget-heading\" data-id=\"4eb098c\" data-element_type=\"widget\" data-e-type=\"widget\" data-widget_type=\"heading.default\">\n\t\t\t\t\t<h2 class=\"elementor-heading-title elementor-size-default\">Polityka zwrot\u00f3w<\/h2>\t\t\t\t<\/div>\n\t\t\t\t<div class=\"elementor-element elementor-element-353c8ce9 elementor-widget elementor-widget-text-editor\" data-id=\"353c8ce9\" data-element_type=\"widget\" data-e-type=\"widget\" data-widget_type=\"text-editor.default\">\n\t\t\t\t\t\t\t\t\t<p data-start=\"189\" data-end=\"342\">Przede wszystkim chcieliby\u015bmy podzi\u0119kowa\u0107 za zainteresowanie zakupami u nas. Prosimy o dok\u0142adne zapoznanie si\u0119 z nasz\u0105 polityk\u0105 zwrot\u00f3w przed sfinalizowaniem zam\u00f3wienia.<\/p><p data-start=\"344\" data-end=\"523\">Po aktywacji subskrypcji (aktywacja nast\u0119puje w ci\u0105gu 24 godzin od z\u0142o\u017cenia zam\u00f3wienia) oferujemy <strong data-start=\"449\" data-end=\"490\">50% zwrot kwoty subskrypcji<\/strong> je\u015bli wniosek o zwrot zostanie zatwierdzony.<\/p><p data-start=\"525\" data-end=\"734\">Przed rozwa\u017ceniem zwrotu pieni\u0119dzy, <strong data-start=\"558\" data-end=\"646\">do\u0142o\u017cymy wszelkich stara\u0144, aby rozwi\u0105za\u0107 problemy i zapewni\u0107 prawid\u0142owe dzia\u0142anie subskrypcji<\/strong>. Mo\u017ce to obejmowa\u0107 kontrole techniczne, pomoc w konfiguracji i weryfikacj\u0119 zawarto\u015bci.<\/p><p data-start=\"736\" data-end=\"965\">Je\u015bli zostanie potwierdzone, \u017ce us\u0142uga jest w pe\u0142ni funkcjonalna i istniej\u0105 <strong data-start=\"806\" data-end=\"859\">brak problem\u00f3w technicznych lub zwi\u0105zanych z us\u0142ugami po naszej stronie<\/strong>, subskrypcja zostanie uznana za dostarczon\u0105 zgodnie z obietnic\u0105 i <strong data-start=\"923\" data-end=\"964\">u\u017cytkownik nie b\u0119dzie uprawniony do zwrotu pieni\u0119dzy<\/strong>.<\/p><p data-start=\"967\" data-end=\"1005\">Aby za\u017c\u0105da\u0107 zwrotu pieni\u0119dzy, nale\u017cy poda\u0107:<\/p><ul data-start=\"1006\" data-end=\"1166\"><li data-start=\"1006\" data-end=\"1028\"><p data-start=\"1008\" data-end=\"1028\"><strong data-start=\"1008\" data-end=\"1028\">Dow\u00f3d p\u0142atno\u015bci<\/strong><\/p><\/li><li data-start=\"1029\" data-end=\"1077\"><p data-start=\"1031\" data-end=\"1077\"><strong data-start=\"1031\" data-end=\"1077\">Dow\u00f3d na to, \u017ce subskrypcja nie dzia\u0142a<\/strong><\/p><\/li><li data-start=\"1078\" data-end=\"1101\"><p data-start=\"1080\" data-end=\"1101\"><strong data-start=\"1080\" data-end=\"1101\">Data zam\u00f3wienia<\/strong><\/p><\/li><li data-start=\"1102\" data-end=\"1166\"><p data-start=\"1104\" data-end=\"1166\"><strong data-start=\"1104\" data-end=\"1166\">Wszelkie dodatkowe informacje, kt\u00f3re mog\u0105 pom\u00f3c w poparciu sprawy<\/strong><\/p><\/li><\/ul><p data-start=\"1168\" data-end=\"1304\">Po przes\u0142aniu zg\u0142oszenia, <strong data-start=\"1200\" data-end=\"1266\">Nasz dzia\u0142 zwrot\u00f3w skontaktuje si\u0119 z u\u017cytkownikiem w celu uzyskania dalszej pomocy.<\/strong> i poprowadzi Ci\u0119 przez kolejne kroki.<\/p><p data-start=\"1306\" data-end=\"1445\">W przypadku jakichkolwiek pyta\u0144, w\u0105tpliwo\u015bci technicznych lub wyja\u015bnie\u0144 dotycz\u0105cych naszych tre\u015bci lub niniejszej polityki zwrot\u00f3w, prosimy o kontakt - ch\u0119tnie pomo\u017cemy.<\/p>\t\t\t\t\t\t\t\t<\/div>\n\t\t\t\t\t<\/div>\n\t\t<\/div>\n\t\t\t\t\t<\/div>\n\t\t<\/section>\n\t\t\t\t<\/div>","protected":false},"excerpt":{"rendered":"<p>Polityka zwrot\u00f3w Przede wszystkim chcieliby\u015bmy podzi\u0119kowa\u0107 za zainteresowanie zakupami u nas. Prosimy o dok\u0142adne zapoznanie si\u0119 z nasz\u0105 polityk\u0105 zwrot\u00f3w przed sfinalizowaniem zam\u00f3wienia. Po aktywacji subskrypcji (aktywacja nast\u0119puje w ci\u0105gu 24 godzin od z\u0142o\u017cenia zam\u00f3wienia) oferujemy zwrot kwoty subskrypcji 50%, je\u015bli wniosek o zwrot...<\/p>","protected":false},"author":1,"featured_media":0,"parent":0,"menu_order":0,"comment_status":"closed","ping_status":"closed","template":"","meta":{"_kadence_starter_templates_imported_post":false,"_kad_post_transparent":"","_kad_post_title":"","_kad_post_layout":"","_kad_post_sidebar_id":"","_kad_post_content_style":"","_kad_post_vertical_padding":"","_kad_post_feature":"","_kad_post_feature_position":"","_kad_post_header":false,"_kad_post_footer":false,"_kad_post_classname":"","_joinchat":[],"footnotes":""},"class_list":["post-10","page","type-page","status-publish","hentry"],"_links":{"self":[{"href":"https:\/\/dgtl-planet.media\/polish_iptv\/wp-json\/wp\/v2\/pages\/10","targetHints":{"allow":["GET"]}}],"collection":[{"href":"https:\/\/dgtl-planet.media\/polish_iptv\/wp-json\/wp\/v2\/pages"}],"about":[{"href":"https:\/\/dgtl-planet.media\/polish_iptv\/wp-json\/wp\/v2\/types\/page"}],"author":[{"embeddable":true,"href":"https:\/\/dgtl-planet.media\/polish_iptv\/wp-json\/wp\/v2\/users\/1"}],"replies":[{"embeddable":true,"href":"https:\/\/dgtl-planet.media\/polish_iptv\/wp-json\/wp\/v2\/comments?post=10"}],"version-history":[{"count":29,"href":"https:\/\/dgtl-planet.media\/polish_iptv\/wp-json\/wp\/v2\/pages\/10\/revisions"}],"predecessor-version":[{"id":8767,"href":"https:\/\/dgtl-planet.media\/polish_iptv\/wp-json\/wp\/v2\/pages\/10\/revisions\/8767"}],"wp:attachment":[{"href":"https:\/\/dgtl-planet.media\/polish_iptv\/wp-json\/wp\/v2\/media?parent=10"}],"curies":[{"name":"wp","href":"https:\/\/api.w.org\/{rel}","templated":true}]}}