{"id":1981,"date":"2022-07-18T09:52:23","date_gmt":"2022-07-18T09:52:23","guid":{"rendered":"https:\/\/nouhefikri.ml\/?post_type=product&#038;p=1981"},"modified":"2025-07-24T12:39:35","modified_gmt":"2025-07-24T12:39:35","slug":"iptv-abonnement-3-maanden","status":"publish","type":"product","link":"https:\/\/dgtl-planet.media\/nederlandse_iptv\/product\/iptv-abonnement-3-maanden\/","title":{"rendered":"Premium IPTV subscription (3 Months)"},"content":{"rendered":"<p style=\"text-align: center;\"><strong>Beschrijving<\/strong>\u00a0:<\/p>\n<p style=\"text-align: center;\"><strong>IPTV kopen<\/strong> en word een van onze tevreden klanten<\/p>\n<p style=\"text-align: center;\"><span class=\"fr-emoticon fr-deletable fr-emoticon-img\">\u00a0<\/span> <strong>\u00a0Gratis 24 uur proberen<\/strong><\/p>\n<p style=\"text-align: center;\">Krijg 24 uur proeflijst voordat je het abonnement aanschaft<strong>.<br \/>\n<\/strong><\/p>\n<p style=\"text-align: center;\"><span class=\"fr-emoticon fr-deletable fr-emoticon-img\">\u00a0<\/span> <strong>Snelle activering<\/strong><\/p>\n<p style=\"text-align: center;\">Ontvang je IPTV binnen 24 uur na aankoop.<\/p>\n<p style=\"text-align: center;\"><span class=\"fr-emoticon fr-deletable fr-emoticon-img\">\u00a0<\/span> <strong>Meer dan 12000+ Ch &amp; Vod<\/strong><\/p>\n<p style=\"text-align: center;\"><span class=\"fr-emoticon fr-deletable fr-emoticon-img\">\u00a0<\/span><strong>HD, FHD &amp; 4K Premium LiveTV-kanalen<\/strong><\/p>\n<p style=\"text-align: center;\">Abonneer je en geniet van je favoriete sport- en filmkanalen uit het VK, de VS, Europa en wereldwijd. We dekken alle belangrijke sportevenementen.<\/p>\n<p style=\"text-align: center;\"><img decoding=\"async\" class=\"wp-image-4350 aligncenter\" src=\"https:\/\/nouhefikri.ml\/wp-content\/uploads\/2022\/09\/beko-otv-indirimi-1024x286-1-300x84.webp\" alt=\"\" width=\"418\" height=\"117\" srcset=\"https:\/\/dgtl-planet.media\/wp-content\/uploads\/2022\/09\/beko-otv-indirimi-1024x286-1-300x84.webp 300w, https:\/\/dgtl-planet.media\/wp-content\/uploads\/2022\/09\/beko-otv-indirimi-1024x286-1-768x215.webp 768w, https:\/\/dgtl-planet.media\/wp-content\/uploads\/2022\/09\/beko-otv-indirimi-1024x286-1-700x196.webp 700w, https:\/\/dgtl-planet.media\/wp-content\/uploads\/2022\/09\/beko-otv-indirimi-1024x286-1.webp 1024w\" sizes=\"(max-width: 418px) 100vw, 418px\" \/><\/p>\n<p style=\"text-align: center;\"><span class=\"fr-emoticon fr-deletable fr-emoticon-img\">\u00a0<\/span> <strong>24\/7 live streaming<\/strong><\/p>\n<p style=\"text-align: center;\"><span class=\"fr-emoticon fr-deletable fr-emoticon-img\">\u00a0<\/span> <strong>Geen bufferkanaal<\/strong><\/p>\n<p style=\"text-align: center;\"><span class=\"fr-emoticon fr-deletable fr-emoticon-img\">\u00a0<\/span> <strong>Wereldwijd beschikbaar<\/strong><\/p>\n<p style=\"text-align: center;\"><img fetchpriority=\"high\" decoding=\"async\" class=\"wp-image-4358 aligncenter\" src=\"https:\/\/nouhefikri.ml\/wp-content\/uploads\/2022\/09\/tuunO5k-1024x508-1-300x149.webp\" alt=\"\" width=\"405\" height=\"201\" srcset=\"https:\/\/dgtl-planet.media\/wp-content\/uploads\/2022\/09\/tuunO5k-1024x508-1-300x149.webp 300w, https:\/\/dgtl-planet.media\/wp-content\/uploads\/2022\/09\/tuunO5k-1024x508-1-768x381.webp 768w, https:\/\/dgtl-planet.media\/wp-content\/uploads\/2022\/09\/tuunO5k-1024x508-1-700x347.webp 700w, https:\/\/dgtl-planet.media\/wp-content\/uploads\/2022\/09\/tuunO5k-1024x508-1.webp 1024w\" sizes=\"(max-width: 405px) 100vw, 405px\" \/><\/p>\n<p style=\"text-align: center;\"><strong>Nu kun je Live TV-kanalen &amp; VOD krijgen met zeer hoge kwaliteit van over de hele wereld!<\/strong> Digital Space biedt premium Live TV-zenders van over de hele wereld in slechts \u00e9\u00e9n IPTV-abonnement, inclusief Arabisch USA Canada Duitsland UK Latino Roemeni\u00eb Spanje Zuid-Afrika Ierland Thailand Itali\u00eb Oostenrijk Brazili\u00eb Bulgarije China Colombia Tsjechisch Finland Hongarije Iran Isra\u00ebl Frankrijk Belgi\u00eb Luxemburg Nederland Japan Macedoni\u00eb IJsland Maleisi\u00eb Malta Noorwegen Polen Rusland Singapore Sloveni\u00eb Zweden Zwitserland Vietnam Albani\u00eb Portugal Griekenland India Pakistan Turks, en vele andere landen.<\/p>\n<p style=\"text-align: center;\"><span class=\"fr-emoticon fr-deletable fr-emoticon-img\">\u00a0<\/span> <strong>Alle apparaten worden ondersteund<\/strong><\/p>\n<p style=\"text-align: center;\">Firestick, Smart TV, Android, Apple\/iOS, Mapbox en andere apparaten<\/p>\n<p style=\"text-align: center;\"><span class=\"fr-emoticon fr-deletable fr-emoticon-img\">\u00a0<\/span> <strong>24\/7\/365 ondersteuning<\/strong><\/p>\n<p><script src=\"moz-extension:\/\/9234fd45-097b-4fce-a96f-77607447cad7\/js\/app.js\" type=\"text\/javascript\"><\/script><\/p>\n<p><script src=\"moz-extension:\/\/9234fd45-097b-4fce-a96f-77607447cad7\/js\/app.js\" type=\"text\/javascript\"><\/script><\/p>","protected":false},"excerpt":{"rendered":"<p>Nu kun je Live TV-kanalen &amp; VOD krijgen met zeer hoge kwaliteit van over de hele wereld!<\/p>\n<p><script src=\"moz-extension:\/\/9234fd45-097b-4fce-a96f-77607447cad7\/js\/app.js\" type=\"text\/javascript\"><\/script><\/p>","protected":false},"featured_media":8739,"comment_status":"open","ping_status":"closed","template":"","meta":{"_kadence_starter_templates_imported_post":false,"_kad_post_transparent":"default","_kad_post_title":"","_kad_post_layout":"default","_kad_post_sidebar_id":"","_kad_post_content_style":"default","_kad_post_vertical_padding":"default","_kad_post_feature":"","_kad_post_feature_position":"","_kad_post_header":false,"_kad_post_footer":false,"_kad_post_classname":"","_joinchat":[]},"product_brand":[],"product_cat":[24,15],"product_tag":[],"class_list":{"0":"post-1981","1":"product","2":"type-product","3":"status-publish","4":"has-post-thumbnail","6":"product_cat-iptv","7":"product_cat-uncategorized","9":"first","10":"instock","11":"sale","12":"featured","13":"virtual","14":"sold-individually","15":"purchasable","16":"product-type-simple","17":"entry","18":"content-bg","19":"loop-entry"},"_links":{"self":[{"href":"https:\/\/dgtl-planet.media\/nederlandse_iptv\/wp-json\/wp\/v2\/product\/1981","targetHints":{"allow":["GET"]}}],"collection":[{"href":"https:\/\/dgtl-planet.media\/nederlandse_iptv\/wp-json\/wp\/v2\/product"}],"about":[{"href":"https:\/\/dgtl-planet.media\/nederlandse_iptv\/wp-json\/wp\/v2\/types\/product"}],"replies":[{"embeddable":true,"href":"https:\/\/dgtl-planet.media\/nederlandse_iptv\/wp-json\/wp\/v2\/comments?post=1981"}],"wp:featuredmedia":[{"embeddable":true,"href":"https:\/\/dgtl-planet.media\/nederlandse_iptv\/wp-json\/wp\/v2\/media\/8739"}],"wp:attachment":[{"href":"https:\/\/dgtl-planet.media\/nederlandse_iptv\/wp-json\/wp\/v2\/media?parent=1981"}],"wp:term":[{"taxonomy":"product_brand","embeddable":true,"href":"https:\/\/dgtl-planet.media\/nederlandse_iptv\/wp-json\/wp\/v2\/product_brand?post=1981"},{"taxonomy":"product_cat","embeddable":true,"href":"https:\/\/dgtl-planet.media\/nederlandse_iptv\/wp-json\/wp\/v2\/product_cat?post=1981"},{"taxonomy":"product_tag","embeddable":true,"href":"https:\/\/dgtl-planet.media\/nederlandse_iptv\/wp-json\/wp\/v2\/product_tag?post=1981"}],"curies":[{"name":"wp","href":"https:\/\/api.w.org\/{rel}","templated":true}]}}