{"id":1967,"date":"2022-07-18T09:11:26","date_gmt":"2022-07-18T09:11:26","guid":{"rendered":"https:\/\/nouhefikri.ml\/?post_type=product&#038;p=1967"},"modified":"2025-07-24T12:38:08","modified_gmt":"2025-07-24T12:38:08","slug":"abonnement-iptv","status":"publish","type":"product","link":"https:\/\/dgtl-planet.media\/francais_iptv\/produit\/abonnement-iptv\/","title":{"rendered":"Abonnement IPTV original"},"content":{"rendered":"<p style=\"text-align: center;\"><strong>Description<\/strong>\u00a0:<\/p>\n<p style=\"text-align: center;\"><strong>Acheter IPTV<\/strong> et devenez l'un de nos clients satisfaits<\/p>\n<p style=\"text-align: center;\"><span class=\"fr-emoticon fr-deletable fr-emoticon-img\">\u00a0<\/span> <strong>\u00a0Essai gratuit de 24 heures<\/strong><\/p>\n<p style=\"text-align: center;\">Obtenez une liste d'essai de 24 heures avant d'acheter l'abonnement<strong>.<br \/>\n<\/strong><\/p>\n<p style=\"text-align: center;\"><span class=\"fr-emoticon fr-deletable fr-emoticon-img\">\u00a0<\/span> <strong>Activation rapide<\/strong><\/p>\n<p style=\"text-align: center;\">Obtenez votre IPTV dans les 24 heures suivant l'achat.<\/p>\n<p style=\"text-align: center;\"><span class=\"fr-emoticon fr-deletable fr-emoticon-img\">\u00a0<\/span> <strong>Plus de 12000+ Ch &amp; Vod<\/strong><\/p>\n<p style=\"text-align: center;\"><span class=\"fr-emoticon fr-deletable fr-emoticon-img\">\u00a0<\/span><strong>Cha\u00eenes LiveTV Premium HD, FHD et 4K<\/strong><\/p>\n<p style=\"text-align: center;\">Abonnez-vous et profitez de vos cha\u00eenes sportives et cin\u00e9matographiques pr\u00e9f\u00e9r\u00e9es du Royaume-Uni, des \u00c9tats-Unis, d'Europe et du monde entier. Nous couvrons tous les \u00e9v\u00e9nements sportifs majeurs.<\/p>\n<p style=\"text-align: center;\"><img decoding=\"async\" class=\"fr-fic fr-dib fr-draggable aligncenter\" src=\"https:\/\/cdn.youcan.shop\/stores\/2ed810fc6dd4f48b2d3d17f259be1b3e\/others\/ZfejMXiFUYoGbw5d9OX4jyc9aWhDvTDL1aJpTAP3.png\" width=\"411\" height=\"115\" data-name=\"stores\/2ed810fc6dd4f48b2d3d17f259be1b3e\/others\/ZfejMXiFUYoGbw5d9OX4jyc9aWhDvTDL1aJpTAP3.png\" \/><\/p>\n<p style=\"text-align: center;\"><span class=\"fr-emoticon fr-deletable fr-emoticon-img\">\u00a0<\/span> <strong>Streaming en direct 24\/7<\/strong><\/p>\n<p style=\"text-align: center;\"><span class=\"fr-emoticon fr-deletable fr-emoticon-img\">\u00a0<\/span> <strong>Pas de canal tampon<\/strong><\/p>\n<p style=\"text-align: center;\"><span class=\"fr-emoticon fr-deletable fr-emoticon-img\">\u00a0<\/span> <strong>Disponible dans le monde entier<\/strong><\/p>\n<div class=\"fr-img-space-wrap\" style=\"text-align: center;\"><strong><span class=\"fr-img-caption fr-fic fr-dib fr-draggable\" draggable=\"false\"><span class=\"fr-img-wrap\"><img fetchpriority=\"high\" decoding=\"async\" class=\"fr-draggable aligncenter\" src=\"https:\/\/cdn.youcan.shop\/stores\/2ed810fc6dd4f48b2d3d17f259be1b3e\/others\/LilFAVruMKSNVyPGKEGF0HJ40II7v2XPRVt4PcWS.png\" width=\"406\" height=\"202\" data-name=\"stores\/2ed810fc6dd4f48b2d3d17f259be1b3e\/others\/LilFAVruMKSNVyPGKEGF0HJ40II7v2XPRVt4PcWS.png\" \/><\/span><\/span>\u200b<\/strong><\/div>\n<p style=\"text-align: center;\"><strong>D\u00e9sormais, vous pouvez obtenir des cha\u00eenes de t\u00e9l\u00e9vision en direct et des services de vid\u00e9o \u00e0 la demande de tr\u00e8s haute qualit\u00e9 dans le monde entier !<\/strong> Digital Space fournit des cha\u00eenes de t\u00e9l\u00e9vision en direct du monde entier en un seul abonnement IPTV, y compris l'arabe USA Canada Allemagne UK Latino Roumanie Espagne Afrique du Sud Irlande Tha\u00eflande Italie Br\u00e9sil Bulgarie Chine Colombie Finlande tch\u00e8que Hongrie Iran Isra\u00ebl France Belgique Luxembourg Pays-Bas Japon Mac\u00e9doine Islande Malaisie Malte Norv\u00e8ge Pologne Russie Singapour Slov\u00e9nie Su\u00e8de Suisse Vietnam Albanie Portugal Gr\u00e8ce Inde Pakistan Turc, et beaucoup d'autres pays.<\/p>\n<p style=\"text-align: center;\"><span class=\"fr-emoticon fr-deletable fr-emoticon-img\">\u00a0<\/span> <strong>Tous les appareils sont pris en charge<\/strong><\/p>\n<p style=\"text-align: center;\">Firestick, Smart TV, Android, Apple\/iOS, Mapbox et autres appareils<\/p>\n<p style=\"text-align: center;\"><span class=\"fr-emoticon fr-deletable fr-emoticon-img\">\u00a0<\/span> <strong>Assistance 24\/7\/365<\/strong><\/p>\n<p style=\"text-align: center;\"><strong>\u00a0<\/strong><\/p>","protected":false},"excerpt":{"rendered":"<p>D\u00e9sormais, vous pouvez obtenir des cha\u00eenes de t\u00e9l\u00e9vision en direct et des services de vid\u00e9o \u00e0 la demande de tr\u00e8s haute qualit\u00e9 dans le monde entier !<\/p>","protected":false},"featured_media":8739,"comment_status":"open","ping_status":"closed","template":"","meta":{"_kadence_starter_templates_imported_post":false,"_kad_post_transparent":"default","_kad_post_title":"","_kad_post_layout":"default","_kad_post_sidebar_id":"","_kad_post_content_style":"default","_kad_post_vertical_padding":"default","_kad_post_feature":"","_kad_post_feature_position":"","_kad_post_header":false,"_kad_post_footer":false,"_kad_post_classname":"","_joinchat":[]},"product_brand":[],"product_cat":[15,24],"product_tag":[],"class_list":{"0":"post-1967","1":"product","2":"type-product","3":"status-publish","4":"has-post-thumbnail","6":"product_cat-uncategorized","7":"product_cat-iptv","9":"first","10":"instock","11":"sale","12":"featured","13":"shipping-taxable","14":"purchasable","15":"product-type-variable","16":"has-default-attributes","17":"entry","18":"content-bg","19":"loop-entry"},"_links":{"self":[{"href":"https:\/\/dgtl-planet.media\/francais_iptv\/wp-json\/wp\/v2\/product\/1967","targetHints":{"allow":["GET"]}}],"collection":[{"href":"https:\/\/dgtl-planet.media\/francais_iptv\/wp-json\/wp\/v2\/product"}],"about":[{"href":"https:\/\/dgtl-planet.media\/francais_iptv\/wp-json\/wp\/v2\/types\/product"}],"replies":[{"embeddable":true,"href":"https:\/\/dgtl-planet.media\/francais_iptv\/wp-json\/wp\/v2\/comments?post=1967"}],"wp:featuredmedia":[{"embeddable":true,"href":"https:\/\/dgtl-planet.media\/francais_iptv\/wp-json\/wp\/v2\/media\/8739"}],"wp:attachment":[{"href":"https:\/\/dgtl-planet.media\/francais_iptv\/wp-json\/wp\/v2\/media?parent=1967"}],"wp:term":[{"taxonomy":"product_brand","embeddable":true,"href":"https:\/\/dgtl-planet.media\/francais_iptv\/wp-json\/wp\/v2\/product_brand?post=1967"},{"taxonomy":"product_cat","embeddable":true,"href":"https:\/\/dgtl-planet.media\/francais_iptv\/wp-json\/wp\/v2\/product_cat?post=1967"},{"taxonomy":"product_tag","embeddable":true,"href":"https:\/\/dgtl-planet.media\/francais_iptv\/wp-json\/wp\/v2\/product_tag?post=1967"}],"curies":[{"name":"wp","href":"https:\/\/api.w.org\/{rel}","templated":true}]}}