{"id":6421,"date":"2023-06-21T12:41:51","date_gmt":"2023-06-21T12:41:51","guid":{"rendered":"https:\/\/dgtl-planet.com\/?page_id=6421"},"modified":"2024-04-16T14:32:24","modified_gmt":"2024-04-16T14:32:24","slug":"smart-tv-samsung-lg","status":"publish","type":"page","link":"https:\/\/dgtl-planet.media\/francais_iptv\/smart-tv-samsung-lg\/","title":{"rendered":"Smart TV (Samsung\/LG)"},"content":{"rendered":"<div data-elementor-type=\"wp-page\" data-elementor-id=\"6421\" class=\"elementor elementor-6421\" data-elementor-post-type=\"page\">\n\t\t\t\t\t\t<section class=\"elementor-section elementor-top-section elementor-element elementor-element-2a6632a elementor-section-boxed elementor-section-height-default elementor-section-height-default\" data-id=\"2a6632a\" data-element_type=\"section\" data-e-type=\"section\">\n\t\t\t\t\t\t<div class=\"elementor-container elementor-column-gap-default\">\n\t\t\t\t\t<div class=\"elementor-column elementor-col-100 elementor-top-column elementor-element elementor-element-95c4286\" data-id=\"95c4286\" data-element_type=\"column\" data-e-type=\"column\">\n\t\t\t<div class=\"elementor-widget-wrap elementor-element-populated\">\n\t\t\t\t\t\t<div class=\"elementor-element elementor-element-1a412ba elementor-widget elementor-widget-heading\" data-id=\"1a412ba\" data-element_type=\"widget\" data-e-type=\"widget\" data-widget_type=\"heading.default\">\n\t\t\t\t\t<h1 class=\"elementor-heading-title elementor-size-default\">Smart TV (Samsung\/LG)<\/h1>\t\t\t\t<\/div>\n\t\t\t\t\t<\/div>\n\t\t<\/div>\n\t\t\t\t\t<\/div>\n\t\t<\/section>\n\t\t\t\t<section class=\"elementor-section elementor-top-section elementor-element elementor-element-eff9061 elementor-section-boxed elementor-section-height-default elementor-section-height-default\" data-id=\"eff9061\" data-element_type=\"section\" data-e-type=\"section\">\n\t\t\t\t\t\t<div class=\"elementor-container elementor-column-gap-default\">\n\t\t\t\t\t<div class=\"elementor-column elementor-col-100 elementor-top-column elementor-element elementor-element-bda42fb\" data-id=\"bda42fb\" data-element_type=\"column\" data-e-type=\"column\">\n\t\t\t<div class=\"elementor-widget-wrap elementor-element-populated\">\n\t\t\t\t\t\t<div class=\"elementor-element elementor-element-3862fa5 elementor-widget elementor-widget-text-editor\" data-id=\"3862fa5\" data-element_type=\"widget\" data-e-type=\"widget\" data-widget_type=\"text-editor.default\">\n\t\t\t\t\t\t\t\t\t<section class=\"elementor-section elementor-top-section elementor-element elementor-element-fbcc52a elementor-section-boxed elementor-section-height-default elementor-section-height-default\" data-id=\"fbcc52a\" data-element_type=\"section\"><div class=\"elementor-container elementor-column-gap-default\"><div class=\"elementor-column elementor-col-100 elementor-top-column elementor-element elementor-element-4fd3051\" data-id=\"4fd3051\" data-element_type=\"column\"><div class=\"elementor-widget-wrap elementor-element-populated\"><section class=\"elementor-section elementor-top-section elementor-element elementor-element-fbcc52a elementor-section-boxed elementor-section-height-default elementor-section-height-default\" data-id=\"fbcc52a\" data-element_type=\"section\"><div class=\"elementor-container elementor-column-gap-default\"><div class=\"elementor-column elementor-col-100 elementor-top-column elementor-element elementor-element-4fd3051\" data-id=\"4fd3051\" data-element_type=\"column\"><div class=\"elementor-widget-wrap elementor-element-populated\"><div class=\"elementor-element elementor-element-1d6642a elementor-widget elementor-widget-heading\" data-id=\"1d6642a\" data-element_type=\"widget\" data-widget_type=\"heading.default\"><h4 class=\"elementor-widget-container\" style=\"text-align: center;\"><span style=\"color: #000000;\">Comment installer IPTV Smarters Pro sur Smart tv<b>\u00a0( Samsung\/LG)<\/b><\/span><\/h4><\/div><\/div><\/div><\/div><\/section><\/div><\/div><\/div><\/section>\t\t\t\t\t\t\t\t<\/div>\n\t\t\t\t\t<\/div>\n\t\t<\/div>\n\t\t\t\t\t<\/div>\n\t\t<\/section>\n\t\t\t\t<section class=\"elementor-section elementor-top-section elementor-element elementor-element-243b6b1 elementor-section-boxed elementor-section-height-default elementor-section-height-default\" data-id=\"243b6b1\" data-element_type=\"section\" data-e-type=\"section\">\n\t\t\t\t\t\t<div class=\"elementor-container elementor-column-gap-default\">\n\t\t\t\t\t<div class=\"elementor-column elementor-col-100 elementor-top-column elementor-element elementor-element-12c1df7\" data-id=\"12c1df7\" data-element_type=\"column\" data-e-type=\"column\">\n\t\t\t<div class=\"elementor-widget-wrap elementor-element-populated\">\n\t\t\t\t\t\t<div class=\"elementor-element elementor-element-773b73f elementor-widget elementor-widget-image\" data-id=\"773b73f\" data-element_type=\"widget\" data-e-type=\"widget\" data-widget_type=\"image.default\">\n\t\t\t\t\t\t\t\t\t\t\t\t\t\t\t<img fetchpriority=\"high\" decoding=\"async\" width=\"888\" height=\"615\" src=\"https:\/\/dgtl-planet.media\/wp-content\/uploads\/2023\/06\/image_2023-03-31_021214190.png\" class=\"attachment-large size-large wp-image-6428\" alt=\"\" srcset=\"https:\/\/dgtl-planet.media\/wp-content\/uploads\/2023\/06\/image_2023-03-31_021214190.png 888w, https:\/\/dgtl-planet.media\/wp-content\/uploads\/2023\/06\/image_2023-03-31_021214190-300x208.png 300w, https:\/\/dgtl-planet.media\/wp-content\/uploads\/2023\/06\/image_2023-03-31_021214190-768x532.png 768w\" sizes=\"(max-width: 888px) 100vw, 888px\" \/>\t\t\t\t\t\t\t\t\t\t\t\t\t\t\t<\/div>\n\t\t\t\t\t<\/div>\n\t\t<\/div>\n\t\t\t\t\t<\/div>\n\t\t<\/section>\n\t\t\t\t<section class=\"elementor-section elementor-top-section elementor-element elementor-element-c90511c elementor-section-boxed elementor-section-height-default elementor-section-height-default\" data-id=\"c90511c\" data-element_type=\"section\" data-e-type=\"section\">\n\t\t\t\t\t\t<div class=\"elementor-container elementor-column-gap-default\">\n\t\t\t\t\t<div class=\"elementor-column elementor-col-100 elementor-top-column elementor-element elementor-element-690a667\" data-id=\"690a667\" data-element_type=\"column\" data-e-type=\"column\">\n\t\t\t<div class=\"elementor-widget-wrap elementor-element-populated\">\n\t\t\t\t\t\t<div class=\"elementor-element elementor-element-ba53862 elementor-widget elementor-widget-text-editor\" data-id=\"ba53862\" data-element_type=\"widget\" data-e-type=\"widget\" data-widget_type=\"text-editor.default\">\n\t\t\t\t\t\t\t\t\t<h1 class=\"elementor-heading-title elementor-size-medium\" style=\"margin-bottom: 0px; font-family: Roboto, sans-serif; font-weight: 400; line-height: 37px; color: #000000; font-size: 19px; word-break: break-word; text-align: center;\"><span style=\"color: #000000;\">IPTV Smarters est un incroyable lecteur de streaming vid\u00e9o d\u00e9velopp\u00e9 sp\u00e9cialement pour les utilisateurs finaux qui veulent avoir la possibilit\u00e9 de regarder la t\u00e9l\u00e9vision en direct, la VOD, les s\u00e9ries et la t\u00e9l\u00e9vision de rattrapage sur leur Smart TV. Ce lecteur vid\u00e9o est facile \u00e0 utiliser et pourtant tr\u00e8s efficace avec un lecteur puissant, une mise en page attrayante et tr\u00e8s impressionnante et surtout conviviale.<\/span><\/h1>\t\t\t\t\t\t\t\t<\/div>\n\t\t\t\t\t<\/div>\n\t\t<\/div>\n\t\t\t\t\t<\/div>\n\t\t<\/section>\n\t\t\t\t<section class=\"elementor-section elementor-top-section elementor-element elementor-element-c68a4a4 elementor-section-boxed elementor-section-height-default elementor-section-height-default\" data-id=\"c68a4a4\" data-element_type=\"section\" data-e-type=\"section\">\n\t\t\t\t\t\t<div class=\"elementor-container elementor-column-gap-default\">\n\t\t\t\t\t<div class=\"elementor-column elementor-col-33 elementor-top-column elementor-element elementor-element-3b76577\" data-id=\"3b76577\" data-element_type=\"column\" data-e-type=\"column\">\n\t\t\t<div class=\"elementor-widget-wrap elementor-element-populated\">\n\t\t\t\t\t\t<div class=\"elementor-element elementor-element-209277d elementor-widget elementor-widget-image\" data-id=\"209277d\" data-element_type=\"widget\" data-e-type=\"widget\" data-widget_type=\"image.default\">\n\t\t\t\t\t\t\t\t\t\t\t\t\t\t\t<img decoding=\"async\" width=\"300\" height=\"300\" src=\"https:\/\/dgtl-planet.media\/wp-content\/uploads\/2023\/06\/version-1-300x300-1.png\" class=\"attachment-large size-large wp-image-6432\" alt=\"\" srcset=\"https:\/\/dgtl-planet.media\/wp-content\/uploads\/2023\/06\/version-1-300x300-1.png 300w, https:\/\/dgtl-planet.media\/wp-content\/uploads\/2023\/06\/version-1-300x300-1-150x150.png 150w\" sizes=\"(max-width: 300px) 100vw, 300px\" \/>\t\t\t\t\t\t\t\t\t\t\t\t\t\t\t<\/div>\n\t\t\t\t<div class=\"elementor-element elementor-element-58782e3 elementor-widget elementor-widget-text-editor\" data-id=\"58782e3\" data-element_type=\"widget\" data-e-type=\"widget\" data-widget_type=\"text-editor.default\">\n\t\t\t\t\t\t\t\t\t<h2 class=\"elementor-heading-title elementor-size-default\" style=\"margin-bottom: 0px; font-family: var( --e-global-typography-primary-font-family ), Sans-serif; font-weight: var( --e-global-typography-primary-font-weight ); color: #0a0a0a; font-size: 24px; word-break: break-word; text-align: center;\">Version : 1.0.4<\/h2>\t\t\t\t\t\t\t\t<\/div>\n\t\t\t\t\t<\/div>\n\t\t<\/div>\n\t\t\t\t<div class=\"elementor-column elementor-col-33 elementor-top-column elementor-element elementor-element-4487d80\" data-id=\"4487d80\" data-element_type=\"column\" data-e-type=\"column\">\n\t\t\t<div class=\"elementor-widget-wrap elementor-element-populated\">\n\t\t\t\t\t\t<div class=\"elementor-element elementor-element-0d7fbdc elementor-widget elementor-widget-spacer\" data-id=\"0d7fbdc\" data-element_type=\"widget\" data-e-type=\"widget\" data-widget_type=\"spacer.default\">\n\t\t\t\t\t\t\t<div class=\"elementor-spacer\">\n\t\t\t<div class=\"elementor-spacer-inner\"><\/div>\n\t\t<\/div>\n\t\t\t\t\t\t<\/div>\n\t\t\t\t<div class=\"elementor-element elementor-element-903ebb2 elementor-widget elementor-widget-image\" data-id=\"903ebb2\" data-element_type=\"widget\" data-e-type=\"widget\" data-widget_type=\"image.default\">\n\t\t\t\t\t\t\t\t\t\t\t\t\t\t\t<img decoding=\"async\" width=\"150\" height=\"150\" src=\"https:\/\/dgtl-planet.media\/wp-content\/uploads\/2023\/06\/repeat-300x300-1-150x150.png\" class=\"attachment-thumbnail size-thumbnail wp-image-6431\" alt=\"\" srcset=\"https:\/\/dgtl-planet.media\/wp-content\/uploads\/2023\/06\/repeat-300x300-1-150x150.png 150w, https:\/\/dgtl-planet.media\/wp-content\/uploads\/2023\/06\/repeat-300x300-1.png 300w\" sizes=\"(max-width: 150px) 100vw, 150px\" \/>\t\t\t\t\t\t\t\t\t\t\t\t\t\t\t<\/div>\n\t\t\t\t\t<\/div>\n\t\t<\/div>\n\t\t\t\t<div class=\"elementor-column elementor-col-33 elementor-top-column elementor-element elementor-element-beda0aa\" data-id=\"beda0aa\" data-element_type=\"column\" data-e-type=\"column\">\n\t\t\t<div class=\"elementor-widget-wrap elementor-element-populated\">\n\t\t\t\t\t\t<div class=\"elementor-element elementor-element-b1aae57 elementor-widget elementor-widget-image\" data-id=\"b1aae57\" data-element_type=\"widget\" data-e-type=\"widget\" data-widget_type=\"image.default\">\n\t\t\t\t\t\t\t\t\t\t\t\t\t\t\t<img loading=\"lazy\" decoding=\"async\" width=\"300\" height=\"300\" src=\"https:\/\/dgtl-planet.media\/wp-content\/uploads\/2023\/06\/laptop-300x300-1.png\" class=\"attachment-large size-large wp-image-6430\" alt=\"\" srcset=\"https:\/\/dgtl-planet.media\/wp-content\/uploads\/2023\/06\/laptop-300x300-1.png 300w, https:\/\/dgtl-planet.media\/wp-content\/uploads\/2023\/06\/laptop-300x300-1-150x150.png 150w\" sizes=\"(max-width: 300px) 100vw, 300px\" \/>\t\t\t\t\t\t\t\t\t\t\t\t\t\t\t<\/div>\n\t\t\t\t<div class=\"elementor-element elementor-element-5594ea2 elementor-widget elementor-widget-text-editor\" data-id=\"5594ea2\" data-element_type=\"widget\" data-e-type=\"widget\" data-widget_type=\"text-editor.default\">\n\t\t\t\t\t\t\t\t\t<h2 class=\"elementor-heading-title elementor-size-default\" style=\"margin-bottom: 0px; font-family: var( --e-global-typography-primary-font-family ), Sans-serif; font-weight: var( --e-global-typography-primary-font-weight ); color: #000000; font-size: 24px; word-break: break-word; text-align: center;\"><span style=\"font-weight: bolder;\">Compatibilit\u00e9 :<\/span>\u00a0Compatible avec tous les appareils<\/h2>\t\t\t\t\t\t\t\t<\/div>\n\t\t\t\t\t<\/div>\n\t\t<\/div>\n\t\t\t\t\t<\/div>\n\t\t<\/section>\n\t\t\t\t<section class=\"elementor-section elementor-top-section elementor-element elementor-element-7453fdf elementor-section-boxed elementor-section-height-default elementor-section-height-default\" data-id=\"7453fdf\" data-element_type=\"section\" data-e-type=\"section\">\n\t\t\t\t\t\t<div class=\"elementor-container elementor-column-gap-default\">\n\t\t\t\t\t<div class=\"elementor-column elementor-col-100 elementor-top-column elementor-element elementor-element-56658d1\" data-id=\"56658d1\" data-element_type=\"column\" data-e-type=\"column\">\n\t\t\t<div class=\"elementor-widget-wrap elementor-element-populated\">\n\t\t\t\t\t\t<div class=\"elementor-element elementor-element-900e6cc elementor-widget elementor-widget-text-editor\" data-id=\"900e6cc\" data-element_type=\"widget\" data-e-type=\"widget\" data-widget_type=\"text-editor.default\">\n\t\t\t\t\t\t\t\t\t<div class=\"elementor-element elementor-element-297a2ec elementor-widget elementor-widget-heading\" data-id=\"297a2ec\" data-element_type=\"widget\" data-widget_type=\"heading.default\"><div class=\"elementor-widget-container\"><h2 class=\"elementor-heading-title elementor-size-large\" style=\"text-align: center;\"><span style=\"color: #000000;\">Comment cela fonctionne-t-il ?<\/span><\/h2><\/div><\/div><div class=\"elementor-element elementor-element-9949a96 elementor-widget elementor-widget-heading\" style=\"text-align: center;\" data-id=\"9949a96\" data-element_type=\"widget\" data-widget_type=\"heading.default\"><div class=\"elementor-widget-container\"><h1 class=\"elementor-heading-title elementor-size-medium\"><span style=\"color: #00ccff;\">Pour Samsung Smart TV<\/span><\/h1><\/div><\/div><div class=\"elementor-element elementor-element-ebf0e23 elementor-widget elementor-widget-heading\" style=\"text-align: center;\" data-id=\"ebf0e23\" data-element_type=\"widget\" data-widget_type=\"heading.default\"><div class=\"elementor-widget-container\"><h1 class=\"elementor-heading-title elementor-size-medium\"><span style=\"color: #000000;\">\u00c9tape 1 : Appuyez sur le bouton Smart Hub de votre t\u00e9l\u00e9commande.<\/span><br \/><br \/><span style=\"color: #000000;\">Etape 2 : Rechercher l'IPTV Smarters Pro \u00e0 installer.<\/span><br \/><br \/><span style=\"color: #000000;\">\u00c9tape 3 : Connectez-vous \u00e0 l'application avec vos donn\u00e9es d'inscription, c'est-\u00e0-dire votre nom d'utilisateur, votre mot de passe et l'URL du portail.<\/span><\/h1><\/div><\/div><div class=\"elementor-element elementor-element-d25a868 elementor-widget elementor-widget-heading\" style=\"text-align: center;\" data-id=\"d25a868\" data-element_type=\"widget\" data-widget_type=\"heading.default\"><div class=\"elementor-widget-container\"><h1 class=\"elementor-heading-title elementor-size-medium\"><span style=\"color: #00ccff;\">Pour LG Smart TV<\/span><\/h1><\/div><\/div><div class=\"elementor-element elementor-element-7526d08 elementor-widget elementor-widget-heading\" style=\"text-align: center;\" data-id=\"7526d08\" data-element_type=\"widget\" data-widget_type=\"heading.default\"><div class=\"elementor-widget-container\"><h1 class=\"elementor-heading-title elementor-size-medium\"><span style=\"color: #000000;\">\u00c9tape 1 : Appuyez sur le bouton Home de la t\u00e9l\u00e9commande et acc\u00e9dez \u00e0 LG Content Store.<\/span><br \/><br \/><span style=\"color: #000000;\">Etape 2 : Rechercher l'IPTV Smarters Pro \u00e0 installer.<\/span><br \/><br \/><span style=\"color: #000000;\">\u00c9tape 3 : Connectez-vous \u00e0 l'application avec vos donn\u00e9es d'inscription, c'est-\u00e0-dire votre nom d'utilisateur, votre mot de passe et l'URL du portail.<\/span><\/h1><\/div><\/div><div class=\"elementor-element elementor-element-15f9201 elementor-widget elementor-widget-spacer\" data-id=\"15f9201\" data-element_type=\"widget\" data-widget_type=\"spacer.default\"><div class=\"elementor-widget-container\"><div class=\"elementor-spacer\" style=\"text-align: center;\">\u00a0<\/div><\/div><\/div>\t\t\t\t\t\t\t\t<\/div>\n\t\t\t\t\t<\/div>\n\t\t<\/div>\n\t\t\t\t\t<\/div>\n\t\t<\/section>\n\t\t\t\t<section class=\"elementor-section elementor-top-section elementor-element elementor-element-c92610c elementor-section-boxed elementor-section-height-default elementor-section-height-default\" data-id=\"c92610c\" data-element_type=\"section\" data-e-type=\"section\">\n\t\t\t\t\t\t<div class=\"elementor-container elementor-column-gap-default\">\n\t\t\t\t\t<div class=\"elementor-column elementor-col-100 elementor-top-column elementor-element elementor-element-f006e31\" data-id=\"f006e31\" data-element_type=\"column\" data-e-type=\"column\">\n\t\t\t<div class=\"elementor-widget-wrap elementor-element-populated\">\n\t\t\t\t\t\t<div class=\"elementor-element elementor-element-04de02c elementor-widget elementor-widget-text-editor\" data-id=\"04de02c\" data-element_type=\"widget\" data-e-type=\"widget\" data-widget_type=\"text-editor.default\">\n\t\t\t\t\t\t\t\t\t<h4 style=\"text-align: center;\"><strong><span style=\"color: #000000;\">Apr\u00e8s avoir install\u00e9 l'application smarters, ouvrez-la et choisissez de vous connecter avec l'api xtream codes, utilisez le m\u00eame nom d'utilisateur et le m\u00eame mot de passe que dans l'application <span style=\"color: #000080;\">abonnement<\/span> email, pour l'url demand\u00e9e par l'application, utilisez celle-ci : <span style=\"color: #0000ff;\"><span style=\"text-decoration: underline;\">http:\/\/cf.hi-ott.me<\/span><\/span><\/span><\/strong><\/h4>\t\t\t\t\t\t\t\t<\/div>\n\t\t\t\t\t<\/div>\n\t\t<\/div>\n\t\t\t\t\t<\/div>\n\t\t<\/section>\n\t\t\t\t<\/div>","protected":false},"excerpt":{"rendered":"<p>Smart TV (Samsung\/LG) Comment installer IPTV Smarters Pro sur Smart tv ( Samsung\/LG) IPTV Smarters est un incroyable lecteur de streaming vid\u00e9o qui a \u00e9t\u00e9 d\u00e9velopp\u00e9 sp\u00e9cialement pour les utilisateurs finaux qui veulent avoir la possibilit\u00e9 de regarder la t\u00e9l\u00e9vision en direct, la VOD, les s\u00e9ries et la t\u00e9l\u00e9vision de rattrapage sur leur Smart TV. Ce lecteur vid\u00e9o est facile \u00e0...<\/p>","protected":false},"author":1,"featured_media":0,"parent":0,"menu_order":0,"comment_status":"closed","ping_status":"closed","template":"","meta":{"_kadence_starter_templates_imported_post":false,"_kad_post_transparent":"","_kad_post_title":"hide","_kad_post_layout":"fullwidth","_kad_post_sidebar_id":"","_kad_post_content_style":"unboxed","_kad_post_vertical_padding":"hide","_kad_post_feature":"hide","_kad_post_feature_position":"","_kad_post_header":false,"_kad_post_footer":false,"_kad_post_classname":"","_joinchat":[],"footnotes":""},"class_list":["post-6421","page","type-page","status-publish","hentry"],"_links":{"self":[{"href":"https:\/\/dgtl-planet.media\/francais_iptv\/wp-json\/wp\/v2\/pages\/6421","targetHints":{"allow":["GET"]}}],"collection":[{"href":"https:\/\/dgtl-planet.media\/francais_iptv\/wp-json\/wp\/v2\/pages"}],"about":[{"href":"https:\/\/dgtl-planet.media\/francais_iptv\/wp-json\/wp\/v2\/types\/page"}],"author":[{"embeddable":true,"href":"https:\/\/dgtl-planet.media\/francais_iptv\/wp-json\/wp\/v2\/users\/1"}],"replies":[{"embeddable":true,"href":"https:\/\/dgtl-planet.media\/francais_iptv\/wp-json\/wp\/v2\/comments?post=6421"}],"version-history":[{"count":15,"href":"https:\/\/dgtl-planet.media\/francais_iptv\/wp-json\/wp\/v2\/pages\/6421\/revisions"}],"predecessor-version":[{"id":7034,"href":"https:\/\/dgtl-planet.media\/francais_iptv\/wp-json\/wp\/v2\/pages\/6421\/revisions\/7034"}],"wp:attachment":[{"href":"https:\/\/dgtl-planet.media\/francais_iptv\/wp-json\/wp\/v2\/media?parent=6421"}],"curies":[{"name":"wp","href":"https:\/\/api.w.org\/{rel}","templated":true}]}}