{"id":1291,"date":"2022-06-10T07:49:23","date_gmt":"2022-06-10T07:49:23","guid":{"rendered":"https:\/\/nouhefikri.ml\/?page_id=1291"},"modified":"2025-01-15T20:19:36","modified_gmt":"2025-01-15T20:19:36","slug":"conditions-generales","status":"publish","type":"page","link":"https:\/\/dgtl-planet.media\/francais_iptv\/conditions-generales\/","title":{"rendered":"Conditions g\u00e9n\u00e9rales d'utilisation"},"content":{"rendered":"<div data-elementor-type=\"wp-page\" data-elementor-id=\"1291\" class=\"elementor elementor-1291\" data-elementor-post-type=\"page\">\n\t\t\t\t\t\t<section class=\"elementor-section elementor-top-section elementor-element elementor-element-946a9b1 elementor-section-boxed elementor-section-height-default elementor-section-height-default\" data-id=\"946a9b1\" data-element_type=\"section\" data-e-type=\"section\">\n\t\t\t\t\t\t<div class=\"elementor-container elementor-column-gap-default\">\n\t\t\t\t\t<div class=\"elementor-column elementor-col-100 elementor-top-column elementor-element elementor-element-95d6561\" data-id=\"95d6561\" data-element_type=\"column\" data-e-type=\"column\">\n\t\t\t<div class=\"elementor-widget-wrap elementor-element-populated\">\n\t\t\t\t\t\t<div class=\"elementor-element elementor-element-88d6776 elementor-widget elementor-widget-heading\" data-id=\"88d6776\" data-element_type=\"widget\" data-e-type=\"widget\" data-widget_type=\"heading.default\">\n\t\t\t\t\t<h1 class=\"elementor-heading-title elementor-size-default\">Conditions g\u00e9n\u00e9rales d'utilisation<\/h1>\t\t\t\t<\/div>\n\t\t\t\t\t<\/div>\n\t\t<\/div>\n\t\t\t\t\t<\/div>\n\t\t<\/section>\n\t\t\t\t<section class=\"elementor-section elementor-top-section elementor-element elementor-element-21a6a20 elementor-section-boxed elementor-section-height-default elementor-section-height-default\" data-id=\"21a6a20\" data-element_type=\"section\" data-e-type=\"section\">\n\t\t\t\t\t\t<div class=\"elementor-container elementor-column-gap-default\">\n\t\t\t\t\t<div class=\"elementor-column elementor-col-100 elementor-top-column elementor-element elementor-element-e2130b4\" data-id=\"e2130b4\" data-element_type=\"column\" data-e-type=\"column\">\n\t\t\t<div class=\"elementor-widget-wrap elementor-element-populated\">\n\t\t\t\t\t\t<div class=\"elementor-element elementor-element-bc70f1e elementor-widget elementor-widget-text-editor\" data-id=\"bc70f1e\" data-element_type=\"widget\" data-e-type=\"widget\" data-widget_type=\"text-editor.default\">\n\t\t\t\t\t\t\t\t\t<p>Veuillez vous assurer de lire et de comprendre nos termes et conditions avant d'effectuer un achat aupr\u00e8s de DIGITAL PLANET. Nos plans d'abonnement IPTV (num\u00e9rique uniquement) offrent un acc\u00e8s aux cha\u00eenes de t\u00e9l\u00e9vision en direct, \u00e0 la vid\u00e9o \u00e0 la demande, aux films et aux \u00e9missions de t\u00e9l\u00e9vision.<br \/>En vous abonnant ou en achetant chez nous, vous reconnaissez et acceptez les conditions g\u00e9n\u00e9rales ci-dessous.<\/p><p><strong>\u00c2ge minimum autoris\u00e9<\/strong><br \/>Pour vous abonner et profiter des services de DIGITAL PLANET, vous devez \u00eatre \u00e2g\u00e9 d'au moins 18 ans.<\/p><p><strong>Connexions autoris\u00e9es par abonnement<\/strong><br \/>Chaque abonnement ne permet qu'une seule connexion.<br \/>L'utilisation de plus d'une connexion entra\u00eenera la suspension de votre abonnement et de votre IP par le fournisseur, sans remboursement.<\/p><p><strong>Le nombre de cha\u00eenes de t\u00e9l\u00e9vision en direct et de services de vid\u00e9o \u00e0 la demande <\/strong>Les cha\u00eenes et la VOD peuvent \u00eatre modifi\u00e9es, mises \u00e0 jour ou supprim\u00e9es \u00e0 tout moment et sans pr\u00e9avis.<br \/>Toute modification des cat\u00e9gories ou de tout \u00e9l\u00e9ment inclus dans le contenu peut intervenir \u00e0 tout moment.<br \/>DIGITAL PLANET n'a aucun contr\u00f4le sur le contenu fourni ou sur l'EPG, ni sur les mises \u00e0 jour qui leur sont apport\u00e9es.<\/p><p><strong>Comportement d'utilisation inacceptable<\/strong><br \/>DIGITAL PLANET n'autorise aucun type de re-streaming, de transmission du contenu ou de distribution du contenu fourni.<\/p><p><strong>Qualit\u00e9 du contenu fourni<\/strong><br \/>En raison de la nature de l'IPTV et des facteurs dont elle d\u00e9pend, tels que le fournisseur d'acc\u00e8s Internet, la vitesse Internet, la bande passante, les sources de streaming et de nombreuses autres variables, nous ne pouvons pas garantir que le contenu fonctionnera 100% tout le temps, il est possible de trouver des probl\u00e8mes tels que la mise en m\u00e9moire tampon, le gel ou le non-fonctionnement du contenu.<br \/>Veillez donc \u00e0 disposer d'une connexion internet \u00e0 haut d\u00e9bit et \u00e0 ce que votre fournisseur d'acc\u00e8s Internet autorise les serveurs IPTV afin de r\u00e9duire les risques de probl\u00e8mes.<br \/>Veuillez noter que le partage de votre abonnement entra\u00eenera \u00e9galement une r\u00e9siliation imm\u00e9diate sans pr\u00e9avis.<\/p><p><strong>Politique d'utilisation du proxy \/ VPN<\/strong><br \/>L'utilisation d'applications ou de serveurs Proxy \/ VPN n'est pas autoris\u00e9e et peut entra\u00eener la suspension du service sans remboursement.<\/p><p><strong>Pays non soutenus<\/strong><br \/>Notre service fonctionne partout dans le monde, \u00e0 condition que votre fournisseur d'acc\u00e8s \u00e0 Internet ne bloque pas nos services.<\/p><p><strong>Frais d'utilisation des donn\u00e9es<\/strong><br \/>Le client est responsable de tous les frais li\u00e9s \u00e0 l'utilisation des donn\u00e9es ou \u00e0 l'utilisation d'Internet.<\/p><p><strong>Informations fournies<\/strong><br \/>Toute information ou donn\u00e9e fournie doit \u00eatre exacte.<br \/>Vous devez \u00eatre le propri\u00e9taire ou avoir le droit d'utiliser la m\u00e9thode de paiement utilis\u00e9e pour acheter un produit chez nous.<\/p><p><strong>Ajustements de nos conditions g\u00e9n\u00e9rales<\/strong><br \/>Il est possible qu'\u00e0 tout moment et sans pr\u00e9avis, ces conditions soient modifi\u00e9es.<br \/>y compris notre politique de confidentialit\u00e9, avec ou sans pr\u00e9avis au client. Toute modification entrera en vigueur d\u00e8s sa publication. L'utilisation de notre service et de ce site \u00e0 la suite d'une telle modification constitue votre reconnaissance de ces conditions modifi\u00e9es.<br \/>Le nombre de cha\u00eenes et de films dans la biblioth\u00e8que VOD peut \u00eatre modifi\u00e9 en fonction de la mise \u00e0 jour que nous effectuons chaque semaine.<\/p><p><strong>Tarification<\/strong><br \/>Les services fournis par DIGITAL PLANET sont susceptibles d'\u00eatre modifi\u00e9s et mis \u00e0 jour \u00e0 tout moment et sans pr\u00e9avis.<br \/>Les remises et les promotions peuvent avoir lieu \u00e0 tout moment. Si un service a \u00e9t\u00e9 achet\u00e9 avant l'offre, il ne peut pas \u00eatre rembours\u00e9 pour b\u00e9n\u00e9ficier de l'offre.<\/p><p><strong>D\u00e9tails de l'abonnement<\/strong><br \/>vous devez suivre les d\u00e9tails et les instructions avant d'acheter un abonnement IPTV aupr\u00e8s de nous ou en cas de probl\u00e8me.<\/p><p><strong>Suspension et temps d'arr\u00eat<\/strong><br \/>en plus de notre droit et de nos conditions de r\u00e9silier ou de d\u00e9sactiver l'abonnement, vous confirmez et acceptez les temps d'arr\u00eat en cas de maintenance du serveur ou de toute mise \u00e0 jour ou probl\u00e8me li\u00e9 au serveur, vous ne serez pas inform\u00e9 de ces derniers avant qu'ils ne se produisent.<br \/>Toutes les communications et tous les termes \u00e0 faire ou \u00e0 offrir dans le cadre du pr\u00e9sent accord doivent \u00eatre r\u00e9dig\u00e9s en anglais. Nous avons l'autorit\u00e9 et le droit de mettre fin imm\u00e9diatement ou de limiter votre utilisation des services ou votre acc\u00e8s au contenu \u00e0 tout moment, sans pr\u00e9avis ni responsabilit\u00e9, au cas o\u00f9 DIGITAL PLANET d\u00e9ciderait, \u00e0 sa seule discr\u00e9tion, que vous avez enfreint l'un des termes et conditions ci-dessus, une loi ou un r\u00e8glement sur un contenu quelconque, notamment<br \/>- Le logo de DIGITAL PLANET et les autres marques, photos et contenus \u00e9crits de DIGITAL PLANET sont la propri\u00e9t\u00e9 de DIGITAL PLANET. Toutes les marques de DIGITAL PLANET ne peuvent \u00eatre copi\u00e9es, t\u00e9l\u00e9charg\u00e9es, partag\u00e9es ou utilis\u00e9es de quelque mani\u00e8re que ce soit.<\/p>\t\t\t\t\t\t\t\t<\/div>\n\t\t\t\t\t<\/div>\n\t\t<\/div>\n\t\t\t\t\t<\/div>\n\t\t<\/section>\n\t\t\t\t<\/div>","protected":false},"excerpt":{"rendered":"<p>Conditions g\u00e9n\u00e9rales Veuillez vous assurer de lire et de comprendre nos conditions g\u00e9n\u00e9rales avant d'effectuer un achat aupr\u00e8s de DIGITAL PLANET. Nos plans d'abonnement IPTV (num\u00e9rique uniquement) offrent un acc\u00e8s aux cha\u00eenes de t\u00e9l\u00e9vision en direct, \u00e0 la vid\u00e9o \u00e0 la demande, aux films et aux \u00e9missions de t\u00e9l\u00e9vision. En vous abonnant ou en achetant chez nous, vous reconnaissez et acceptez les termes et conditions ci-dessous.....<\/p>","protected":false},"author":1,"featured_media":0,"parent":0,"menu_order":0,"comment_status":"closed","ping_status":"closed","template":"elementor_header_footer","meta":{"_kadence_starter_templates_imported_post":false,"_kad_post_transparent":"","_kad_post_title":"hide","_kad_post_layout":"fullwidth","_kad_post_sidebar_id":"","_kad_post_content_style":"unboxed","_kad_post_vertical_padding":"hide","_kad_post_feature":"hide","_kad_post_feature_position":"","_kad_post_header":false,"_kad_post_footer":false,"_kad_post_classname":"","_joinchat":[],"footnotes":""},"class_list":["post-1291","page","type-page","status-publish","hentry"],"_links":{"self":[{"href":"https:\/\/dgtl-planet.media\/francais_iptv\/wp-json\/wp\/v2\/pages\/1291","targetHints":{"allow":["GET"]}}],"collection":[{"href":"https:\/\/dgtl-planet.media\/francais_iptv\/wp-json\/wp\/v2\/pages"}],"about":[{"href":"https:\/\/dgtl-planet.media\/francais_iptv\/wp-json\/wp\/v2\/types\/page"}],"author":[{"embeddable":true,"href":"https:\/\/dgtl-planet.media\/francais_iptv\/wp-json\/wp\/v2\/users\/1"}],"replies":[{"embeddable":true,"href":"https:\/\/dgtl-planet.media\/francais_iptv\/wp-json\/wp\/v2\/comments?post=1291"}],"version-history":[{"count":44,"href":"https:\/\/dgtl-planet.media\/francais_iptv\/wp-json\/wp\/v2\/pages\/1291\/revisions"}],"predecessor-version":[{"id":8679,"href":"https:\/\/dgtl-planet.media\/francais_iptv\/wp-json\/wp\/v2\/pages\/1291\/revisions\/8679"}],"wp:attachment":[{"href":"https:\/\/dgtl-planet.media\/francais_iptv\/wp-json\/wp\/v2\/media?parent=1291"}],"curies":[{"name":"wp","href":"https:\/\/api.w.org\/{rel}","templated":true}]}}