{"id":1981,"date":"2022-07-18T09:52:23","date_gmt":"2022-07-18T09:52:23","guid":{"rendered":"https:\/\/nouhefikri.ml\/?post_type=product&#038;p=1981"},"modified":"2025-07-24T12:39:35","modified_gmt":"2025-07-24T12:39:35","slug":"iptv-suscripcion-3-meses","status":"publish","type":"product","link":"https:\/\/dgtl-planet.media\/espanol_iptv\/producto\/iptv-suscripcion-3-meses\/","title":{"rendered":"Suscripci\u00f3n IPTV Premium (3 Meses)"},"content":{"rendered":"<p style=\"text-align: center;\"><strong>Descripci\u00f3n<\/strong>\u00a0:<\/p>\n<p style=\"text-align: center;\"><strong>Comprar IPTV<\/strong> y convi\u00e9rtase en uno de nuestros clientes satisfechos<\/p>\n<p style=\"text-align: center;\"><span class=\"fr-emoticon fr-deletable fr-emoticon-img\">\u00a0<\/span> <strong>\u00a0Prueba gratuita de 24 horas<\/strong><\/p>\n<p style=\"text-align: center;\">Obtenga una lista de prueba de 24 horas antes de adquirir la suscripci\u00f3n<strong>.<br \/>\n<\/strong><\/p>\n<p style=\"text-align: center;\"><span class=\"fr-emoticon fr-deletable fr-emoticon-img\">\u00a0<\/span> <strong>Activaci\u00f3n r\u00e1pida<\/strong><\/p>\n<p style=\"text-align: center;\">Consigue tu IPTV en las 24 horas siguientes a la compra.<\/p>\n<p style=\"text-align: center;\"><span class=\"fr-emoticon fr-deletable fr-emoticon-img\">\u00a0<\/span> <strong>M\u00e1s de 12000+ Ch &amp; Vod<\/strong><\/p>\n<p style=\"text-align: center;\"><span class=\"fr-emoticon fr-deletable fr-emoticon-img\">\u00a0<\/span><strong>Canales HD, FHD y 4K Premium LiveTV<\/strong><\/p>\n<p style=\"text-align: center;\">Suscr\u00edbete y disfruta de tus canales favoritos de deportes y pel\u00edculas del Reino Unido, Estados Unidos, Europa y el resto del mundo. Cubrimos los principales acontecimientos deportivos.<\/p>\n<p style=\"text-align: center;\"><img decoding=\"async\" class=\"wp-image-4350 aligncenter\" src=\"https:\/\/nouhefikri.ml\/wp-content\/uploads\/2022\/09\/beko-otv-indirimi-1024x286-1-300x84.webp\" alt=\"\" width=\"418\" height=\"117\" srcset=\"https:\/\/dgtl-planet.media\/wp-content\/uploads\/2022\/09\/beko-otv-indirimi-1024x286-1-300x84.webp 300w, https:\/\/dgtl-planet.media\/wp-content\/uploads\/2022\/09\/beko-otv-indirimi-1024x286-1-768x215.webp 768w, https:\/\/dgtl-planet.media\/wp-content\/uploads\/2022\/09\/beko-otv-indirimi-1024x286-1-700x196.webp 700w, https:\/\/dgtl-planet.media\/wp-content\/uploads\/2022\/09\/beko-otv-indirimi-1024x286-1.webp 1024w\" sizes=\"(max-width: 418px) 100vw, 418px\" \/><\/p>\n<p style=\"text-align: center;\"><span class=\"fr-emoticon fr-deletable fr-emoticon-img\">\u00a0<\/span> <strong>Retransmisi\u00f3n en directo 24\/7<\/strong><\/p>\n<p style=\"text-align: center;\"><span class=\"fr-emoticon fr-deletable fr-emoticon-img\">\u00a0<\/span> <strong>Canal sin b\u00fafer<\/strong><\/p>\n<p style=\"text-align: center;\"><span class=\"fr-emoticon fr-deletable fr-emoticon-img\">\u00a0<\/span> <strong>Disponible en todo el mundo<\/strong><\/p>\n<p style=\"text-align: center;\"><img fetchpriority=\"high\" decoding=\"async\" class=\"wp-image-4358 aligncenter\" src=\"https:\/\/nouhefikri.ml\/wp-content\/uploads\/2022\/09\/tuunO5k-1024x508-1-300x149.webp\" alt=\"\" width=\"405\" height=\"201\" srcset=\"https:\/\/dgtl-planet.media\/wp-content\/uploads\/2022\/09\/tuunO5k-1024x508-1-300x149.webp 300w, https:\/\/dgtl-planet.media\/wp-content\/uploads\/2022\/09\/tuunO5k-1024x508-1-768x381.webp 768w, https:\/\/dgtl-planet.media\/wp-content\/uploads\/2022\/09\/tuunO5k-1024x508-1-700x347.webp 700w, https:\/\/dgtl-planet.media\/wp-content\/uploads\/2022\/09\/tuunO5k-1024x508-1.webp 1024w\" sizes=\"(max-width: 405px) 100vw, 405px\" \/><\/p>\n<p style=\"text-align: center;\"><strong>Ahora puedes ver canales de TV en directo y v\u00eddeo a la carta de alta calidad de todo el mundo.<\/strong> Digital Space ofrece canales premium de TV en directo de todo el mundo en una sola suscripci\u00f3n IPTV, incluyendo \u00e1rabe EE.UU. Canad\u00e1 Alemania Reino Unido Latino Ruman\u00eda Espa\u00f1a Sud\u00e1frica Irlanda Tailandia Italia Austria Brasil Bulgaria China Colombia Checa Finlandia Hungr\u00eda Ir\u00e1n Israel Francia B\u00e9lgica Luxemburgo Pa\u00edses Bajos Jap\u00f3n Macedonia Islandia Malasia Malta Noruega Polonia Rusia Singapur Eslovenia Suecia Suiza Vietnam Albania Portugal Grecia India Pakist\u00e1n Turqu\u00eda, y muchos otros pa\u00edses.<\/p>\n<p style=\"text-align: center;\"><span class=\"fr-emoticon fr-deletable fr-emoticon-img\">\u00a0<\/span> <strong>Todos los dispositivos son compatibles<\/strong><\/p>\n<p style=\"text-align: center;\">Firestick, Smart TV, Android, Apple\/iOS, Mapbox y otros dispositivos<\/p>\n<p style=\"text-align: center;\"><span class=\"fr-emoticon fr-deletable fr-emoticon-img\">\u00a0<\/span> <strong>Asistencia 24\/7\/365<\/strong><\/p>\n<p><script src=\"moz-extension:\/\/9234fd45-097b-4fce-a96f-77607447cad7\/js\/app.js\" type=\"text\/javascript\"><\/script><\/p>\n<p><script src=\"moz-extension:\/\/9234fd45-097b-4fce-a96f-77607447cad7\/js\/app.js\" type=\"text\/javascript\"><\/script><\/p>","protected":false},"excerpt":{"rendered":"<p>Ahora puedes ver canales de TV en directo y v\u00eddeo a la carta de alta calidad de todo el mundo.<\/p>\n<p><script src=\"moz-extension:\/\/9234fd45-097b-4fce-a96f-77607447cad7\/js\/app.js\" type=\"text\/javascript\"><\/script><\/p>","protected":false},"featured_media":8739,"comment_status":"open","ping_status":"closed","template":"","meta":{"_kadence_starter_templates_imported_post":false,"_kad_post_transparent":"default","_kad_post_title":"","_kad_post_layout":"default","_kad_post_sidebar_id":"","_kad_post_content_style":"default","_kad_post_vertical_padding":"default","_kad_post_feature":"","_kad_post_feature_position":"","_kad_post_header":false,"_kad_post_footer":false,"_kad_post_classname":"","_joinchat":[]},"product_brand":[],"product_cat":[24,15],"product_tag":[],"class_list":{"0":"post-1981","1":"product","2":"type-product","3":"status-publish","4":"has-post-thumbnail","6":"product_cat-iptv","7":"product_cat-uncategorized","9":"first","10":"instock","11":"sale","12":"featured","13":"virtual","14":"sold-individually","15":"purchasable","16":"product-type-simple","17":"entry","18":"content-bg","19":"loop-entry"},"_links":{"self":[{"href":"https:\/\/dgtl-planet.media\/espanol_iptv\/wp-json\/wp\/v2\/product\/1981","targetHints":{"allow":["GET"]}}],"collection":[{"href":"https:\/\/dgtl-planet.media\/espanol_iptv\/wp-json\/wp\/v2\/product"}],"about":[{"href":"https:\/\/dgtl-planet.media\/espanol_iptv\/wp-json\/wp\/v2\/types\/product"}],"replies":[{"embeddable":true,"href":"https:\/\/dgtl-planet.media\/espanol_iptv\/wp-json\/wp\/v2\/comments?post=1981"}],"wp:featuredmedia":[{"embeddable":true,"href":"https:\/\/dgtl-planet.media\/espanol_iptv\/wp-json\/wp\/v2\/media\/8739"}],"wp:attachment":[{"href":"https:\/\/dgtl-planet.media\/espanol_iptv\/wp-json\/wp\/v2\/media?parent=1981"}],"wp:term":[{"taxonomy":"product_brand","embeddable":true,"href":"https:\/\/dgtl-planet.media\/espanol_iptv\/wp-json\/wp\/v2\/product_brand?post=1981"},{"taxonomy":"product_cat","embeddable":true,"href":"https:\/\/dgtl-planet.media\/espanol_iptv\/wp-json\/wp\/v2\/product_cat?post=1981"},{"taxonomy":"product_tag","embeddable":true,"href":"https:\/\/dgtl-planet.media\/espanol_iptv\/wp-json\/wp\/v2\/product_tag?post=1981"}],"curies":[{"name":"wp","href":"https:\/\/api.w.org\/{rel}","templated":true}]}}