{"id":1306,"date":"2022-06-10T08:00:41","date_gmt":"2022-06-10T08:00:41","guid":{"rendered":"https:\/\/nouhefikri.ml\/?page_id=1306"},"modified":"2025-01-15T20:22:51","modified_gmt":"2025-01-15T20:22:51","slug":"como-pagar","status":"publish","type":"page","link":"https:\/\/dgtl-planet.media\/espanol_iptv\/como-pagar\/","title":{"rendered":"Formas de pago"},"content":{"rendered":"<div data-elementor-type=\"wp-page\" data-elementor-id=\"1306\" class=\"elementor elementor-1306\" data-elementor-post-type=\"page\">\n\t\t\t\t\t\t<section class=\"elementor-section elementor-top-section elementor-element elementor-element-e0dd661 elementor-section-boxed elementor-section-height-default elementor-section-height-default\" data-id=\"e0dd661\" data-element_type=\"section\" data-e-type=\"section\">\n\t\t\t\t\t\t<div class=\"elementor-container elementor-column-gap-default\">\n\t\t\t\t\t<div class=\"elementor-column elementor-col-100 elementor-top-column elementor-element elementor-element-381b23b\" data-id=\"381b23b\" data-element_type=\"column\" data-e-type=\"column\">\n\t\t\t<div class=\"elementor-widget-wrap elementor-element-populated\">\n\t\t\t\t\t\t<div class=\"elementor-element elementor-element-33b91f5 elementor-widget elementor-widget-heading\" data-id=\"33b91f5\" data-element_type=\"widget\" data-e-type=\"widget\" data-widget_type=\"heading.default\">\n\t\t\t\t\t<h2 class=\"elementor-heading-title elementor-size-default\">Formas de pago<\/h2>\t\t\t\t<\/div>\n\t\t\t\t\t<\/div>\n\t\t<\/div>\n\t\t\t\t\t<\/div>\n\t\t<\/section>\n\t\t\t\t<section class=\"elementor-section elementor-top-section elementor-element elementor-element-166e89f3 elementor-section-boxed elementor-section-height-default elementor-section-height-default\" data-id=\"166e89f3\" data-element_type=\"section\" data-e-type=\"section\">\n\t\t\t\t\t\t<div class=\"elementor-container elementor-column-gap-default\">\n\t\t\t\t\t<div class=\"elementor-column elementor-col-100 elementor-top-column elementor-element elementor-element-1fec782b\" data-id=\"1fec782b\" data-element_type=\"column\" data-e-type=\"column\">\n\t\t\t<div class=\"elementor-widget-wrap elementor-element-populated\">\n\t\t\t\t\t\t<div class=\"elementor-element elementor-element-710d7784 elementor-widget elementor-widget-text-editor\" data-id=\"710d7784\" data-element_type=\"widget\" data-e-type=\"widget\" data-widget_type=\"text-editor.default\">\n\t\t\t\t\t\t\t\t\t\n<p>Hay varias opciones de pago disponibles para su comodidad:<\/p>\n\n\n\n<ol class=\"wp-block-list\">\n<li><strong>Tarjeta de cr\u00e9dito\/d\u00e9bito:<\/strong> Pago seguro a trav\u00e9s de una pasarela sin gastos ocultos.<\/li>\n\n\n\n<li><strong>PayPal:<\/strong> Transfiera el importe acordado a nuestra cuenta PayPal para realizar el pago de forma r\u00e1pida y sencilla.<\/li>\n\n\n\n<li><strong>Transferencia bancaria: <\/strong>Transfiera el pago directamente a nuestra cuenta bancaria. Los datos bancarios se facilitar\u00e1n tras la compra.<\/li>\n\n\n\n<li><strong>Payoneer:<\/strong> Pague a trav\u00e9s de su cuenta Payoneer. Proporcionar el ID de la transacci\u00f3n y la direcci\u00f3n de correo electr\u00f3nico Payoneer despu\u00e9s del pago para su verificaci\u00f3n.<\/li>\n<\/ol>\n\t\t\t\t\t\t\t\t<\/div>\n\t\t\t\t\t<\/div>\n\t\t<\/div>\n\t\t\t\t\t<\/div>\n\t\t<\/section>\n\t\t\t\t<\/div>","protected":false},"excerpt":{"rendered":"<p>Formas de pago Hay varias formas de pago disponibles para su comodidad:<\/p>","protected":false},"author":1,"featured_media":0,"parent":0,"menu_order":0,"comment_status":"closed","ping_status":"closed","template":"","meta":{"_kadence_starter_templates_imported_post":false,"_kad_post_transparent":"","_kad_post_title":"","_kad_post_layout":"","_kad_post_sidebar_id":"","_kad_post_content_style":"","_kad_post_vertical_padding":"","_kad_post_feature":"","_kad_post_feature_position":"","_kad_post_header":false,"_kad_post_footer":false,"_kad_post_classname":"","_joinchat":[],"footnotes":""},"class_list":["post-1306","page","type-page","status-publish","hentry"],"_links":{"self":[{"href":"https:\/\/dgtl-planet.media\/espanol_iptv\/wp-json\/wp\/v2\/pages\/1306","targetHints":{"allow":["GET"]}}],"collection":[{"href":"https:\/\/dgtl-planet.media\/espanol_iptv\/wp-json\/wp\/v2\/pages"}],"about":[{"href":"https:\/\/dgtl-planet.media\/espanol_iptv\/wp-json\/wp\/v2\/types\/page"}],"author":[{"embeddable":true,"href":"https:\/\/dgtl-planet.media\/espanol_iptv\/wp-json\/wp\/v2\/users\/1"}],"replies":[{"embeddable":true,"href":"https:\/\/dgtl-planet.media\/espanol_iptv\/wp-json\/wp\/v2\/comments?post=1306"}],"version-history":[{"count":11,"href":"https:\/\/dgtl-planet.media\/espanol_iptv\/wp-json\/wp\/v2\/pages\/1306\/revisions"}],"predecessor-version":[{"id":5499,"href":"https:\/\/dgtl-planet.media\/espanol_iptv\/wp-json\/wp\/v2\/pages\/1306\/revisions\/5499"}],"wp:attachment":[{"href":"https:\/\/dgtl-planet.media\/espanol_iptv\/wp-json\/wp\/v2\/media?parent=1306"}],"curies":[{"name":"wp","href":"https:\/\/api.w.org\/{rel}","templated":true}]}}