{"id":1967,"date":"2022-07-18T09:11:26","date_gmt":"2022-07-18T09:11:26","guid":{"rendered":"https:\/\/nouhefikri.ml\/?post_type=product&#038;p=1967"},"modified":"2025-07-24T12:38:08","modified_gmt":"2025-07-24T12:38:08","slug":"iptv-abonnement","status":"publish","type":"product","link":"https:\/\/dgtl-planet.media\/deutsch_iptv\/produkt\/iptv-abonnement\/","title":{"rendered":"IPTV-Abonnement original"},"content":{"rendered":"<p style=\"text-align: center;\"><strong>Beschreibung<\/strong>\u00a0:<\/p>\n<p style=\"text-align: center;\"><strong>IPTV kaufen<\/strong> und werden Sie einer unserer zufriedenen Kunden<\/p>\n<p style=\"text-align: center;\"><span class=\"fr-emoticon fr-deletable fr-emoticon-img\">\u00a0<\/span> <strong>\u00a0Kostenlose 24-Stunden-Probe<\/strong><\/p>\n<p style=\"text-align: center;\">Erhalten Sie eine 24-Stunden-Testliste, bevor Sie das Abonnement kaufen<strong>.<br \/>\n<\/strong><\/p>\n<p style=\"text-align: center;\"><span class=\"fr-emoticon fr-deletable fr-emoticon-img\">\u00a0<\/span> <strong>Schnelle Aktivierung<\/strong><\/p>\n<p style=\"text-align: center;\">Sie erhalten Ihr IPTV innerhalb von 24 Stunden nach dem Kauf.<\/p>\n<p style=\"text-align: center;\"><span class=\"fr-emoticon fr-deletable fr-emoticon-img\">\u00a0<\/span> <strong>\u00dcber 12000+ Ch &amp; Vod<\/strong><\/p>\n<p style=\"text-align: center;\"><span class=\"fr-emoticon fr-deletable fr-emoticon-img\">\u00a0<\/span><strong>HD, FHD &amp; 4K Premium LiveTV-Kan\u00e4le<\/strong><\/p>\n<p style=\"text-align: center;\">Abonnieren Sie Ihre Lieblings-Sport- und Filmkan\u00e4le aus dem Vereinigten K\u00f6nigreich, den USA, Europa und der ganzen Welt. Wir decken alle wichtigen Sportereignisse ab.<\/p>\n<p style=\"text-align: center;\"><img decoding=\"async\" class=\"fr-fic fr-dib fr-draggable aligncenter\" src=\"https:\/\/cdn.youcan.shop\/stores\/2ed810fc6dd4f48b2d3d17f259be1b3e\/others\/ZfejMXiFUYoGbw5d9OX4jyc9aWhDvTDL1aJpTAP3.png\" width=\"411\" height=\"115\" data-name=\"stores\/2ed810fc6dd4f48b2d3d17f259be1b3e\/others\/ZfejMXiFUYoGbw5d9OX4jyc9aWhDvTDL1aJpTAP3.png\" \/><\/p>\n<p style=\"text-align: center;\"><span class=\"fr-emoticon fr-deletable fr-emoticon-img\">\u00a0<\/span> <strong>24\/7 Live-Streaming<\/strong><\/p>\n<p style=\"text-align: center;\"><span class=\"fr-emoticon fr-deletable fr-emoticon-img\">\u00a0<\/span> <strong>Keine Pufferung Kanal<\/strong><\/p>\n<p style=\"text-align: center;\"><span class=\"fr-emoticon fr-deletable fr-emoticon-img\">\u00a0<\/span> <strong>Weltweit verf\u00fcgbar<\/strong><\/p>\n<div class=\"fr-img-space-wrap\" style=\"text-align: center;\"><strong><span class=\"fr-img-caption fr-fic fr-dib fr-draggable\" draggable=\"false\"><span class=\"fr-img-wrap\"><img fetchpriority=\"high\" decoding=\"async\" class=\"fr-draggable aligncenter\" src=\"https:\/\/cdn.youcan.shop\/stores\/2ed810fc6dd4f48b2d3d17f259be1b3e\/others\/LilFAVruMKSNVyPGKEGF0HJ40II7v2XPRVt4PcWS.png\" width=\"406\" height=\"202\" data-name=\"stores\/2ed810fc6dd4f48b2d3d17f259be1b3e\/others\/LilFAVruMKSNVyPGKEGF0HJ40II7v2XPRVt4PcWS.png\" \/><\/span><\/span>\u200b<\/strong><\/div>\n<p style=\"text-align: center;\"><strong>Jetzt k\u00f6nnen Sie Live-TV-Kan\u00e4le &amp; VOD mit sehr hoher Qualit\u00e4t aus der ganzen Welt erhalten!<\/strong> Digital Space bietet Premium-Live-TV-Kan\u00e4le aus der ganzen Welt in nur einem IPTV-Abonnement, einschlie\u00dflich Arabisch USA Kanada Deutschland Gro\u00dfbritannien Latino Rum\u00e4nien Spanien S\u00fcdafrika Irland Thailand Italien \u00d6sterreich Brasilien Bulgarien China Kolumbien Tschechische Finnland Ungarn Iran Israel Frankreich Belgien Luxemburg Niederlande Japan Mazedonien Island Malaysia Malta Norwegen Polen Russland Singapur Slowenien Schweden Schweiz Vietnam Albanien Portugal Griechenland Indien Pakistan T\u00fcrkisch, und viele andere L\u00e4nder.<\/p>\n<p style=\"text-align: center;\"><span class=\"fr-emoticon fr-deletable fr-emoticon-img\">\u00a0<\/span> <strong>Alle Ger\u00e4te werden unterst\u00fctzt<\/strong><\/p>\n<p style=\"text-align: center;\">Firestick, Smart TV, Android, Apple\/iOS, Mapbox und andere Ger\u00e4te<\/p>\n<p style=\"text-align: center;\"><span class=\"fr-emoticon fr-deletable fr-emoticon-img\">\u00a0<\/span> <strong>Unterst\u00fctzung 24\/7\/365<\/strong><\/p>\n<p style=\"text-align: center;\"><strong>\u00a0<\/strong><\/p>","protected":false},"excerpt":{"rendered":"<p>Jetzt k\u00f6nnen Sie Live-TV-Kan\u00e4le &amp; VOD mit sehr hoher Qualit\u00e4t aus der ganzen Welt erhalten!<\/p>","protected":false},"featured_media":8739,"comment_status":"open","ping_status":"closed","template":"","meta":{"_kadence_starter_templates_imported_post":false,"_kad_post_transparent":"default","_kad_post_title":"","_kad_post_layout":"default","_kad_post_sidebar_id":"","_kad_post_content_style":"default","_kad_post_vertical_padding":"default","_kad_post_feature":"","_kad_post_feature_position":"","_kad_post_header":false,"_kad_post_footer":false,"_kad_post_classname":"","_joinchat":[]},"product_brand":[],"product_cat":[15,24],"product_tag":[],"class_list":{"0":"post-1967","1":"product","2":"type-product","3":"status-publish","4":"has-post-thumbnail","6":"product_cat-uncategorized","7":"product_cat-iptv","9":"first","10":"instock","11":"sale","12":"featured","13":"shipping-taxable","14":"purchasable","15":"product-type-variable","16":"has-default-attributes","17":"entry","18":"content-bg","19":"loop-entry"},"_links":{"self":[{"href":"https:\/\/dgtl-planet.media\/deutsch_iptv\/wp-json\/wp\/v2\/product\/1967","targetHints":{"allow":["GET"]}}],"collection":[{"href":"https:\/\/dgtl-planet.media\/deutsch_iptv\/wp-json\/wp\/v2\/product"}],"about":[{"href":"https:\/\/dgtl-planet.media\/deutsch_iptv\/wp-json\/wp\/v2\/types\/product"}],"replies":[{"embeddable":true,"href":"https:\/\/dgtl-planet.media\/deutsch_iptv\/wp-json\/wp\/v2\/comments?post=1967"}],"wp:featuredmedia":[{"embeddable":true,"href":"https:\/\/dgtl-planet.media\/deutsch_iptv\/wp-json\/wp\/v2\/media\/8739"}],"wp:attachment":[{"href":"https:\/\/dgtl-planet.media\/deutsch_iptv\/wp-json\/wp\/v2\/media?parent=1967"}],"wp:term":[{"taxonomy":"product_brand","embeddable":true,"href":"https:\/\/dgtl-planet.media\/deutsch_iptv\/wp-json\/wp\/v2\/product_brand?post=1967"},{"taxonomy":"product_cat","embeddable":true,"href":"https:\/\/dgtl-planet.media\/deutsch_iptv\/wp-json\/wp\/v2\/product_cat?post=1967"},{"taxonomy":"product_tag","embeddable":true,"href":"https:\/\/dgtl-planet.media\/deutsch_iptv\/wp-json\/wp\/v2\/product_tag?post=1967"}],"curies":[{"name":"wp","href":"https:\/\/api.w.org\/{rel}","templated":true}]}}