{"id":7413,"date":"2024-02-06T13:10:15","date_gmt":"2024-02-06T13:10:15","guid":{"rendered":"https:\/\/dgtl-planet.com\/?page_id=7413"},"modified":"2025-01-12T00:31:36","modified_gmt":"2025-01-12T00:31:36","slug":"rezensionen-einreichen","status":"publish","type":"page","link":"https:\/\/dgtl-planet.media\/deutsch_iptv\/rezensionen-einreichen\/","title":{"rendered":"Referenzen-vorlegen"},"content":{"rendered":"<style>.kadence-column7413_d8eede-ca > .kt-inside-inner-col,.kadence-column7413_d8eede-ca > .kt-inside-inner-col:before{border-top-left-radius:0px;border-top-right-radius:0px;border-bottom-right-radius:0px;border-bottom-left-radius:0px;}.kadence-column7413_d8eede-ca > .kt-inside-inner-col{column-gap:var(--global-kb-gap-sm, 1rem);}.kadence-column7413_d8eede-ca > .kt-inside-inner-col{flex-direction:column;}.kadence-column7413_d8eede-ca > .kt-inside-inner-col > .aligncenter{width:100%;}.kadence-column7413_d8eede-ca > .kt-inside-inner-col:before{opacity:0.3;}.kadence-column7413_d8eede-ca{position:relative;}@media all and (max-width: 1024px){.kadence-column7413_d8eede-ca > .kt-inside-inner-col{flex-direction:column;justify-content:center;}}@media all and (max-width: 767px){.kadence-column7413_d8eede-ca > .kt-inside-inner-col{flex-direction:column;justify-content:center;}}<\/style>\n<div class=\"wp-block-kadence-column kadence-column7413_d8eede-ca\"><div class=\"kt-inside-inner-col\">\n<h1 class=\"wp-block-heading alignwide has-text-align-center\" id=\"h-referral-program\"><mark style=\"background-color:rgba(0, 0, 0, 0)\" class=\"has-inline-color has-theme-palette-1-color\">Empfehlungsprogramm<\/mark><\/h1>\n<\/div><\/div>\n\n\n<style>.kadence-column7413_3205c4-60 > .kt-inside-inner-col,.kadence-column7413_3205c4-60 > .kt-inside-inner-col:before{border-top-left-radius:0px;border-top-right-radius:0px;border-bottom-right-radius:0px;border-bottom-left-radius:0px;}.kadence-column7413_3205c4-60 > .kt-inside-inner-col{column-gap:var(--global-kb-gap-sm, 1rem);}.kadence-column7413_3205c4-60 > .kt-inside-inner-col{flex-direction:column;}.kadence-column7413_3205c4-60 > .kt-inside-inner-col > .aligncenter{width:100%;}.kadence-column7413_3205c4-60 > .kt-inside-inner-col:before{opacity:0.3;}.kadence-column7413_3205c4-60{position:relative;}@media all and (max-width: 1024px){.kadence-column7413_3205c4-60 > .kt-inside-inner-col{flex-direction:column;justify-content:center;}}@media all and (max-width: 767px){.kadence-column7413_3205c4-60 > .kt-inside-inner-col{flex-direction:column;justify-content:center;}}<\/style>\n<div class=\"wp-block-kadence-column kadence-column7413_3205c4-60\"><div class=\"kt-inside-inner-col\">\n\n<style>.kadence-column7413_052f7b-26 > .kt-inside-inner-col,.kadence-column7413_052f7b-26 > .kt-inside-inner-col:before{border-top-left-radius:0px;border-top-right-radius:0px;border-bottom-right-radius:0px;border-bottom-left-radius:0px;}.kadence-column7413_052f7b-26 > .kt-inside-inner-col{column-gap:var(--global-kb-gap-sm, 1rem);}.kadence-column7413_052f7b-26 > .kt-inside-inner-col{flex-direction:column;}.kadence-column7413_052f7b-26 > .kt-inside-inner-col > .aligncenter{width:100%;}.kadence-column7413_052f7b-26 > .kt-inside-inner-col:before{opacity:0.3;}.kadence-column7413_052f7b-26{position:relative;}@media all and (max-width: 1024px){.kadence-column7413_052f7b-26 > .kt-inside-inner-col{flex-direction:column;justify-content:center;}}@media all and (max-width: 767px){.kadence-column7413_052f7b-26 > .kt-inside-inner-col{flex-direction:column;justify-content:center;}}<\/style>\n<div class=\"wp-block-kadence-column kadence-column7413_052f7b-26\"><div class=\"kt-inside-inner-col\">\n<h2 class=\"wp-block-heading\" id=\"h-referral-program-rules\"><strong>Regeln des Empfehlungsprogramms:<\/strong><\/h2>\n\n\n\n<p>Um an unserem Empfehlungsprogramm teilzunehmen, erz\u00e4hlen Sie einfach Ihren Freunden, Ihrer Familie oder allen, die Spa\u00df an guter Unterhaltung haben, von unseren IPTV-Diensten. Wenn diese sich \u00fcber Ihre Empfehlung anmelden, erhalten Sie ein kostenloses 1-monatiges IPTV-Abonnement. Nach der Anmeldung geben Sie bitte Ihre beiden E-Mail-Adressen \u00fcber das Formular an. Sobald das Abonnement aktiviert ist, erhalten Sie Ihre Pr\u00e4mie.<\/p>\n\n\n\n<p> Danke, dass Sie uns helfen, unsere IPTV-Community zu vergr\u00f6\u00dfern!<\/p>\n<\/div><\/div>\n\n\n<style>.kadence-column7413_6b4a04-c0 > .kt-inside-inner-col,.kadence-column7413_6b4a04-c0 > .kt-inside-inner-col:before{border-top-left-radius:0px;border-top-right-radius:0px;border-bottom-right-radius:0px;border-bottom-left-radius:0px;}.kadence-column7413_6b4a04-c0 > .kt-inside-inner-col{column-gap:var(--global-kb-gap-sm, 1rem);}.kadence-column7413_6b4a04-c0 > .kt-inside-inner-col{flex-direction:column;}.kadence-column7413_6b4a04-c0 > .kt-inside-inner-col > .aligncenter{width:100%;}.kadence-column7413_6b4a04-c0 > .kt-inside-inner-col:before{opacity:0.3;}.kadence-column7413_6b4a04-c0{position:relative;}@media all and (max-width: 1024px){.kadence-column7413_6b4a04-c0 > .kt-inside-inner-col{flex-direction:column;justify-content:center;}}@media all and (max-width: 767px){.kadence-column7413_6b4a04-c0 > .kt-inside-inner-col{flex-direction:column;justify-content:center;}}<\/style>\n<div class=\"wp-block-kadence-column kadence-column7413_6b4a04-c0\"><div class=\"kt-inside-inner-col\"><div class=\"aligncenter wp-block-site-logo\"><a href=\"https:\/\/dgtl-planet.media\/deutsch_iptv\/\" class=\"custom-logo-link\" rel=\"home\"><img decoding=\"async\" width=\"250\" height=\"80\" src=\"https:\/\/dgtl-planet.media\/wp-content\/uploads\/2023\/04\/DIGITAL-PLANET-1-1.png\" class=\"custom-logo\" alt=\"iptv, uk iptv, polska telewizja iptv w uk, iptv abonnement, iptv one, fire stick iptv, iptv online, mom iptv, iptv best app, top 5 iptv providers, iptv m3u, iptv smarters pro abonnement, best iptv for firestick 2023 uk, iptv vod, iptv polska w uk, firestick iptv abonnement, iptv abonnement uk, tivimate iptv abonnement, polska iptv w uk, xtream iptv kaufen, iptv top box, xtream iptv kaufen, iptv great, best iptv for kodi, iptv content providers, best iptv abonnement uk, iptv reviews, firestick iptv uk, indische iptv uk, iptv sub, beste iptv m3u liste, iptv firestick uk, tv ip, iptv kaufen, bunnystreams iptv, iptv smarters pro kaufen, uk m3u, firestick iptv services, premium iptv service, iptv 1 monat, bester iptv stick, uk based iptv, iptv smarters uk, best iptv for premier league, iptv kan\u00e4le online, best iptv firestick uk, 4k iptv service, best iptv for smart tv, iptv firestick 2023, best firestick iptv, sky iptv uk, iptv live stream, iptv kanal, top iptv abonnement, iptv for fire tv stick, der beste iptv service, premium iptv uk, iptv streaming service, 4k iptv uk, bestes ip tv, one iptv uk, iptv smarters pro kaufen, firestick iptv anbieter, iptv kan\u00e4le kaufen, homeplex iptv, ip tv stick, iptv tv anbieter, iptv f\u00fcr android, billiges iptv abonnement, buybestiptv, internet iptv box, 4k firestick iptv, smart tv smart iptv, m3u abonnement, best iptv for samsung tv, top iptv service, ip tv tv, best ip tv service, uk iptv firestick, all channels iptv, amazon fire stick iptv, best iptv m3u, best iptv for lg tv, online tv iptv, iptv abonnement in uk, best iptv samsung, iptv in firestick, iptv streams uk, bestiptvservice, iptv channel provider, internet iptv, iptv 4k provider, yeah iptv channel list, iptv for sport, best iptv for ipad, uk based iptv providers, iptv angebot, erwachsenen tv iptv, iptv box abonnement, best of iptv, best iptv for, iptv abonnement provider, uk best iptv service, 4k iptv provider, best iptv for fire stick, iptv channel url, iptv abonnement tv, android iptv, beste streaming iptv service, iptv stream provider, m3u tv, kaufen iptv abonnement uk, beste streams iptv, iptv uk sport, live iptv kodi, beste iptv premier league, iptv online abonnement, der beste iptv server, iptv sport tv, beste iptv website, iptv abonnementpakete, bestes iptv f\u00fcr uk kan\u00e4le, beste iptv liste, premium iptv kaufen, top iptv dienstleister, iptv bestes angebot, android tv iptv, bestes iptv weltweit, uk bestes iptv, alle iptv dienste, einwandfreies iptv, iptv dienstleister usa, kodi uk kan\u00e4le, kaufen iptv streams, bestes iptv f\u00fcr sport uk, schnellstes iptv, premium iptv provider, yeah iptv kan\u00e4le, iptv im tv, bestes iptv f\u00fcr firestick uk, stream iptv to tv, ip tv service, iptv bestes, iptv firmen, iptv rum\u00e4nien in uk, best iptv service for android, best iptv tv, iptv premium channels, paid iptv subscription, best ott iptv, buy iptv smarters, mag box subscription uk, stream iptv, television iptv, best iptv streaming service, high quality iptv, best iptv for ppv, guter iptv service, bester fire stick iptv, iptv monatliches abonnement, iptv schottland, ip tv online, iptv service uk, einwandfreies iptv uk, m3u dateien, bestes iptv ohne pufferung, iptv anbieter f\u00fcr firestick, bestes iptv f\u00fcr live sport, die beste iptv box, ip tv live, iptv neu, 4k iptv abonnement, m3u liste kaufen, m3u url, bester iptv server uk, gute iptv anbieter, bester iptv anbieter f\u00fcr firestick, bestes iptv f\u00fcr mag box, bestes iptv in gro\u00dfbritannien, fire cube iptv, top 10 iptv anbieter, fire tv iptv, iptv website, iptv server abonnement, smarters iptv abonnement, android box tv iptv, amazon fire tv iptv, das beste iptv abonnement, iptv online kaufen, erwachsenen kanal iptv, iptv f\u00fcr smart tv, iptv bezahlen, bester bezahlter iptv service, bestes iptv f\u00fcr vod, bester iptv anbieter f\u00fcr tivimate, top ip tv, iptv web tv, bester iptv abonnement service, ip kan\u00e4le im tv, iptv panel kaufen, m3u playlist kaufen, ip tv best, iptv streamers, ip tv paket, bestes iptv f\u00fcr mag, bestes iptv paket, beste iptv abonnementanbieter, bestes iptv 4k\" srcset=\"https:\/\/dgtl-planet.media\/wp-content\/uploads\/2023\/04\/DIGITAL-PLANET-1-1.png 625w, https:\/\/dgtl-planet.media\/wp-content\/uploads\/2023\/04\/DIGITAL-PLANET-1-1-300x96.png 300w\" sizes=\"(max-width: 250px) 100vw, 250px\" \/><\/a><\/div><\/div><\/div>\n<\/div><\/div>","protected":false},"excerpt":{"rendered":"<p>Referral Program Referral Program Rules: To participate in our referral program, simply spread the word about our IPTV services to your friends, family, or anyone who enjoys great entertainment. When they sign up using your referral, and you will receive a complimentary 1-month IPTV subscription. After they sign up, please provide both of your email&#8230;<\/p>","protected":false},"author":1,"featured_media":0,"parent":0,"menu_order":0,"comment_status":"closed","ping_status":"closed","template":"","meta":{"_kadence_starter_templates_imported_post":false,"_kad_post_transparent":"","_kad_post_title":"","_kad_post_layout":"","_kad_post_sidebar_id":"","_kad_post_content_style":"","_kad_post_vertical_padding":"","_kad_post_feature":"","_kad_post_feature_position":"","_kad_post_header":false,"_kad_post_footer":false,"_kad_post_classname":"","_joinchat":[],"footnotes":""},"class_list":["post-7413","page","type-page","status-publish","hentry"],"_links":{"self":[{"href":"https:\/\/dgtl-planet.media\/deutsch_iptv\/wp-json\/wp\/v2\/pages\/7413","targetHints":{"allow":["GET"]}}],"collection":[{"href":"https:\/\/dgtl-planet.media\/deutsch_iptv\/wp-json\/wp\/v2\/pages"}],"about":[{"href":"https:\/\/dgtl-planet.media\/deutsch_iptv\/wp-json\/wp\/v2\/types\/page"}],"author":[{"embeddable":true,"href":"https:\/\/dgtl-planet.media\/deutsch_iptv\/wp-json\/wp\/v2\/users\/1"}],"replies":[{"embeddable":true,"href":"https:\/\/dgtl-planet.media\/deutsch_iptv\/wp-json\/wp\/v2\/comments?post=7413"}],"version-history":[{"count":7,"href":"https:\/\/dgtl-planet.media\/deutsch_iptv\/wp-json\/wp\/v2\/pages\/7413\/revisions"}],"predecessor-version":[{"id":8658,"href":"https:\/\/dgtl-planet.media\/deutsch_iptv\/wp-json\/wp\/v2\/pages\/7413\/revisions\/8658"}],"wp:attachment":[{"href":"https:\/\/dgtl-planet.media\/deutsch_iptv\/wp-json\/wp\/v2\/media?parent=7413"}],"curies":[{"name":"wp","href":"https:\/\/api.w.org\/{rel}","templated":true}]}}