{"id":1090,"date":"2020-12-02T20:10:28","date_gmt":"2020-12-02T20:10:28","guid":{"rendered":"https:\/\/startertemplatecloud.com\/g02\/?page_id=1090"},"modified":"2024-04-16T14:22:43","modified_gmt":"2024-04-16T14:22:43","slug":"uber-uns","status":"publish","type":"page","link":"https:\/\/dgtl-planet.media\/deutsch_iptv\/uber-uns\/","title":{"rendered":"\u00dcber uns"},"content":{"rendered":"<div data-elementor-type=\"wp-page\" data-elementor-id=\"1090\" class=\"elementor elementor-1090\" data-elementor-post-type=\"page\">\n\t\t\t\t\t\t<section class=\"elementor-section elementor-top-section elementor-element elementor-element-73a123e elementor-section-boxed elementor-section-height-default elementor-section-height-default\" data-id=\"73a123e\" data-element_type=\"section\" data-e-type=\"section\">\n\t\t\t\t\t\t<div class=\"elementor-container elementor-column-gap-default\">\n\t\t\t\t\t<div class=\"elementor-column elementor-col-100 elementor-top-column elementor-element elementor-element-3a26245\" data-id=\"3a26245\" data-element_type=\"column\" data-e-type=\"column\">\n\t\t\t<div class=\"elementor-widget-wrap elementor-element-populated\">\n\t\t\t\t\t\t<div class=\"elementor-element elementor-element-9f718ee elementor-widget elementor-widget-image\" data-id=\"9f718ee\" data-element_type=\"widget\" data-e-type=\"widget\" data-widget_type=\"image.default\">\n\t\t\t\t\t\t\t\t\t\t\t\t\t\t\t<img fetchpriority=\"high\" decoding=\"async\" width=\"625\" height=\"200\" src=\"https:\/\/dgtl-planet.media\/wp-content\/uploads\/2023\/04\/DIGITAL-PLANET-1-1.png\" class=\"attachment-medium_large size-medium_large wp-image-5957\" alt=\"iptv, uk iptv, polska telewizja iptv w uk, iptv abonnement, iptv one, fire stick iptv, iptv online, mom iptv, iptv best app, top 5 iptv providers, iptv m3u, iptv smarters pro abonnement, best iptv for firestick 2023 uk, iptv vod, iptv polska w uk, firestick iptv abonnement, iptv abonnement uk, tivimate iptv abonnement, polska iptv w uk, xtream iptv kaufen, iptv top box, xtream iptv kaufen, iptv great, best iptv for kodi, iptv content providers, best iptv abonnement uk, iptv reviews, firestick iptv uk, indische iptv uk, iptv sub, beste iptv m3u liste, iptv firestick uk, tv ip, iptv kaufen, bunnystreams iptv, iptv smarters pro kaufen, uk m3u, firestick iptv services, premium iptv service, iptv 1 monat, bester iptv stick, uk based iptv, iptv smarters uk, best iptv for premier league, iptv kan\u00e4le online, best iptv firestick uk, 4k iptv service, best iptv for smart tv, iptv firestick 2023, best firestick iptv, sky iptv uk, iptv live stream, iptv kanal, top iptv abonnement, iptv for fire tv stick, der beste iptv service, premium iptv uk, iptv streaming service, 4k iptv uk, bestes ip tv, one iptv uk, iptv smarters pro kaufen, firestick iptv anbieter, iptv kan\u00e4le kaufen, homeplex iptv, ip tv stick, iptv tv anbieter, iptv f\u00fcr android, billiges iptv abonnement, buybestiptv, internet iptv box, 4k firestick iptv, smart tv smart iptv, m3u abonnement, best iptv for samsung tv, top iptv service, ip tv tv, best ip tv service, uk iptv firestick, all channels iptv, amazon fire stick iptv, best iptv m3u, best iptv for lg tv, online tv iptv, iptv abonnement in uk, best iptv samsung, iptv in firestick, iptv streams uk, bestiptvservice, iptv channel provider, internet iptv, iptv 4k provider, yeah iptv channel list, iptv for sport, best iptv for ipad, uk based iptv providers, iptv angebot, erwachsenen tv iptv, iptv box abonnement, best of iptv, best iptv for, iptv abonnement provider, uk best iptv service, 4k iptv provider, best iptv for fire stick, iptv channel url, iptv abonnement tv, android iptv, beste streaming iptv service, iptv stream provider, m3u tv, kaufen iptv abonnement uk, beste streams iptv, iptv uk sport, live iptv kodi, beste iptv premier league, iptv online abonnement, der beste iptv server, iptv sport tv, beste iptv website, iptv abonnementpakete, bestes iptv f\u00fcr uk kan\u00e4le, beste iptv liste, premium iptv kaufen, top iptv dienstleister, iptv bestes angebot, android tv iptv, bestes iptv weltweit, uk bestes iptv, alle iptv dienste, einwandfreies iptv, iptv dienstleister usa, kodi uk kan\u00e4le, kaufen iptv streams, bestes iptv f\u00fcr sport uk, schnellstes iptv, premium iptv provider, yeah iptv kan\u00e4le, iptv im tv, bestes iptv f\u00fcr firestick uk, stream iptv to tv, ip tv service, iptv bestes, iptv firmen, iptv rum\u00e4nien in uk, best iptv service for android, best iptv tv, iptv premium channels, paid iptv subscription, best ott iptv, buy iptv smarters, mag box subscription uk, stream iptv, television iptv, best iptv streaming service, high quality iptv, best iptv for ppv, guter iptv service, bester fire stick iptv, iptv monatliches abonnement, iptv schottland, ip tv online, iptv service uk, einwandfreies iptv uk, m3u dateien, bestes iptv ohne pufferung, iptv anbieter f\u00fcr firestick, bestes iptv f\u00fcr live sport, die beste iptv box, ip tv live, iptv neu, 4k iptv abonnement, m3u liste kaufen, m3u url, bester iptv server uk, gute iptv anbieter, bester iptv anbieter f\u00fcr firestick, bestes iptv f\u00fcr mag box, bestes iptv in gro\u00dfbritannien, fire cube iptv, top 10 iptv anbieter, fire tv iptv, iptv website, iptv server abonnement, smarters iptv abonnement, android box tv iptv, amazon fire tv iptv, das beste iptv abonnement, iptv online kaufen, erwachsenen kanal iptv, iptv f\u00fcr smart tv, iptv bezahlen, bester bezahlter iptv service, bestes iptv f\u00fcr vod, bester iptv anbieter f\u00fcr tivimate, top ip tv, iptv web tv, bester iptv abonnement service, ip kan\u00e4le im tv, iptv panel kaufen, m3u playlist kaufen, ip tv best, iptv streamers, ip tv paket, bestes iptv f\u00fcr mag, bestes iptv paket, beste iptv abonnementanbieter, bestes iptv 4k\" srcset=\"https:\/\/dgtl-planet.media\/wp-content\/uploads\/2023\/04\/DIGITAL-PLANET-1-1.png 625w, https:\/\/dgtl-planet.media\/wp-content\/uploads\/2023\/04\/DIGITAL-PLANET-1-1-300x96.png 300w\" sizes=\"(max-width: 625px) 100vw, 625px\" \/>\t\t\t\t\t\t\t\t\t\t\t\t\t\t\t<\/div>\n\t\t\t\t\t<\/div>\n\t\t<\/div>\n\t\t\t\t\t<\/div>\n\t\t<\/section>\n\t\t\t\t<section class=\"elementor-section elementor-top-section elementor-element elementor-element-583fc8d elementor-section-boxed elementor-section-height-default elementor-section-height-default\" data-id=\"583fc8d\" data-element_type=\"section\" data-e-type=\"section\">\n\t\t\t\t\t\t<div class=\"elementor-container elementor-column-gap-default\">\n\t\t\t\t\t<div class=\"elementor-column elementor-col-50 elementor-top-column elementor-element elementor-element-fd3fe3d\" data-id=\"fd3fe3d\" data-element_type=\"column\" data-e-type=\"column\">\n\t\t\t<div class=\"elementor-widget-wrap elementor-element-populated\">\n\t\t\t\t\t\t<div class=\"elementor-element elementor-element-a319a85 elementor-widget elementor-widget-text-editor\" data-id=\"a319a85\" data-element_type=\"widget\" data-e-type=\"widget\" data-widget_type=\"text-editor.default\">\n\t\t\t\t\t\t\t\t\t<div><div><div><div><div><div><div><div>Willkommen bei <strong>DIGITALER PLANET<\/strong>, Ihr ultimatives Ziel f\u00fcr stabile IPTV-Unterhaltung! Bester IPTV-Anbieter in Gro\u00dfbritannien<\/div><div>\u00a0<\/div><div>\u00a0Mit \u00fcber 23.000 weltweiten Kan\u00e4len und 94.000 On-Demand-Videos (VODs) haben wir eine umfangreiche Sammlung, die alle Ihre Sehvorlieben erf\u00fcllt.<\/div><div>\u00a0<\/div><div>Unter <strong>DIGITALER PLANET<\/strong>Wir glauben daran, dass die Dinge frisch und aufregend bleiben.<\/div><div>Aus diesem Grund bieten wir t\u00e4gliche Aktualisierungen unseres Kanalangebots und unserer VOD-Bibliothek,<\/div><div>So k\u00f6nnen Sie sicher sein, dass Ihnen nie die Optionen f\u00fcr Ihre Unterhaltungsbed\u00fcrfnisse ausgehen.<\/div><\/div><\/div><\/div><\/div><\/div><\/div><\/div>\t\t\t\t\t\t\t\t<\/div>\n\t\t\t\t\t<\/div>\n\t\t<\/div>\n\t\t\t\t<div class=\"elementor-column elementor-col-50 elementor-top-column elementor-element elementor-element-182fffa\" data-id=\"182fffa\" data-element_type=\"column\" data-e-type=\"column\">\n\t\t\t<div class=\"elementor-widget-wrap elementor-element-populated\">\n\t\t\t\t\t\t<div class=\"elementor-element elementor-element-6017cdd elementor-widget elementor-widget-image\" data-id=\"6017cdd\" data-element_type=\"widget\" data-e-type=\"widget\" data-widget_type=\"image.default\">\n\t\t\t\t\t\t\t\t\t\t\t\t\t\t\t<img decoding=\"async\" width=\"768\" height=\"480\" src=\"https:\/\/dgtl-planet.media\/wp-content\/uploads\/2023\/02\/familywatachingtv-768x480.webp\" class=\"attachment-medium_large size-medium_large wp-image-5691\" alt=\"iptv uk iptv iptv abonnement uk iptv iptv reseller best iptv uk iptvuk ukiptv iptv abonnement uk best iptv in uk iptv in uk kaufen iptv iptv uk abonnement iptv abonnieren best uk iptv best iptv british iptv united kingdom iptv iptv provider uk iptv providers uk iptv best uk iptv main iptv for uk uk iptv providers iptv subscriptions iptv buy iptv sub iptv in the uk iptv provider bestiptv uk iptv resellers uk iptv subscription best iptv provider uk iptv service iptv reseller uk iptv abonnements uk best uk iptv provider best iptv providers uk iptv uk providers ip tv uk purchase iptv iptv service uk best iptv for uk subscription iptv iptv for uk football iptv sky sports iptv anbieter iptv beste iptv stream iptv dienste iptv sub uk iptv supscription iptv kauf iptv abonnent iptv anbieter in uk iptv kan\u00e4le iptv streams bestiptvuk beste iptv abonnement iptv angebote iptv abonnement iptv abonnement. best iptv service uk iptv subs bestiptv iptv abonnement indian iptv uk iptv abonnements iptvs best iptv provider in uk iptv sport iptv sport kaufen iptv abonnement best iptv reseller uk iptv provider best iptv provider iptv uk channels iptv box fully loaded uk sky sports iptv ip tv iptv panel iptv abonnement in uk iptv services uk iptv tv iptv subsription iptv resellers uk best iptv of uk iptv box fully loaded uk best iptv providers best iptv service best iptv services best iptv in uk 2022 iptv suppliers best uk iptv services uk iptv services iptv uk 2022 uk best iptv best iptv subscription in uk iptv tv uk best iptv 2022 uk best iptv subscription uk deal iptv best ip tv iptv for sale your iptv best uk iptv service sports iptv ip tv reseller iptv klik iptv packages iptvbuy iptv price best legal iptv in uk uk iptv service iptv streaming service iptv streaming sport iptv best uk iptv providers best iptv uk 2023 iptv streaming services top iptv stream iptv iptv indian channels best ip tv uk virgin media blocking iptv virgin blocking iptv best free iptv for firestick best iptv providers in uk smart iptv in uk cheap iptv uk one iptv bets iptv best iptv for sports b1g iptv the best iptv iptv the best your-iptv iptv box uk ip tv box uk supa legacy iptv iptv f\u00fcr sky iptv fu\u00dfball beste iptv abonnements abonnement iptv service mag box 4k fully loaded billigste iptv uk iptv indien iptv f\u00fcr tv iptv f\u00fcr sport iptv anbieter sky iptv ipyv iptv reseller uk \u00d8\u00a7\u00d8&#039;\u00d8\u00aa\u00d8\u00b1\u00d8\u00a7\u00d9\u0192 iptv iptv kosten beste uk iptv f\u00fcr firestick 2023 ip-tv ipvtv iptvklik iptv boxing tonight best legal iptv uk premium iptv tv best iptv for firestick 2022 uk recommended iptv providers britishiptv iptv legal uk iptv legal uk i p tv internet protocol tv box epg for iptv iptv guide iptv guide iptv does not work iptv legal in uk cheap iptv subscription iptv for firestick 2023 uk oneiptv.uk iptv channel firestick blocked by virgin media iptv virgin media iptv uk reviews iptv cheap iptvmain cheap iptv is iptv legal uk best iptv box iptv roku iptv with built in vpn iptv uk trial iptv live best iptv firestick in uk iptv rekorder iptv billigste starke iptv iptv + iptv bewertungen uk kanal f\u00fcr boxkampf heute abend iptv kostenlose testversion uk wie man indische kan\u00e4le in uk beobachten iptv media iptv uk kostenlose testversion beobachten sky sport auf firestick iptv f\u00fcr firestick 2022 uk iptv premier league uk sky sports iptv iptv uk legal iptv uk legal iptv boxes uk best for iptv beat iptv iptv multi room free iptv uk free iptv uk iptvuk iptv uk free what channel is sky box office is iptv legal in uk uk iptv m3u is iptv illegal uk uk iptv reviews is iptv illegal iptv one iptv firestick 2023 uk ebay uk iptv subscription iptv paypal sky entertainment channels list iptv in uk free iptv in uk free amazon fire stick fully loaded channels british iptv sky glass fully loaded tv box uk boxing tonight tv iptv premium iptv servers how to check if isp is blocking iptv best iptv services uk how do i get iptv mag box uk iptv online indian channels in uk free uk iptv iptv subscription ebay uk iptvt iptv now billigste iptv roku iptv iptv illegal beste kostenlose iptv firestick perfekte iptv beobachten indische Kan\u00e4le in Gro\u00dfbritannien iptv media indische TV-Kan\u00e4le in Gro\u00dfbritannien smart iptv in Gro\u00dfbritannien illegal iptv Sport auf iptv Sport auf iptv was iptv iptv Geldbu\u00dfen Gro\u00dfbritannien was iptv virgin media iptv sky sport kasse kanal nummer wie funktioniert illegales iptv top uptv iptv boxen iptv boxen heute abend iptv sky iptv sky ist iptv legal in gro\u00dfbritannien bestes iptv mit eingebautem vpn iptv dienstleister kostenlose testversion iptv uk tyson fury fight tv channels uk ip tv box iptv shop indian tv channels uk how do you get iptv legal iptv providers uk iptv setup iptv blocked by internet provider fast iptv iptv illegal uk best uk iptv for firestick 2022 how to get iptv ip tv stick iptv.online premium iptv best iptv uk for firestick 2022 iptv in uk legal iptv with catch up best iptv with built-in vpn iptv uk box welche kan\u00e4le die boxen auf heute abend voll geladen iptv box voll geladen iptv box beste iptv uk f\u00fcr firestick 2023 iptv server beobachten iptv was bedeutet iptv steht f\u00fcr iptv trial uk b1g player firestick best iptv for firestick 2023 uk uk iptv free supa legacy internet protocol tv services is iptv illegal in uk iptv buffering iptv box fully loaded iptv best provider legal iptv uk iptvload daisy iptv how can i get iptv\" srcset=\"https:\/\/dgtl-planet.media\/wp-content\/uploads\/2023\/02\/familywatachingtv-768x480.webp 768w, https:\/\/dgtl-planet.media\/wp-content\/uploads\/2023\/02\/familywatachingtv-300x187.webp 300w, https:\/\/dgtl-planet.media\/wp-content\/uploads\/2023\/02\/familywatachingtv-1024x640.webp 1024w, https:\/\/dgtl-planet.media\/wp-content\/uploads\/2023\/02\/familywatachingtv-1536x960.webp 1536w, https:\/\/dgtl-planet.media\/wp-content\/uploads\/2023\/02\/familywatachingtv-2048x1280.webp 2048w\" sizes=\"(max-width: 768px) 100vw, 768px\" \/>\t\t\t\t\t\t\t\t\t\t\t\t\t\t\t<\/div>\n\t\t\t\t\t<\/div>\n\t\t<\/div>\n\t\t\t\t\t<\/div>\n\t\t<\/section>\n\t\t\t\t<section class=\"elementor-section elementor-top-section elementor-element elementor-element-74c8ea7 elementor-section-boxed elementor-section-height-default elementor-section-height-default\" data-id=\"74c8ea7\" data-element_type=\"section\" data-e-type=\"section\">\n\t\t\t\t\t\t<div class=\"elementor-container elementor-column-gap-default\">\n\t\t\t\t\t<div class=\"elementor-column elementor-col-100 elementor-top-column elementor-element elementor-element-cfa6879\" data-id=\"cfa6879\" data-element_type=\"column\" data-e-type=\"column\">\n\t\t\t<div class=\"elementor-widget-wrap elementor-element-populated\">\n\t\t\t\t\t\t<div class=\"elementor-element elementor-element-1a47367 elementor-widget elementor-widget-text-editor\" data-id=\"1a47367\" data-element_type=\"widget\" data-e-type=\"widget\" data-widget_type=\"text-editor.default\">\n\t\t\t\t\t\t\t\t\t<div style=\"box-sizing: border-box; display: flex; margin-bottom: var(--global-md-spacing); flex-wrap: nowrap !important; align-items: normal !important; margin-top: 0px;\">\n<div style=\"box-sizing: border-box; flex-grow: 0; min-width: 0px; word-break: break-word; overflow-wrap: break-word; flex-basis: 100%;\">\n<div style=\"box-sizing: border-box; margin-bottom: 0px;\">\n<div style=\"box-sizing: border-box; position: relative; border: 0px solid transparent; margin-bottom: 0px;\">\n<div style=\"box-sizing: border-box; padding: 0px 5.275px; display: flex; flex-wrap: nowrap; justify-content: space-between; position: relative; z-index: 10;\">\n<div style=\"box-sizing: border-box; display: flex; flex-direction: column; z-index: 1; min-width: 0px; min-height: 0px; flex: 1 1 0%; width: 0px; margin-right: 30px;\">\n<div style=\"box-sizing: border-box; border: 0px solid transparent; transition: all 0.3s ease 0s; padding: 20px 0px;\">\n<div style=\"box-sizing: border-box; display: flex; margin-bottom: var(--global-md-spacing); flex-wrap: nowrap !important; align-items: normal !important; margin-top: 0px;\">\n<div style=\"box-sizing: border-box; flex-grow: 0; min-width: 0px; word-break: break-word; overflow-wrap: break-word; flex-basis: 100%;\">\n<div style=\"box-sizing: border-box; margin-bottom: 0px;\">\n<div style=\"box-sizing: border-box; position: relative; border: 0px solid transparent;\">\n<div style=\"box-sizing: border-box; padding: 0px; display: flex; flex-wrap: nowrap; justify-content: space-between; position: relative; z-index: 10;\">\n<div style=\"box-sizing: border-box; display: flex; flex-direction: column; z-index: 1; min-width: 0px; min-height: 0px; flex: 1 1 0%; width: 0px; margin-right: 30px;\">\n<div style=\"box-sizing: border-box; border: 0px solid transparent; transition: all 0.3s ease 0s; padding-bottom: 0px; margin-bottom: 0px;\">\n<div style=\"color: #352e2e; text-align: center;\">Unter <strong>DIGITALER PLANET<\/strong>Wir legen gro\u00dfen Wert auf Ihre Zufriedenheit und bieten einen ausgezeichneten 24\/7-Kundensupport per WhatsApp und E-Mail.<\/div>\n<div style=\"color: #352e2e; text-align: center;\">&nbsp;Schlie\u00dfen Sie sich unserer Gemeinschaft von \u00fcber 2.100 IPTV-Nutzern in Gro\u00dfbritannien an und erleben Sie einen au\u00dfergew\u00f6hnlichen Service.<\/div>\n<div style=\"color: #352e2e; text-align: center;\">&nbsp;<\/div>\n<div style=\"color: #352e2e; text-align: center;\">Besuchen Sie uns bei <strong>DIGITALER PLANET<\/strong> und erleben Sie eine Welt der Unterhaltung wie nie zuvor!<\/div>\n<\/div>\n<\/div>\n<\/div>\n<\/div>\n<\/div>\n<\/div>\n<\/div>\n<\/div>\n<\/div>\n<\/div>\n<\/div>\n<\/div>\n<\/div>\n<\/div>\t\t\t\t\t\t\t\t<\/div>\n\t\t\t\t\t<\/div>\n\t\t<\/div>\n\t\t\t\t\t<\/div>\n\t\t<\/section>\n\t\t\t\t<\/div>","protected":false},"excerpt":{"rendered":"<p>Willkommen bei DIGITAL PLANET, Ihrem ultimativen Ziel f\u00fcr stabile IPTV-Unterhaltung! Bester IPTV-Anbieter in Gro\u00dfbritannien Mit \u00fcber 23.000 weltweiten Kan\u00e4len und 94.000 On-Demand-Videos (VODs) haben wir eine umfangreiche Sammlung, die alle Ihre Sehvorlieben erf\u00fcllt. Bei DIGITAL PLANET glauben wir daran, dass die Dinge frisch und aufregend bleiben, deshalb bieten wir t\u00e4gliche Updates zu unseren Kan\u00e4len...<\/p>","protected":false},"author":1,"featured_media":0,"parent":0,"menu_order":0,"comment_status":"closed","ping_status":"closed","template":"","meta":{"_kadence_starter_templates_imported_post":true,"_kad_post_transparent":"","_kad_post_title":"hide","_kad_post_layout":"fullwidth","_kad_post_sidebar_id":"","_kad_post_content_style":"unboxed","_kad_post_vertical_padding":"hide","_kad_post_feature":"","_kad_post_feature_position":"","_kad_post_header":false,"_kad_post_footer":false,"_kad_post_classname":"","_joinchat":[],"footnotes":""},"class_list":["post-1090","page","type-page","status-publish","hentry"],"_links":{"self":[{"href":"https:\/\/dgtl-planet.media\/deutsch_iptv\/wp-json\/wp\/v2\/pages\/1090","targetHints":{"allow":["GET"]}}],"collection":[{"href":"https:\/\/dgtl-planet.media\/deutsch_iptv\/wp-json\/wp\/v2\/pages"}],"about":[{"href":"https:\/\/dgtl-planet.media\/deutsch_iptv\/wp-json\/wp\/v2\/types\/page"}],"author":[{"embeddable":true,"href":"https:\/\/dgtl-planet.media\/deutsch_iptv\/wp-json\/wp\/v2\/users\/1"}],"replies":[{"embeddable":true,"href":"https:\/\/dgtl-planet.media\/deutsch_iptv\/wp-json\/wp\/v2\/comments?post=1090"}],"version-history":[{"count":56,"href":"https:\/\/dgtl-planet.media\/deutsch_iptv\/wp-json\/wp\/v2\/pages\/1090\/revisions"}],"predecessor-version":[{"id":7225,"href":"https:\/\/dgtl-planet.media\/deutsch_iptv\/wp-json\/wp\/v2\/pages\/1090\/revisions\/7225"}],"wp:attachment":[{"href":"https:\/\/dgtl-planet.media\/deutsch_iptv\/wp-json\/wp\/v2\/media?parent=1090"}],"curies":[{"name":"wp","href":"https:\/\/api.w.org\/{rel}","templated":true}]}}