{"id":10,"date":"2022-06-05T09:15:39","date_gmt":"2022-06-05T09:15:39","guid":{"rendered":"https:\/\/nouhefikri.ml\/?page_id=10"},"modified":"2026-01-28T13:43:42","modified_gmt":"2026-01-28T13:43:42","slug":"ruckerstattung_ruckgabe_police","status":"publish","type":"page","link":"https:\/\/dgtl-planet.media\/deutsch_iptv\/ruckerstattung_ruckgabe_police\/","title":{"rendered":"Erstattungspolitik"},"content":{"rendered":"<div data-elementor-type=\"wp-page\" data-elementor-id=\"10\" class=\"elementor elementor-10\" data-elementor-post-type=\"page\">\n\t\t\t\t\t\t<section class=\"elementor-section elementor-top-section elementor-element elementor-element-2d5fcce0 elementor-section-boxed elementor-section-height-default elementor-section-height-default\" data-id=\"2d5fcce0\" data-element_type=\"section\" data-e-type=\"section\">\n\t\t\t\t\t\t<div class=\"elementor-container elementor-column-gap-default\">\n\t\t\t\t\t<div class=\"elementor-column elementor-col-100 elementor-top-column elementor-element elementor-element-1cab5e96\" data-id=\"1cab5e96\" data-element_type=\"column\" data-e-type=\"column\">\n\t\t\t<div class=\"elementor-widget-wrap elementor-element-populated\">\n\t\t\t\t\t\t<div class=\"elementor-element elementor-element-4eb098c elementor-widget elementor-widget-heading\" data-id=\"4eb098c\" data-element_type=\"widget\" data-e-type=\"widget\" data-widget_type=\"heading.default\">\n\t\t\t\t\t<h2 class=\"elementor-heading-title elementor-size-default\">Erstattungspolitik<\/h2>\t\t\t\t<\/div>\n\t\t\t\t<div class=\"elementor-element elementor-element-353c8ce9 elementor-widget elementor-widget-text-editor\" data-id=\"353c8ce9\" data-element_type=\"widget\" data-e-type=\"widget\" data-widget_type=\"text-editor.default\">\n\t\t\t\t\t\t\t\t\t<p data-start=\"189\" data-end=\"342\">Zun\u00e4chst einmal m\u00f6chten wir Ihnen f\u00fcr Ihr Interesse am Kauf bei uns danken. Bitte lesen Sie unsere R\u00fcckerstattungsrichtlinien sorgf\u00e4ltig durch, bevor Sie Ihre Bestellung abschlie\u00dfen.<\/p><p data-start=\"344\" data-end=\"523\">Sobald Ihr Abonnement aktiviert ist (die Aktivierung erfolgt innerhalb von 24 Stunden nach der Bestellung), bieten wir eine <strong data-start=\"449\" data-end=\"490\">50% Erstattung des Abonnementbetrags<\/strong> wenn ein Erstattungsantrag genehmigt wird.<\/p><p data-start=\"525\" data-end=\"734\">Bevor eine Erstattung in Betracht gezogen wird, <strong data-start=\"558\" data-end=\"646\">wir werden unser Bestes tun, um Probleme zu beheben und sicherzustellen, dass Ihr Abonnement ordnungsgem\u00e4\u00df funktioniert<\/strong>. Dies kann technische \u00dcberpr\u00fcfungen, Unterst\u00fctzung bei der Konfiguration und \u00dcberpr\u00fcfung des Inhalts umfassen.<\/p><p data-start=\"736\" data-end=\"965\">Wenn best\u00e4tigt wird, dass der Dienst voll funktionsf\u00e4hig ist und es <strong data-start=\"806\" data-end=\"859\">keine technischen oder dienstleistungsbezogenen Probleme von unserer Seite aus<\/strong>, wird das Abonnement als wie versprochen geliefert betrachtet und <strong data-start=\"923\" data-end=\"964\">Sie haben keinen Anspruch auf eine Erstattung<\/strong>.<\/p><p data-start=\"967\" data-end=\"1005\">Um eine R\u00fcckerstattung zu beantragen, m\u00fcssen Sie Folgendes angeben:<\/p><ul data-start=\"1006\" data-end=\"1166\"><li data-start=\"1006\" data-end=\"1028\"><p data-start=\"1008\" data-end=\"1028\"><strong data-start=\"1008\" data-end=\"1028\">Zahlungsnachweis<\/strong><\/p><\/li><li data-start=\"1029\" data-end=\"1077\"><p data-start=\"1031\" data-end=\"1077\"><strong data-start=\"1031\" data-end=\"1077\">Nachweis, dass das Abonnement nicht funktioniert<\/strong><\/p><\/li><li data-start=\"1078\" data-end=\"1101\"><p data-start=\"1080\" data-end=\"1101\"><strong data-start=\"1080\" data-end=\"1101\">Datum der Bestellung<\/strong><\/p><\/li><li data-start=\"1102\" data-end=\"1166\"><p data-start=\"1104\" data-end=\"1166\"><strong data-start=\"1104\" data-end=\"1166\">Alle zus\u00e4tzlichen Informationen, die Ihren Fall unterst\u00fctzen k\u00f6nnen<\/strong><\/p><\/li><\/ul><p data-start=\"1168\" data-end=\"1304\">Sobald Ihr Antrag eingereicht ist, <strong data-start=\"1200\" data-end=\"1266\">unsere Abteilung f\u00fcr R\u00fcckerstattungen wird Sie f\u00fcr weitere Unterst\u00fctzung kontaktieren<\/strong> und f\u00fchren Sie durch die n\u00e4chsten Schritte.<\/p><p data-start=\"1306\" data-end=\"1445\">Bei Fragen, technischen Problemen oder Unklarheiten in Bezug auf unsere Inhalte oder diese R\u00fcckerstattungsrichtlinie wenden Sie sich bitte an uns - wir helfen Ihnen gerne weiter.<\/p>\t\t\t\t\t\t\t\t<\/div>\n\t\t\t\t\t<\/div>\n\t\t<\/div>\n\t\t\t\t\t<\/div>\n\t\t<\/section>\n\t\t\t\t<\/div>","protected":false},"excerpt":{"rendered":"<p>Refund Policy First of all, we would like to thank you for your interest in purchasing from us. Please review our refund policy carefully before completing your order. Once your subscription is activated (activation occurs within 24 hours of placing the order), we offer a 50% refund of the subscription amount if a refund request&#8230;<\/p>","protected":false},"author":1,"featured_media":0,"parent":0,"menu_order":0,"comment_status":"closed","ping_status":"closed","template":"","meta":{"_kadence_starter_templates_imported_post":false,"_kad_post_transparent":"","_kad_post_title":"","_kad_post_layout":"","_kad_post_sidebar_id":"","_kad_post_content_style":"","_kad_post_vertical_padding":"","_kad_post_feature":"","_kad_post_feature_position":"","_kad_post_header":false,"_kad_post_footer":false,"_kad_post_classname":"","_joinchat":[],"footnotes":""},"class_list":["post-10","page","type-page","status-publish","hentry"],"_links":{"self":[{"href":"https:\/\/dgtl-planet.media\/deutsch_iptv\/wp-json\/wp\/v2\/pages\/10","targetHints":{"allow":["GET"]}}],"collection":[{"href":"https:\/\/dgtl-planet.media\/deutsch_iptv\/wp-json\/wp\/v2\/pages"}],"about":[{"href":"https:\/\/dgtl-planet.media\/deutsch_iptv\/wp-json\/wp\/v2\/types\/page"}],"author":[{"embeddable":true,"href":"https:\/\/dgtl-planet.media\/deutsch_iptv\/wp-json\/wp\/v2\/users\/1"}],"replies":[{"embeddable":true,"href":"https:\/\/dgtl-planet.media\/deutsch_iptv\/wp-json\/wp\/v2\/comments?post=10"}],"version-history":[{"count":29,"href":"https:\/\/dgtl-planet.media\/deutsch_iptv\/wp-json\/wp\/v2\/pages\/10\/revisions"}],"predecessor-version":[{"id":8767,"href":"https:\/\/dgtl-planet.media\/deutsch_iptv\/wp-json\/wp\/v2\/pages\/10\/revisions\/8767"}],"wp:attachment":[{"href":"https:\/\/dgtl-planet.media\/deutsch_iptv\/wp-json\/wp\/v2\/media?parent=10"}],"curies":[{"name":"wp","href":"https:\/\/api.w.org\/{rel}","templated":true}]}}